{"id":579,"date":"2023-11-02T14:46:45","date_gmt":"2023-11-02T13:46:45","guid":{"rendered":"https:\/\/gardenrelais.it\/?post_type=product&#038;p=579"},"modified":"2023-11-17T12:00:16","modified_gmt":"2023-11-17T11:00:16","slug":"trattamento-detossinante-snellente","status":"publish","type":"product","link":"https:\/\/gardenrelais.it\/de\/prodotto\/trattamento-detossinante-snellente\/","title":{"rendered":"Entgiftende Schlankheitsbehandlung"},"content":{"rendered":"","protected":false},"excerpt":{"rendered":"<p>Wunderbare Packung auf Basis von Laminaria- und Digitata-Algen f\u00fcr eine straffe und kompakte Haut mit anschlie\u00dfender straffender Massage der behandelten Stellen.<br \/>\nDie gro\u00dfe Kraft der Meeresalgen wirkt schlank und hilft unserem K\u00f6rper, \u00fcbersch\u00fcssige Fl\u00fcssigkeiten wieder aufzunehmen.<\/p>\n<p><strong>Dauer: 50 minuten<\/strong><\/p>\n","protected":false},"featured_media":1239,"template":"","meta":{"neve_meta_sidebar":"","neve_meta_container":"","neve_meta_enable_content_width":"off","neve_meta_content_width":100,"neve_meta_title_alignment":"","neve_meta_author_avatar":"","neve_post_elements_order":"","neve_meta_disable_header":"","neve_meta_disable_footer":"","neve_meta_disable_title":""},"product_cat":[31],"product_tag":[],"class_list":{"0":"post-579","1":"product","2":"type-product","3":"status-publish","4":"has-post-thumbnail","6":"product_cat-rituali-benessere-corpo","8":"first","9":"instock","10":"shipping-taxable","11":"purchasable","12":"product-type-simple"},"_links":{"self":[{"href":"https:\/\/gardenrelais.it\/de\/wp-json\/wp\/v2\/product\/579","targetHints":{"allow":["GET"]}}],"collection":[{"href":"https:\/\/gardenrelais.it\/de\/wp-json\/wp\/v2\/product"}],"about":[{"href":"https:\/\/gardenrelais.it\/de\/wp-json\/wp\/v2\/types\/product"}],"wp:featuredmedia":[{"embeddable":true,"href":"https:\/\/gardenrelais.it\/de\/wp-json\/wp\/v2\/media\/1239"}],"wp:attachment":[{"href":"https:\/\/gardenrelais.it\/de\/wp-json\/wp\/v2\/media?parent=579"}],"wp:term":[{"taxonomy":"product_cat","embeddable":true,"href":"https:\/\/gardenrelais.it\/de\/wp-json\/wp\/v2\/product_cat?post=579"},{"taxonomy":"product_tag","embeddable":true,"href":"https:\/\/gardenrelais.it\/de\/wp-json\/wp\/v2\/product_tag?post=579"}],"curies":[{"name":"wp","href":"https:\/\/api.w.org\/{rel}","templated":true}]}}