{"id":578,"date":"2023-11-02T14:46:45","date_gmt":"2023-11-02T13:46:45","guid":{"rendered":"https:\/\/gardenrelais.it\/?post_type=product&#038;p=578"},"modified":"2024-04-09T09:09:25","modified_gmt":"2024-04-09T07:09:25","slug":"trattamento-silhouette-modellante","status":"publish","type":"product","link":"https:\/\/gardenrelais.it\/de\/prodotto\/trattamento-silhouette-modellante\/","title":{"rendered":"Modellierung der Silhouettenbehandlung"},"content":{"rendered":"","protected":false},"excerpt":{"rendered":"<p>Ein Weg, der Ihnen ein angenehmes Gef\u00fchl von Leichtigkeit vermitteln soll.<br \/>\nK\u00f6rperpeeling auf der Basis von Mandel\u00f6l und Salz aus dem Toten Meer, gefolgt von einer entw\u00e4ssernden Massage f\u00fcr eine vollst\u00e4ndige Entgiftungswirkung.<\/p>\n<p><strong>Dauer: 50 minuten<\/strong><\/p>\n","protected":false},"featured_media":16308,"template":"","meta":{"neve_meta_sidebar":"","neve_meta_container":"","neve_meta_enable_content_width":"off","neve_meta_content_width":100,"neve_meta_title_alignment":"","neve_meta_author_avatar":"","neve_post_elements_order":"","neve_meta_disable_header":"","neve_meta_disable_footer":"","neve_meta_disable_title":""},"product_cat":[31],"product_tag":[],"class_list":{"0":"post-578","1":"product","2":"type-product","3":"status-publish","4":"has-post-thumbnail","6":"product_cat-rituali-benessere-corpo","8":"first","9":"instock","10":"shipping-taxable","11":"purchasable","12":"product-type-simple"},"publishpress_future_action":{"enabled":false,"date":"2026-04-16 18:00:28","action":"change-status","newStatus":"draft","terms":[],"taxonomy":"product_type","extraData":[]},"publishpress_future_workflow_manual_trigger":{"enabledWorkflows":[]},"_links":{"self":[{"href":"https:\/\/gardenrelais.it\/de\/wp-json\/wp\/v2\/product\/578","targetHints":{"allow":["GET"]}}],"collection":[{"href":"https:\/\/gardenrelais.it\/de\/wp-json\/wp\/v2\/product"}],"about":[{"href":"https:\/\/gardenrelais.it\/de\/wp-json\/wp\/v2\/types\/product"}],"wp:featuredmedia":[{"embeddable":true,"href":"https:\/\/gardenrelais.it\/de\/wp-json\/wp\/v2\/media\/16308"}],"wp:attachment":[{"href":"https:\/\/gardenrelais.it\/de\/wp-json\/wp\/v2\/media?parent=578"}],"wp:term":[{"taxonomy":"product_cat","embeddable":true,"href":"https:\/\/gardenrelais.it\/de\/wp-json\/wp\/v2\/product_cat?post=578"},{"taxonomy":"product_tag","embeddable":true,"href":"https:\/\/gardenrelais.it\/de\/wp-json\/wp\/v2\/product_tag?post=578"}],"curies":[{"name":"wp","href":"https:\/\/api.w.org\/{rel}","templated":true}]}}