{"id":575,"date":"2023-11-02T14:46:45","date_gmt":"2023-11-02T13:46:45","guid":{"rendered":"https:\/\/gardenrelais.it\/?post_type=product&#038;p=575"},"modified":"2024-11-19T08:42:05","modified_gmt":"2024-11-19T07:42:05","slug":"face-ritual-touch","status":"publish","type":"product","link":"https:\/\/gardenrelais.it\/de\/prodotto\/face-ritual-touch\/","title":{"rendered":"Face Ritual Touch"},"content":{"rendered":"","protected":false},"excerpt":{"rendered":"<p>Regenerierende Gesichts- und Dekollet\u00e9massage mit straffender, entspannender und angi-aging Wirkung.<br \/>\nDank der Stimulation bestimmter Punkte reaktiviert es die Mikrozirkulation mit Ergebnissen von Elastizit\u00e4t und Hautton und einem allgemeinen Gef\u00fchl der Entspannung im ganzen K\u00f6rper.<\/p>\n<p><strong>Dauer: 60 minuten<\/strong><\/p>\n","protected":false},"featured_media":605,"template":"","meta":{"neve_meta_sidebar":"","neve_meta_container":"","neve_meta_enable_content_width":"off","neve_meta_content_width":100,"neve_meta_title_alignment":"","neve_meta_author_avatar":"","neve_post_elements_order":"","neve_meta_disable_header":"","neve_meta_disable_footer":"","neve_meta_disable_title":""},"product_cat":[26],"product_tag":[],"class_list":{"0":"post-575","1":"product","2":"type-product","3":"status-publish","4":"has-post-thumbnail","6":"product_cat-trattamenti-viso","8":"first","9":"instock","10":"shipping-taxable","11":"purchasable","12":"product-type-simple"},"publishpress_future_action":{"enabled":false,"date":"2026-04-16 17:40:44","action":"change-status","newStatus":"draft","terms":[],"taxonomy":"product_type","extraData":[]},"publishpress_future_workflow_manual_trigger":{"enabledWorkflows":[]},"_links":{"self":[{"href":"https:\/\/gardenrelais.it\/de\/wp-json\/wp\/v2\/product\/575","targetHints":{"allow":["GET"]}}],"collection":[{"href":"https:\/\/gardenrelais.it\/de\/wp-json\/wp\/v2\/product"}],"about":[{"href":"https:\/\/gardenrelais.it\/de\/wp-json\/wp\/v2\/types\/product"}],"wp:featuredmedia":[{"embeddable":true,"href":"https:\/\/gardenrelais.it\/de\/wp-json\/wp\/v2\/media\/605"}],"wp:attachment":[{"href":"https:\/\/gardenrelais.it\/de\/wp-json\/wp\/v2\/media?parent=575"}],"wp:term":[{"taxonomy":"product_cat","embeddable":true,"href":"https:\/\/gardenrelais.it\/de\/wp-json\/wp\/v2\/product_cat?post=575"},{"taxonomy":"product_tag","embeddable":true,"href":"https:\/\/gardenrelais.it\/de\/wp-json\/wp\/v2\/product_tag?post=575"}],"curies":[{"name":"wp","href":"https:\/\/api.w.org\/{rel}","templated":true}]}}