{"id":574,"date":"2023-11-02T14:46:45","date_gmt":"2023-11-02T13:46:45","guid":{"rendered":"https:\/\/gardenrelais.it\/?post_type=product&#038;p=574"},"modified":"2025-06-05T08:35:29","modified_gmt":"2025-06-05T06:35:29","slug":"trattamento-lumin-eclat","status":"publish","type":"product","link":"https:\/\/gardenrelais.it\/de\/prodotto\/trattamento-lumin-eclat\/","title":{"rendered":"LUMIN\u2019 E\u2019CLAT-Behandlung"},"content":{"rendered":"","protected":false},"excerpt":{"rendered":"<p><strong>NEU<\/strong> wunderbare Behandlung zur Aufhellung der Haut von Gesicht, Hals und Dekollet\u00e9. Dank der Wirkstoffe der Rose de Provence, einer Infusion von Phyton\u00e4hrstoffen und einer exklusiven sensorischen Textur spendet diese Behandlung Feuchtigkeit, n\u00e4hrt, remineralisiert, minimiert Poren und feine Linien und sch\u00fctzt vor Sch\u00e4den durch oxidativen Stress aufgrund eines gesch\u00e4ftigen Lebensstils und Blaulichtbelichtung.<\/p>\n<p><strong>Dauer: 60 minuten<\/strong><\/p>\n","protected":false},"featured_media":1412,"template":"","meta":{"neve_meta_sidebar":"","neve_meta_container":"","neve_meta_enable_content_width":"off","neve_meta_content_width":100,"neve_meta_title_alignment":"","neve_meta_author_avatar":"","neve_post_elements_order":"","neve_meta_disable_header":"","neve_meta_disable_footer":"","neve_meta_disable_title":""},"product_cat":[26],"product_tag":[],"class_list":{"0":"post-574","1":"product","2":"type-product","3":"status-publish","4":"has-post-thumbnail","6":"product_cat-trattamenti-viso","8":"first","9":"instock","10":"shipping-taxable","11":"purchasable","12":"product-type-simple"},"publishpress_future_action":{"enabled":false,"date":"2026-04-16 17:36:54","action":"change-status","newStatus":"draft","terms":[],"taxonomy":"product_type","extraData":[]},"publishpress_future_workflow_manual_trigger":{"enabledWorkflows":[]},"_links":{"self":[{"href":"https:\/\/gardenrelais.it\/de\/wp-json\/wp\/v2\/product\/574","targetHints":{"allow":["GET"]}}],"collection":[{"href":"https:\/\/gardenrelais.it\/de\/wp-json\/wp\/v2\/product"}],"about":[{"href":"https:\/\/gardenrelais.it\/de\/wp-json\/wp\/v2\/types\/product"}],"wp:featuredmedia":[{"embeddable":true,"href":"https:\/\/gardenrelais.it\/de\/wp-json\/wp\/v2\/media\/1412"}],"wp:attachment":[{"href":"https:\/\/gardenrelais.it\/de\/wp-json\/wp\/v2\/media?parent=574"}],"wp:term":[{"taxonomy":"product_cat","embeddable":true,"href":"https:\/\/gardenrelais.it\/de\/wp-json\/wp\/v2\/product_cat?post=574"},{"taxonomy":"product_tag","embeddable":true,"href":"https:\/\/gardenrelais.it\/de\/wp-json\/wp\/v2\/product_tag?post=574"}],"curies":[{"name":"wp","href":"https:\/\/api.w.org\/{rel}","templated":true}]}}