{"id":573,"date":"2023-11-02T14:46:44","date_gmt":"2023-11-02T13:46:44","guid":{"rendered":"https:\/\/gardenrelais.it\/?post_type=product&#038;p=573"},"modified":"2023-11-03T08:57:13","modified_gmt":"2023-11-03T07:57:13","slug":"trattamento-sensi-repair","status":"publish","type":"product","link":"https:\/\/gardenrelais.it\/de\/prodotto\/trattamento-sensi-repair\/","title":{"rendered":"Sensi Repair-Behandlung"},"content":{"rendered":"","protected":false},"excerpt":{"rendered":"<p>Bei ger\u00f6teter und gereizter Haut, auch spezifisch bei Couperose.<br \/>\nDie R\u00fcckkehr zur Stabilit\u00e4t: Die Produkte wurden f\u00fcr die Behandlung empfindlicher und\/oder gereizter Haut entwickelt.<br \/>\nDiese dermatologisch getestete Linie regt gezielt die Mikrozirkulation an und st\u00e4rkt die Kapillarw\u00e4nde.<br \/>\nDie Haut wird sichtbar beruhigt und vor der Bildung neuer R\u00f6tungen bewahrt.<br \/>\nIn Kombination wird eine gezielte Massage durchgef\u00fchrt, um Verspannungen zu l\u00f6sen und den Halswirbelbereich zu entspannen.<\/p>\n<p><strong>Dauer: 60 minuten<\/strong><\/p>\n","protected":false},"featured_media":603,"template":"","meta":{"neve_meta_sidebar":"","neve_meta_container":"","neve_meta_enable_content_width":"","neve_meta_content_width":0,"neve_meta_title_alignment":"","neve_meta_author_avatar":"","neve_post_elements_order":"","neve_meta_disable_header":"","neve_meta_disable_footer":"","neve_meta_disable_title":""},"product_cat":[26],"product_tag":[],"class_list":{"0":"post-573","1":"product","2":"type-product","3":"status-publish","4":"has-post-thumbnail","6":"product_cat-trattamenti-viso","8":"first","9":"instock","10":"shipping-taxable","11":"purchasable","12":"product-type-simple"},"publishpress_future_action":{"enabled":false,"date":"2026-04-16 18:08:40","action":"change-status","newStatus":"draft","terms":[],"taxonomy":"product_type","extraData":[]},"publishpress_future_workflow_manual_trigger":{"enabledWorkflows":[]},"_links":{"self":[{"href":"https:\/\/gardenrelais.it\/de\/wp-json\/wp\/v2\/product\/573","targetHints":{"allow":["GET"]}}],"collection":[{"href":"https:\/\/gardenrelais.it\/de\/wp-json\/wp\/v2\/product"}],"about":[{"href":"https:\/\/gardenrelais.it\/de\/wp-json\/wp\/v2\/types\/product"}],"wp:featuredmedia":[{"embeddable":true,"href":"https:\/\/gardenrelais.it\/de\/wp-json\/wp\/v2\/media\/603"}],"wp:attachment":[{"href":"https:\/\/gardenrelais.it\/de\/wp-json\/wp\/v2\/media?parent=573"}],"wp:term":[{"taxonomy":"product_cat","embeddable":true,"href":"https:\/\/gardenrelais.it\/de\/wp-json\/wp\/v2\/product_cat?post=573"},{"taxonomy":"product_tag","embeddable":true,"href":"https:\/\/gardenrelais.it\/de\/wp-json\/wp\/v2\/product_tag?post=573"}],"curies":[{"name":"wp","href":"https:\/\/api.w.org\/{rel}","templated":true}]}}