{"id":572,"date":"2023-11-02T14:46:44","date_gmt":"2023-11-02T13:46:44","guid":{"rendered":"https:\/\/gardenrelais.it\/?post_type=product&#038;p=572"},"modified":"2023-11-03T08:57:17","modified_gmt":"2023-11-03T07:57:17","slug":"pacchetto-relax-uomo","status":"publish","type":"product","link":"https:\/\/gardenrelais.it\/de\/prodotto\/pacchetto-relax-uomo\/","title":{"rendered":"Relax-Paket f\u00fcr M\u00e4nner"},"content":{"rendered":"","protected":false},"excerpt":{"rendered":"<p>Mini-Paket f\u00fcr den Mann, der sich verw\u00f6hnen lassen m\u00f6chte:<\/p>\n<p>&#8211; Entspannende Massage f\u00fcr den ganzen K\u00f6rper oder konzentriert auf eine Spannungszone. <strong> (30 Minuten) <\/strong><br \/>\n&#8211; Reinigende und feuchtigkeitsspendende Gesichtsbehandlung. <strong> (30 Minuten) <\/strong><\/p>\n<p><strong>Gesamtdauer der Behandlungen: 60 Minuten<\/strong><\/p>\n","protected":false},"featured_media":602,"template":"","meta":{"neve_meta_sidebar":"","neve_meta_container":"","neve_meta_enable_content_width":"","neve_meta_content_width":0,"neve_meta_title_alignment":"","neve_meta_author_avatar":"","neve_post_elements_order":"","neve_meta_disable_header":"","neve_meta_disable_footer":"","neve_meta_disable_title":""},"product_cat":[22],"product_tag":[],"class_list":{"0":"post-572","1":"product","2":"type-product","3":"status-publish","4":"has-post-thumbnail","6":"product_cat-pacchetti-per-lui","8":"first","9":"instock","10":"shipping-taxable","11":"purchasable","12":"product-type-simple"},"publishpress_future_action":{"enabled":false,"date":"2026-04-16 19:02:56","action":"change-status","newStatus":"draft","terms":[],"taxonomy":"product_type","extraData":[]},"publishpress_future_workflow_manual_trigger":{"enabledWorkflows":[]},"_links":{"self":[{"href":"https:\/\/gardenrelais.it\/de\/wp-json\/wp\/v2\/product\/572","targetHints":{"allow":["GET"]}}],"collection":[{"href":"https:\/\/gardenrelais.it\/de\/wp-json\/wp\/v2\/product"}],"about":[{"href":"https:\/\/gardenrelais.it\/de\/wp-json\/wp\/v2\/types\/product"}],"wp:featuredmedia":[{"embeddable":true,"href":"https:\/\/gardenrelais.it\/de\/wp-json\/wp\/v2\/media\/602"}],"wp:attachment":[{"href":"https:\/\/gardenrelais.it\/de\/wp-json\/wp\/v2\/media?parent=572"}],"wp:term":[{"taxonomy":"product_cat","embeddable":true,"href":"https:\/\/gardenrelais.it\/de\/wp-json\/wp\/v2\/product_cat?post=572"},{"taxonomy":"product_tag","embeddable":true,"href":"https:\/\/gardenrelais.it\/de\/wp-json\/wp\/v2\/product_tag?post=572"}],"curies":[{"name":"wp","href":"https:\/\/api.w.org\/{rel}","templated":true}]}}