{"id":560,"date":"2023-11-02T14:46:27","date_gmt":"2023-11-02T13:46:27","guid":{"rendered":"https:\/\/gardenrelais.it\/?post_type=product&#038;p=560"},"modified":"2023-11-03T08:56:58","modified_gmt":"2023-11-03T07:56:58","slug":"trattamento-purificante","status":"publish","type":"product","link":"https:\/\/gardenrelais.it\/de\/prodotto\/trattamento-purificante\/","title":{"rendered":"Reinigende Behandlung"},"content":{"rendered":"","protected":false},"excerpt":{"rendered":"<p>Reinigend f\u00fcr unreine Haut, die eine Tiefenreinigung ben\u00f6tigt.<br \/>\nDiese Behandlung wirkt gegen Unreinheiten, indem sie den Talg normalisiert und die Haut kompakter macht.<br \/>\nGeeignet f\u00fcr alle, von Jugendlichen, die ihr Gesicht wieder ins Gleichgewicht bringen m\u00f6chten, bis hin zu M\u00e4nnern und \/ oder Frauen, die ein glattes, mattes und regelm\u00e4\u00dfiges Aussehen wiedererlangen m\u00f6chten.<br \/>\nIn Kombination wird eine gezielte Massage durchgef\u00fchrt, um Verspannungen zu l\u00f6sen und den Halswirbelbereich zu entspannen.<\/p>\n<p><strong>Dauer: 60 minuten<\/strong><\/p>\n","protected":false},"featured_media":571,"template":"","meta":{"neve_meta_sidebar":"","neve_meta_container":"","neve_meta_enable_content_width":"","neve_meta_content_width":0,"neve_meta_title_alignment":"","neve_meta_author_avatar":"","neve_post_elements_order":"","neve_meta_disable_header":"","neve_meta_disable_footer":"","neve_meta_disable_title":""},"product_cat":[26],"product_tag":[],"class_list":{"0":"post-560","1":"product","2":"type-product","3":"status-publish","4":"has-post-thumbnail","6":"product_cat-trattamenti-viso","8":"first","9":"instock","10":"shipping-taxable","11":"purchasable","12":"product-type-simple"},"publishpress_future_action":{"enabled":false,"date":"2026-04-16 16:32:15","action":"change-status","newStatus":"draft","terms":[],"taxonomy":"product_type","extraData":[]},"publishpress_future_workflow_manual_trigger":{"enabledWorkflows":[]},"_links":{"self":[{"href":"https:\/\/gardenrelais.it\/de\/wp-json\/wp\/v2\/product\/560","targetHints":{"allow":["GET"]}}],"collection":[{"href":"https:\/\/gardenrelais.it\/de\/wp-json\/wp\/v2\/product"}],"about":[{"href":"https:\/\/gardenrelais.it\/de\/wp-json\/wp\/v2\/types\/product"}],"wp:featuredmedia":[{"embeddable":true,"href":"https:\/\/gardenrelais.it\/de\/wp-json\/wp\/v2\/media\/571"}],"wp:attachment":[{"href":"https:\/\/gardenrelais.it\/de\/wp-json\/wp\/v2\/media?parent=560"}],"wp:term":[{"taxonomy":"product_cat","embeddable":true,"href":"https:\/\/gardenrelais.it\/de\/wp-json\/wp\/v2\/product_cat?post=560"},{"taxonomy":"product_tag","embeddable":true,"href":"https:\/\/gardenrelais.it\/de\/wp-json\/wp\/v2\/product_tag?post=560"}],"curies":[{"name":"wp","href":"https:\/\/api.w.org\/{rel}","templated":true}]}}