{"id":555,"date":"2023-11-02T14:46:26","date_gmt":"2023-11-02T13:46:26","guid":{"rendered":"https:\/\/gardenrelais.it\/?post_type=product&#038;p=555"},"modified":"2025-02-17T10:34:09","modified_gmt":"2025-02-17T09:34:09","slug":"con-i-tamponi-caldi","status":"publish","type":"product","link":"https:\/\/gardenrelais.it\/de\/prodotto\/con-i-tamponi-caldi\/","title":{"rendered":"Mit warmen Tampons"},"content":{"rendered":"","protected":false},"excerpt":{"rendered":"<p>Die Massage mit hei\u00dfen Pads mit Alpenkr\u00e4utern ist eine intensive Anwendung, die am ganzen K\u00f6rper durchgef\u00fchrt wird und mit rhythmischen Bewegungen des Pads und langsamen und einh\u00fcllenden manuellen Bewegungen durchgef\u00fchrt wird. Das verwendete warme Sesam\u00f6l macht diese Behandlung zu einem wohltuenden und angenehmen Moment f\u00fcr Sie.<\/p>\n<p><strong>Dauer: 50 oder 80 minuten<\/strong><\/p>\n","protected":false},"featured_media":1230,"template":"","meta":{"neve_meta_sidebar":"","neve_meta_container":"","neve_meta_enable_content_width":"off","neve_meta_content_width":100,"neve_meta_title_alignment":"","neve_meta_author_avatar":"","neve_post_elements_order":"","neve_meta_disable_header":"","neve_meta_disable_footer":"","neve_meta_disable_title":""},"product_cat":[24],"product_tag":[],"class_list":{"0":"post-555","1":"product","2":"type-product","3":"status-publish","4":"has-post-thumbnail","6":"product_cat-massaggi","8":"first","9":"instock","10":"shipping-taxable","11":"purchasable","12":"product-type-variable"},"publishpress_future_action":{"enabled":false,"date":"2026-04-23 20:26:21","action":"change-status","newStatus":"draft","terms":[],"taxonomy":"product_type","extraData":[]},"publishpress_future_workflow_manual_trigger":{"enabledWorkflows":[]},"_links":{"self":[{"href":"https:\/\/gardenrelais.it\/de\/wp-json\/wp\/v2\/product\/555","targetHints":{"allow":["GET"]}}],"collection":[{"href":"https:\/\/gardenrelais.it\/de\/wp-json\/wp\/v2\/product"}],"about":[{"href":"https:\/\/gardenrelais.it\/de\/wp-json\/wp\/v2\/types\/product"}],"wp:featuredmedia":[{"embeddable":true,"href":"https:\/\/gardenrelais.it\/de\/wp-json\/wp\/v2\/media\/1230"}],"wp:attachment":[{"href":"https:\/\/gardenrelais.it\/de\/wp-json\/wp\/v2\/media?parent=555"}],"wp:term":[{"taxonomy":"product_cat","embeddable":true,"href":"https:\/\/gardenrelais.it\/de\/wp-json\/wp\/v2\/product_cat?post=555"},{"taxonomy":"product_tag","embeddable":true,"href":"https:\/\/gardenrelais.it\/de\/wp-json\/wp\/v2\/product_tag?post=555"}],"curies":[{"name":"wp","href":"https:\/\/api.w.org\/{rel}","templated":true}]}}