{"id":554,"date":"2023-11-02T14:46:26","date_gmt":"2023-11-02T13:46:26","guid":{"rendered":"https:\/\/gardenrelais.it\/?post_type=product&#038;p=554"},"modified":"2025-02-17T10:33:16","modified_gmt":"2025-02-17T09:33:16","slug":"herbal-beauty-massage","status":"publish","type":"product","link":"https:\/\/gardenrelais.it\/de\/prodotto\/herbal-beauty-massage\/","title":{"rendered":"Herbal Beauty Massage"},"content":{"rendered":"","protected":false},"excerpt":{"rendered":"<p>Diese Massage, die auf der uralten Anwendung feinster Alpenkr\u00e4uter basiert, wirkt tiefgreifend, indem sie das Gewebe mit Sauerstoff versorgt und Vitalit\u00e4t verleiht. Die verschiedenen D\u00fcfte, die durch die im Produkt enthaltenen Kr\u00e4utermischungen entstehen, werden Ihren Geist auf dem Weg der Sinne in einen tiefen Kontakt mit der Natur bringen.<\/p>\n<p><strong>Dauer: 50 oder 80 minuten<\/strong><\/p>\n","protected":false},"featured_media":567,"template":"","meta":{"neve_meta_sidebar":"","neve_meta_container":"","neve_meta_enable_content_width":"off","neve_meta_content_width":100,"neve_meta_title_alignment":"","neve_meta_author_avatar":"","neve_post_elements_order":"","neve_meta_disable_header":"","neve_meta_disable_footer":"","neve_meta_disable_title":""},"product_cat":[24],"product_tag":[],"class_list":{"0":"post-554","1":"product","2":"type-product","3":"status-publish","4":"has-post-thumbnail","6":"product_cat-massaggi","8":"first","9":"instock","10":"shipping-taxable","11":"purchasable","12":"product-type-variable"},"publishpress_future_action":{"enabled":false,"date":"2026-04-12 13:24:53","action":"change-status","newStatus":"draft","terms":[],"taxonomy":"product_type","extraData":[]},"publishpress_future_workflow_manual_trigger":{"enabledWorkflows":[]},"_links":{"self":[{"href":"https:\/\/gardenrelais.it\/de\/wp-json\/wp\/v2\/product\/554","targetHints":{"allow":["GET"]}}],"collection":[{"href":"https:\/\/gardenrelais.it\/de\/wp-json\/wp\/v2\/product"}],"about":[{"href":"https:\/\/gardenrelais.it\/de\/wp-json\/wp\/v2\/types\/product"}],"wp:featuredmedia":[{"embeddable":true,"href":"https:\/\/gardenrelais.it\/de\/wp-json\/wp\/v2\/media\/567"}],"wp:attachment":[{"href":"https:\/\/gardenrelais.it\/de\/wp-json\/wp\/v2\/media?parent=554"}],"wp:term":[{"taxonomy":"product_cat","embeddable":true,"href":"https:\/\/gardenrelais.it\/de\/wp-json\/wp\/v2\/product_cat?post=554"},{"taxonomy":"product_tag","embeddable":true,"href":"https:\/\/gardenrelais.it\/de\/wp-json\/wp\/v2\/product_tag?post=554"}],"curies":[{"name":"wp","href":"https:\/\/api.w.org\/{rel}","templated":true}]}}