{"id":550,"date":"2023-11-02T14:46:26","date_gmt":"2023-11-02T13:46:26","guid":{"rendered":"https:\/\/gardenrelais.it\/?post_type=product&#038;p=550"},"modified":"2023-11-03T08:56:43","modified_gmt":"2023-11-03T07:56:43","slug":"pacchetto-dolce-attesa","status":"publish","type":"product","link":"https:\/\/gardenrelais.it\/de\/prodotto\/pacchetto-dolce-attesa\/","title":{"rendered":"Paket S\u00fc\u00dfes Warten"},"content":{"rendered":"","protected":false},"excerpt":{"rendered":"<p>Dieses Paket ist f\u00fcr Sie gedacht, die im Begriff sind, M\u00fctter zu werden, um Ihnen angenehme Momente der Entspannung in diesem Moment zu widmen. Wir bieten Ihnen an:<\/p>\n<p>\u2013 Gesichtsbehandlung, die die Bed\u00fcrfnisse einer Haut erfasst, die aufgrund von Schwangerschaft hormonellen Ver\u00e4nderungen unterliegt. Durch die Anwesenheit von Phyto-Extrakten wie Peony eignet sich diese Behandlung auch f\u00fcr die empfindlichste Haut. <strong>(Dauer 60 Minuten)<\/strong><\/p>\n<p>Bei Ihrer Wahl dann zwischen:<br \/>\n\u2013 Feines Handpeeling basierend auf Kamille und spezieller Creme-Anwendung mit milder Entspannungsmassage; <strong>(30 Minuten)<\/strong><br \/>\n\u2013 Feines Peeling f\u00fcr die F\u00fc\u00dfe mit Extrakten aus Aloe Vera, um sie weich und samtig zu machen, was der Anwendung einer speziellen Creme mit einer leichten, entspannenden Massage folgt. <strong>(30 Minuten)<\/strong><\/p>\n<p><strong>Total Dauer 90 Minuten<\/strong><\/p>\n","protected":false},"featured_media":564,"template":"","meta":{"neve_meta_sidebar":"","neve_meta_container":"","neve_meta_enable_content_width":"","neve_meta_content_width":0,"neve_meta_title_alignment":"","neve_meta_author_avatar":"","neve_post_elements_order":"","neve_meta_disable_header":"","neve_meta_disable_footer":"","neve_meta_disable_title":""},"product_cat":[21],"product_tag":[],"class_list":{"0":"post-550","1":"product","2":"type-product","3":"status-publish","4":"has-post-thumbnail","6":"product_cat-pacchetti-per-lei","8":"first","9":"instock","10":"shipping-taxable","11":"purchasable","12":"product-type-simple"},"_links":{"self":[{"href":"https:\/\/gardenrelais.it\/de\/wp-json\/wp\/v2\/product\/550","targetHints":{"allow":["GET"]}}],"collection":[{"href":"https:\/\/gardenrelais.it\/de\/wp-json\/wp\/v2\/product"}],"about":[{"href":"https:\/\/gardenrelais.it\/de\/wp-json\/wp\/v2\/types\/product"}],"wp:featuredmedia":[{"embeddable":true,"href":"https:\/\/gardenrelais.it\/de\/wp-json\/wp\/v2\/media\/564"}],"wp:attachment":[{"href":"https:\/\/gardenrelais.it\/de\/wp-json\/wp\/v2\/media?parent=550"}],"wp:term":[{"taxonomy":"product_cat","embeddable":true,"href":"https:\/\/gardenrelais.it\/de\/wp-json\/wp\/v2\/product_cat?post=550"},{"taxonomy":"product_tag","embeddable":true,"href":"https:\/\/gardenrelais.it\/de\/wp-json\/wp\/v2\/product_tag?post=550"}],"curies":[{"name":"wp","href":"https:\/\/api.w.org\/{rel}","templated":true}]}}