{"id":520,"date":"2023-11-02T14:46:04","date_gmt":"2023-11-02T13:46:04","guid":{"rendered":"https:\/\/gardenrelais.it\/?post_type=product&#038;p=520"},"modified":"2025-02-17T10:39:52","modified_gmt":"2025-02-17T09:39:52","slug":"aromatherapy-massage","status":"publish","type":"product","link":"https:\/\/gardenrelais.it\/de\/prodotto\/aromatherapy-massage\/","title":{"rendered":"Aromatherapy massage"},"content":{"rendered":"","protected":false},"excerpt":{"rendered":"<p>Diese Massage ist wunderbar f\u00fcr diejenigen, die in Kontakt mit Ihrem inneren Selbst zu bekommen m\u00f6chten.<br \/>\nDie Vorteile der \u00e4therischen \u00d6le f\u00fcr diese Massage verwendet k\u00f6nnen Sie Balance und Pr\u00e4senz von Geist und K\u00f6rper zu finden.<br \/>\nDie Essenzen werden pers\u00f6nlich von den Kunden, um jedes Mal Behandlung anpassen ausgew\u00e4hlt.<br \/>\nDamit wird die Aromatherapie-Massage ein Original und einzigartig.<\/p>\n<p><strong>Dauer: 50 oder 80 minuten<\/strong><\/p>\n","protected":false},"featured_media":561,"template":"","meta":{"neve_meta_sidebar":"","neve_meta_container":"","neve_meta_enable_content_width":"off","neve_meta_content_width":100,"neve_meta_title_alignment":"","neve_meta_author_avatar":"","neve_post_elements_order":"","neve_meta_disable_header":"","neve_meta_disable_footer":"","neve_meta_disable_title":""},"product_cat":[24],"product_tag":[],"class_list":{"0":"post-520","1":"product","2":"type-product","3":"status-publish","4":"has-post-thumbnail","6":"product_cat-massaggi","8":"first","9":"instock","10":"shipping-taxable","11":"purchasable","12":"product-type-variable"},"publishpress_future_action":{"enabled":false,"date":"2026-04-28 14:39:39","action":"change-status","newStatus":"draft","terms":[],"taxonomy":"product_type","extraData":[]},"publishpress_future_workflow_manual_trigger":{"enabledWorkflows":[]},"_links":{"self":[{"href":"https:\/\/gardenrelais.it\/de\/wp-json\/wp\/v2\/product\/520","targetHints":{"allow":["GET"]}}],"collection":[{"href":"https:\/\/gardenrelais.it\/de\/wp-json\/wp\/v2\/product"}],"about":[{"href":"https:\/\/gardenrelais.it\/de\/wp-json\/wp\/v2\/types\/product"}],"wp:featuredmedia":[{"embeddable":true,"href":"https:\/\/gardenrelais.it\/de\/wp-json\/wp\/v2\/media\/561"}],"wp:attachment":[{"href":"https:\/\/gardenrelais.it\/de\/wp-json\/wp\/v2\/media?parent=520"}],"wp:term":[{"taxonomy":"product_cat","embeddable":true,"href":"https:\/\/gardenrelais.it\/de\/wp-json\/wp\/v2\/product_cat?post=520"},{"taxonomy":"product_tag","embeddable":true,"href":"https:\/\/gardenrelais.it\/de\/wp-json\/wp\/v2\/product_tag?post=520"}],"curies":[{"name":"wp","href":"https:\/\/api.w.org\/{rel}","templated":true}]}}