{"id":517,"date":"2023-11-02T14:46:04","date_gmt":"2023-11-02T13:46:04","guid":{"rendered":"https:\/\/gardenrelais.it\/?post_type=product&#038;p=517"},"modified":"2025-02-17T10:36:59","modified_gmt":"2025-02-17T09:36:59","slug":"candle-massage","status":"publish","type":"product","link":"https:\/\/gardenrelais.it\/de\/prodotto\/candle-massage\/","title":{"rendered":"Kerze Massage"},"content":{"rendered":"","protected":false},"excerpt":{"rendered":"<p>Entspannende Massage mit Gem\u00fcse Butter.<br \/>\nAufgrund der niedrigen Schmelzpunkt wird das Wachs in einem warmen und feuchtigkeitsspendende Massage\u00f6l.<br \/>\nIn der traditionellen ayurvedischen ist das warme \u00d6l ein leistungsf\u00e4higes zu k\u00fcmmern sich um die Gesundheit und Psycho-physische Gleichgewicht<\/p>\n<p><strong>Dauer: 50 oder 80 minuten<\/strong><\/p>\n","protected":false},"featured_media":546,"template":"","meta":{"neve_meta_sidebar":"","neve_meta_container":"","neve_meta_enable_content_width":"off","neve_meta_content_width":100,"neve_meta_title_alignment":"","neve_meta_author_avatar":"","neve_post_elements_order":"","neve_meta_disable_header":"","neve_meta_disable_footer":"","neve_meta_disable_title":""},"product_cat":[24],"product_tag":[],"class_list":{"0":"post-517","1":"product","2":"type-product","3":"status-publish","4":"has-post-thumbnail","6":"product_cat-massaggi","8":"first","9":"instock","10":"shipping-taxable","11":"purchasable","12":"product-type-variable"},"publishpress_future_action":{"enabled":false,"date":"2026-04-12 13:18:29","action":"change-status","newStatus":"draft","terms":[],"taxonomy":"product_type","extraData":[]},"publishpress_future_workflow_manual_trigger":{"enabledWorkflows":[]},"_links":{"self":[{"href":"https:\/\/gardenrelais.it\/de\/wp-json\/wp\/v2\/product\/517","targetHints":{"allow":["GET"]}}],"collection":[{"href":"https:\/\/gardenrelais.it\/de\/wp-json\/wp\/v2\/product"}],"about":[{"href":"https:\/\/gardenrelais.it\/de\/wp-json\/wp\/v2\/types\/product"}],"wp:featuredmedia":[{"embeddable":true,"href":"https:\/\/gardenrelais.it\/de\/wp-json\/wp\/v2\/media\/546"}],"wp:attachment":[{"href":"https:\/\/gardenrelais.it\/de\/wp-json\/wp\/v2\/media?parent=517"}],"wp:term":[{"taxonomy":"product_cat","embeddable":true,"href":"https:\/\/gardenrelais.it\/de\/wp-json\/wp\/v2\/product_cat?post=517"},{"taxonomy":"product_tag","embeddable":true,"href":"https:\/\/gardenrelais.it\/de\/wp-json\/wp\/v2\/product_tag?post=517"}],"curies":[{"name":"wp","href":"https:\/\/api.w.org\/{rel}","templated":true}]}}