{"id":514,"date":"2023-11-02T14:46:04","date_gmt":"2023-11-02T13:46:04","guid":{"rendered":"https:\/\/gardenrelais.it\/?post_type=product&#038;p=514"},"modified":"2023-11-03T08:56:31","modified_gmt":"2023-11-03T07:56:31","slug":"pacchetto-benessere-alpino","status":"publish","type":"product","link":"https:\/\/gardenrelais.it\/de\/prodotto\/pacchetto-benessere-alpino\/","title":{"rendered":"Paket Alpines Wellness"},"content":{"rendered":"","protected":false},"excerpt":{"rendered":"<p><strong>Neues charakteristisches Paket f\u00fcr Paare. <\/strong><br \/>\nVitalisierende und erm\u00fcdungsfreie Heupackung f\u00fcr den R\u00fccken, gefolgt von einer entspannenden 50-min\u00fctigen Paarmassage und einem Moment der Entspannung mit Bergkr\u00e4utertee. Dieses Paket wurde f\u00fcr diejenigen entwickelt, die sich mit ihrem Partner verw\u00f6hnen und dabei die individuellen Bed\u00fcrfnisse respektieren m\u00f6chten. Es bietet Ihnen ein umh\u00fcllendes und angenehmes Wohlbefinden, um zu zweit zu leben.<\/p>\n<p><strong>Dauer: 50 Minuten<\/strong><\/p>\n","protected":false},"featured_media":542,"template":"","meta":{"neve_meta_sidebar":"","neve_meta_container":"","neve_meta_enable_content_width":"","neve_meta_content_width":0,"neve_meta_title_alignment":"","neve_meta_author_avatar":"","neve_post_elements_order":"","neve_meta_disable_header":"","neve_meta_disable_footer":"","neve_meta_disable_title":""},"product_cat":[23],"product_tag":[],"class_list":{"0":"post-514","1":"product","2":"type-product","3":"status-publish","4":"has-post-thumbnail","6":"product_cat-pacchetti-per-la-coppia","8":"first","9":"instock","10":"shipping-taxable","11":"purchasable","12":"product-type-simple"},"publishpress_future_action":{"enabled":false,"date":"2026-04-16 13:59:56","action":"change-status","newStatus":"draft","terms":[],"taxonomy":"product_type","extraData":[]},"publishpress_future_workflow_manual_trigger":{"enabledWorkflows":[]},"_links":{"self":[{"href":"https:\/\/gardenrelais.it\/de\/wp-json\/wp\/v2\/product\/514","targetHints":{"allow":["GET"]}}],"collection":[{"href":"https:\/\/gardenrelais.it\/de\/wp-json\/wp\/v2\/product"}],"about":[{"href":"https:\/\/gardenrelais.it\/de\/wp-json\/wp\/v2\/types\/product"}],"wp:featuredmedia":[{"embeddable":true,"href":"https:\/\/gardenrelais.it\/de\/wp-json\/wp\/v2\/media\/542"}],"wp:attachment":[{"href":"https:\/\/gardenrelais.it\/de\/wp-json\/wp\/v2\/media?parent=514"}],"wp:term":[{"taxonomy":"product_cat","embeddable":true,"href":"https:\/\/gardenrelais.it\/de\/wp-json\/wp\/v2\/product_cat?post=514"},{"taxonomy":"product_tag","embeddable":true,"href":"https:\/\/gardenrelais.it\/de\/wp-json\/wp\/v2\/product_tag?post=514"}],"curies":[{"name":"wp","href":"https:\/\/api.w.org\/{rel}","templated":true}]}}