{"id":512,"date":"2023-11-02T14:46:03","date_gmt":"2023-11-02T13:46:03","guid":{"rendered":"https:\/\/gardenrelais.it\/?post_type=product&#038;p=512"},"modified":"2024-02-06T08:58:54","modified_gmt":"2024-02-06T07:58:54","slug":"pacchetto-garden-love","status":"publish","type":"product","link":"https:\/\/gardenrelais.it\/de\/prodotto\/pacchetto-garden-love\/","title":{"rendered":"PAKETE Garden Love"},"content":{"rendered":"","protected":false},"excerpt":{"rendered":"<p>Die Kombination der Pakete \u201eWellness\u201c f\u00fcr Ihn und \u201eHarmonie\u201c f\u00fcr Sie ist das Ergebnis eines wundervollen Moments, der dem Paar gewidmet ist und gleichzeitig die individuellen Bed\u00fcrfnisse respektiert.<\/p>\n<p>F\u00fcr beide eine 50-min\u00fctige Massage und eine 30-min\u00fctige Augen-Gesichtsbehandlung: Die K\u00f6rpermassage mit Hilfe von Zirbenholz wird f\u00fcr M\u00e4nner entspannend sein, w\u00e4hrend ein Mix aus Entspannung f\u00fcr den R\u00fccken und Entw\u00e4sserung f\u00fcr die Beine ein Allheilmittel sein wird Frauen.<br \/>\nDie garantierte Entspannung mit Kr\u00e4utertee am Ende der Behandlung in der Paarkabine macht diesen Moment zu zweit noch magischer; weil Wohlbefinden und Harmonie im Einklang zu v\u00f6lligem Seelenfrieden f\u00fchren.<\/p>\n<p><strong>Dauer: 80 Minuten in der Kabine<\/strong><\/p>\n","protected":false},"featured_media":543,"template":"","meta":{"neve_meta_sidebar":"","neve_meta_container":"","neve_meta_enable_content_width":"off","neve_meta_content_width":100,"neve_meta_title_alignment":"","neve_meta_author_avatar":"","neve_post_elements_order":"","neve_meta_disable_header":"","neve_meta_disable_footer":"","neve_meta_disable_title":""},"product_cat":[23],"product_tag":[],"class_list":{"0":"post-512","1":"product","2":"type-product","3":"status-publish","4":"has-post-thumbnail","6":"product_cat-pacchetti-per-la-coppia","8":"first","9":"instock","10":"shipping-taxable","11":"purchasable","12":"product-type-simple"},"_links":{"self":[{"href":"https:\/\/gardenrelais.it\/de\/wp-json\/wp\/v2\/product\/512","targetHints":{"allow":["GET"]}}],"collection":[{"href":"https:\/\/gardenrelais.it\/de\/wp-json\/wp\/v2\/product"}],"about":[{"href":"https:\/\/gardenrelais.it\/de\/wp-json\/wp\/v2\/types\/product"}],"wp:featuredmedia":[{"embeddable":true,"href":"https:\/\/gardenrelais.it\/de\/wp-json\/wp\/v2\/media\/543"}],"wp:attachment":[{"href":"https:\/\/gardenrelais.it\/de\/wp-json\/wp\/v2\/media?parent=512"}],"wp:term":[{"taxonomy":"product_cat","embeddable":true,"href":"https:\/\/gardenrelais.it\/de\/wp-json\/wp\/v2\/product_cat?post=512"},{"taxonomy":"product_tag","embeddable":true,"href":"https:\/\/gardenrelais.it\/de\/wp-json\/wp\/v2\/product_tag?post=512"}],"curies":[{"name":"wp","href":"https:\/\/api.w.org\/{rel}","templated":true}]}}