{"id":511,"date":"2023-11-02T14:46:03","date_gmt":"2023-11-02T13:46:03","guid":{"rendered":"https:\/\/gardenrelais.it\/?post_type=product&#038;p=511"},"modified":"2023-11-03T08:55:27","modified_gmt":"2023-11-03T07:55:27","slug":"pacchetto-feel-in-love","status":"publish","type":"product","link":"https:\/\/gardenrelais.it\/de\/prodotto\/pacchetto-feel-in-love\/","title":{"rendered":"Paket Feel in Love"},"content":{"rendered":"","protected":false},"excerpt":{"rendered":"<p>Dieses Paket richtet sich an Sie mit einer speziellen Wellness-Liebhaber.<br \/>\nFeiern Sie ein Jubil\u00e4um, f\u00fcr eine einmalige Gelegenheit, Liebe und Gelassenheit zu teilen, indem Sie einen Tag zusammen verbringen.<br \/>\nDie Wiege der Romantik Garden Relais SPA bietet: feuchtigkeitsspendend Peeling und Entw\u00e4sserung f\u00fcr ihn, f\u00fcr sie, gefolgt von einer harmonischen Massage von 50 Minuten; alle in einer fr\u00fchen SPA-Suite, die ausschlie\u00dflich f\u00fcr Sie reserviert, wird durchgef\u00fchrt.<br \/>\nChrom-Therapie Dusche geben Ihnen angenehme Momente der Stille.<br \/>\nAm Ende der Behandlung einen warmen Kr\u00e4utertee, in Frieden zu genie\u00dfen.<\/p>\n<p><strong>Dauer: 120 minuten<\/strong><\/p>\n<p>F\u00fcr weitere Informationen rufen Sie uns an <a href=\"tel:+390423914874\">0423 914874<\/a><\/p>\n","protected":false},"featured_media":541,"template":"","meta":{"neve_meta_sidebar":"","neve_meta_container":"","neve_meta_enable_content_width":"","neve_meta_content_width":0,"neve_meta_title_alignment":"","neve_meta_author_avatar":"","neve_post_elements_order":"","neve_meta_disable_header":"","neve_meta_disable_footer":"","neve_meta_disable_title":""},"product_cat":[23],"product_tag":[],"class_list":{"0":"post-511","1":"product","2":"type-product","3":"status-publish","4":"has-post-thumbnail","6":"product_cat-pacchetti-per-la-coppia","8":"first","9":"instock","10":"shipping-taxable","11":"purchasable","12":"product-type-simple"},"publishpress_future_action":{"enabled":false,"date":"2026-04-16 20:43:37","action":"change-status","newStatus":"draft","terms":[],"taxonomy":"product_type","extraData":[]},"publishpress_future_workflow_manual_trigger":{"enabledWorkflows":[]},"_links":{"self":[{"href":"https:\/\/gardenrelais.it\/de\/wp-json\/wp\/v2\/product\/511","targetHints":{"allow":["GET"]}}],"collection":[{"href":"https:\/\/gardenrelais.it\/de\/wp-json\/wp\/v2\/product"}],"about":[{"href":"https:\/\/gardenrelais.it\/de\/wp-json\/wp\/v2\/types\/product"}],"wp:featuredmedia":[{"embeddable":true,"href":"https:\/\/gardenrelais.it\/de\/wp-json\/wp\/v2\/media\/541"}],"wp:attachment":[{"href":"https:\/\/gardenrelais.it\/de\/wp-json\/wp\/v2\/media?parent=511"}],"wp:term":[{"taxonomy":"product_cat","embeddable":true,"href":"https:\/\/gardenrelais.it\/de\/wp-json\/wp\/v2\/product_cat?post=511"},{"taxonomy":"product_tag","embeddable":true,"href":"https:\/\/gardenrelais.it\/de\/wp-json\/wp\/v2\/product_tag?post=511"}],"curies":[{"name":"wp","href":"https:\/\/api.w.org\/{rel}","templated":true}]}}