{"id":510,"date":"2023-11-02T14:46:03","date_gmt":"2023-11-02T13:46:03","guid":{"rendered":"https:\/\/gardenrelais.it\/?post_type=product&#038;p=510"},"modified":"2023-11-07T14:39:12","modified_gmt":"2023-11-07T13:39:12","slug":"pacchetto-un-amore-di-benessere","status":"publish","type":"product","link":"https:\/\/gardenrelais.it\/de\/prodotto\/pacchetto-un-amore-di-benessere\/","title":{"rendered":"PAKETE Eine Liebe des Wohlbefindens"},"content":{"rendered":"","protected":false},"excerpt":{"rendered":"<p>Wunderbares Paket f\u00fcr das Paar. Entspannende Massage f\u00fcr beide mit s\u00fc\u00dfem Mandel\u00f6l, um die Haut tief zu n\u00e4hren und sie noch elastischer zu machen. Anschliessend ein fruchtiger alkoholfreier Aperitif mit Fruchtspiesschen zum in Ruhe geniessen.<\/p>\n<p><strong>Dauer: 30 oder 50 minuten<\/strong><\/p>\n<p>F\u00fcr weitere Informationen rufen Sie uns an <a href=\"tel:+390423914874\">0423 914874<\/a><\/p>\n","protected":false},"featured_media":540,"template":"","meta":{"neve_meta_sidebar":"","neve_meta_container":"","neve_meta_enable_content_width":"","neve_meta_content_width":0,"neve_meta_title_alignment":"","neve_meta_author_avatar":"","neve_post_elements_order":"","neve_meta_disable_header":"","neve_meta_disable_footer":"","neve_meta_disable_title":""},"product_cat":[23],"product_tag":[],"class_list":{"0":"post-510","1":"product","2":"type-product","3":"status-publish","4":"has-post-thumbnail","6":"product_cat-pacchetti-per-la-coppia","8":"first","9":"instock","10":"shipping-taxable","11":"purchasable","12":"product-type-variable"},"publishpress_future_action":{"enabled":false,"date":"2026-04-16 15:19:43","action":"change-status","newStatus":"draft","terms":[],"taxonomy":"product_type","extraData":[]},"publishpress_future_workflow_manual_trigger":{"enabledWorkflows":[]},"_links":{"self":[{"href":"https:\/\/gardenrelais.it\/de\/wp-json\/wp\/v2\/product\/510","targetHints":{"allow":["GET"]}}],"collection":[{"href":"https:\/\/gardenrelais.it\/de\/wp-json\/wp\/v2\/product"}],"about":[{"href":"https:\/\/gardenrelais.it\/de\/wp-json\/wp\/v2\/types\/product"}],"wp:featuredmedia":[{"embeddable":true,"href":"https:\/\/gardenrelais.it\/de\/wp-json\/wp\/v2\/media\/540"}],"wp:attachment":[{"href":"https:\/\/gardenrelais.it\/de\/wp-json\/wp\/v2\/media?parent=510"}],"wp:term":[{"taxonomy":"product_cat","embeddable":true,"href":"https:\/\/gardenrelais.it\/de\/wp-json\/wp\/v2\/product_cat?post=510"},{"taxonomy":"product_tag","embeddable":true,"href":"https:\/\/gardenrelais.it\/de\/wp-json\/wp\/v2\/product_tag?post=510"}],"curies":[{"name":"wp","href":"https:\/\/api.w.org\/{rel}","templated":true}]}}