{"id":509,"date":"2023-11-02T14:46:03","date_gmt":"2023-11-02T13:46:03","guid":{"rendered":"https:\/\/gardenrelais.it\/?post_type=product&#038;p=509"},"modified":"2024-03-21T12:11:41","modified_gmt":"2024-03-21T11:11:41","slug":"pacchetto-garden-wellness","status":"publish","type":"product","link":"https:\/\/gardenrelais.it\/de\/prodotto\/pacchetto-garden-wellness\/","title":{"rendered":"Paket Garden Wellness"},"content":{"rendered":"","protected":false},"excerpt":{"rendered":"<p>F\u00fcr ihn entworfenes Paket, das Folgendes beinhaltet:<\/p>\n<p>\u2013 Entspannende und entspannende Massage mit Kiefernholz, gleichzeitig aber auch zur Linderung von Muskelverspannungen aufgrund von Stress und\/oder K\u00f6rperhaltung geeignet. Unsere Ergonomie ist wichtig und daf\u00fcr k\u00fcmmern wir uns um unseren K\u00f6rper, um ein psycho-physisches Gleichgewicht wiederherzustellen. <strong>(Dauer 50 Minuten)<\/strong><\/p>\n<p>\u2013 Homme Mini Face-Eyes-Behandlung zur Regeneration der Gesichtshaut, aber auch zur Wiederbelebung der m\u00fcden Augenpartie. <strong>(Dauer 30 Minuten)<\/strong><\/p>\n<p><strong>Gesamtdauer der Behandlung: 80 Minuten<\/strong><\/p>\n","protected":false},"featured_media":16244,"template":"","meta":{"neve_meta_sidebar":"","neve_meta_container":"","neve_meta_enable_content_width":"off","neve_meta_content_width":100,"neve_meta_title_alignment":"","neve_meta_author_avatar":"","neve_post_elements_order":"","neve_meta_disable_header":"","neve_meta_disable_footer":"","neve_meta_disable_title":""},"product_cat":[22],"product_tag":[],"class_list":{"0":"post-509","1":"product","2":"type-product","3":"status-publish","4":"has-post-thumbnail","6":"product_cat-pacchetti-per-lui","8":"first","9":"instock","10":"shipping-taxable","11":"purchasable","12":"product-type-simple"},"publishpress_future_action":{"enabled":false,"date":"2026-04-16 16:33:11","action":"change-status","newStatus":"draft","terms":[],"taxonomy":"product_type","extraData":[]},"publishpress_future_workflow_manual_trigger":{"enabledWorkflows":[]},"_links":{"self":[{"href":"https:\/\/gardenrelais.it\/de\/wp-json\/wp\/v2\/product\/509","targetHints":{"allow":["GET"]}}],"collection":[{"href":"https:\/\/gardenrelais.it\/de\/wp-json\/wp\/v2\/product"}],"about":[{"href":"https:\/\/gardenrelais.it\/de\/wp-json\/wp\/v2\/types\/product"}],"wp:featuredmedia":[{"embeddable":true,"href":"https:\/\/gardenrelais.it\/de\/wp-json\/wp\/v2\/media\/16244"}],"wp:attachment":[{"href":"https:\/\/gardenrelais.it\/de\/wp-json\/wp\/v2\/media?parent=509"}],"wp:term":[{"taxonomy":"product_cat","embeddable":true,"href":"https:\/\/gardenrelais.it\/de\/wp-json\/wp\/v2\/product_cat?post=509"},{"taxonomy":"product_tag","embeddable":true,"href":"https:\/\/gardenrelais.it\/de\/wp-json\/wp\/v2\/product_tag?post=509"}],"curies":[{"name":"wp","href":"https:\/\/api.w.org\/{rel}","templated":true}]}}