{"id":508,"date":"2023-11-02T14:46:03","date_gmt":"2023-11-02T13:46:03","guid":{"rendered":"https:\/\/gardenrelais.it\/?post_type=product&#038;p=508"},"modified":"2024-03-21T12:14:22","modified_gmt":"2024-03-21T11:14:22","slug":"pacchetto-arnica","status":"publish","type":"product","link":"https:\/\/gardenrelais.it\/de\/prodotto\/pacchetto-arnica\/","title":{"rendered":"Paket Arnika"},"content":{"rendered":"","protected":false},"excerpt":{"rendered":"<p>Dieses Paket wurde f\u00fcr M\u00e4nner entwickelt, die Muskelverspannungen durch festen Druck l\u00f6sen m\u00fcssen. Mit nat\u00fcrlichen Produkten und Extrakten von N\u00fctzlingen wie Arnika und Hypericum werden wir ein tiefgreifendes myofasziales Wohlbefinden vermitteln.<br \/>\n\u2013 Ein Peeling des K\u00f6rpers mit Arnika\u00f6l und Salz, um das Gewebe mit Sauerstoff zu versorgen und den Kreislauf zu reaktivieren. Hervorragend nach einem sportlichen Tag; <strong>(40 Minuten Dauer)<\/strong><\/p>\n<p>\u2013 Eine myofasziale Massage zur Linderung von Verspannungen und zur Entspannung der Muskeln, die durch die manuellen F\u00e4higkeiten und die W\u00e4rme der warmen Tampons auf der Basis von \u2013 Rosmarin, Arnika und Lavendel f\u00fcr eine regenerierende Wirkung auf das Gewebe ein Gef\u00fchl tiefer Entspannung vermittelt. <strong>(Dauer 80 Minuten)<\/strong><\/p>\n<p>\u2013 Eine Homme Intensive Gesichtsbehandlung, die zum Erwachen des Gesichts des Menschen geeignet ist, mit funktionellen Peeling- und Feuchtigkeitssubstanzen; <strong>(Dauer 30 Minuten)<\/strong><\/p>\n<p>Das Paket beinhaltet auch einen kleinen Moment der Entspannung, um einen angenehmen Kr\u00e4utertee mit saisonalen Aromen zu probieren.<\/p>\n<p><strong>Gesamtdauer der Behandlungen: 150 Minuten<\/strong><\/p>\n","protected":false},"featured_media":16243,"template":"","meta":{"neve_meta_sidebar":"","neve_meta_container":"","neve_meta_enable_content_width":"off","neve_meta_content_width":100,"neve_meta_title_alignment":"","neve_meta_author_avatar":"","neve_post_elements_order":"","neve_meta_disable_header":"","neve_meta_disable_footer":"","neve_meta_disable_title":""},"product_cat":[22],"product_tag":[],"class_list":{"0":"post-508","1":"product","2":"type-product","3":"status-publish","4":"has-post-thumbnail","6":"product_cat-pacchetti-per-lui","8":"first","9":"instock","10":"shipping-taxable","11":"purchasable","12":"product-type-simple"},"publishpress_future_action":{"enabled":false,"date":"2026-04-16 16:26:06","action":"change-status","newStatus":"draft","terms":[],"taxonomy":"product_type","extraData":[]},"publishpress_future_workflow_manual_trigger":{"enabledWorkflows":[]},"_links":{"self":[{"href":"https:\/\/gardenrelais.it\/de\/wp-json\/wp\/v2\/product\/508","targetHints":{"allow":["GET"]}}],"collection":[{"href":"https:\/\/gardenrelais.it\/de\/wp-json\/wp\/v2\/product"}],"about":[{"href":"https:\/\/gardenrelais.it\/de\/wp-json\/wp\/v2\/types\/product"}],"wp:featuredmedia":[{"embeddable":true,"href":"https:\/\/gardenrelais.it\/de\/wp-json\/wp\/v2\/media\/16243"}],"wp:attachment":[{"href":"https:\/\/gardenrelais.it\/de\/wp-json\/wp\/v2\/media?parent=508"}],"wp:term":[{"taxonomy":"product_cat","embeddable":true,"href":"https:\/\/gardenrelais.it\/de\/wp-json\/wp\/v2\/product_cat?post=508"},{"taxonomy":"product_tag","embeddable":true,"href":"https:\/\/gardenrelais.it\/de\/wp-json\/wp\/v2\/product_tag?post=508"}],"curies":[{"name":"wp","href":"https:\/\/api.w.org\/{rel}","templated":true}]}}