{"id":507,"date":"2023-11-02T14:46:03","date_gmt":"2023-11-02T13:46:03","guid":{"rendered":"https:\/\/gardenrelais.it\/?post_type=product&#038;p=507"},"modified":"2024-08-27T10:22:38","modified_gmt":"2024-08-27T08:22:38","slug":"pacchetto-garden-harmony","status":"publish","type":"product","link":"https:\/\/gardenrelais.it\/de\/prodotto\/pacchetto-garden-harmony\/","title":{"rendered":"Paket Garden Harmony"},"content":{"rendered":"","protected":false},"excerpt":{"rendered":"<p>Das f\u00fcr Sie konzipierte Paket beinhaltet:<\/p>\n<p>\u2013 Entspannende, aber gleichzeitig entw\u00e4ssernde Herbal Beauty Massage. Diese spezielle Massagetechnik tr\u00e4gt zur Entspannung im gesamten Cranio-Sacral-Bereich bei und kombiniert die Entw\u00e4sserung und die dynamische Beweglichkeit der Beine, oft m\u00fcde und m\u00fcde. <strong> (Dauer 50 Minuten) <\/strong><\/p>\n<p>\u2013 Mini Facial Eyes Treatment Femme oder entspannende und reaktivierende Fingerfertigkeit f\u00fcr eine Augenkontur, die geweckt werden muss. Ein Ansatz f\u00fcr das gesamte Gesicht mit speziellen Produkten, die auf den Hauttyp abgestimmt sind, macht diese Mini-Behandlung zu einer echten Kuschel. <strong> (30 Minuten) <\/strong><\/p>\n<p><strong>Gesamtdauer des Pakets: 80 Minuten<\/strong><\/p>\n","protected":false},"featured_media":16728,"template":"","meta":{"neve_meta_sidebar":"","neve_meta_container":"","neve_meta_enable_content_width":"off","neve_meta_content_width":100,"neve_meta_title_alignment":"","neve_meta_author_avatar":"","neve_post_elements_order":"","neve_meta_disable_header":"","neve_meta_disable_footer":"","neve_meta_disable_title":""},"product_cat":[21],"product_tag":[],"class_list":{"0":"post-507","1":"product","2":"type-product","3":"status-publish","4":"has-post-thumbnail","6":"product_cat-pacchetti-per-lei","8":"first","9":"instock","10":"shipping-taxable","11":"purchasable","12":"product-type-simple"},"publishpress_future_action":{"enabled":false,"date":"2026-04-16 16:26:27","action":"change-status","newStatus":"draft","terms":[],"taxonomy":"product_type","extraData":[]},"publishpress_future_workflow_manual_trigger":{"enabledWorkflows":[]},"_links":{"self":[{"href":"https:\/\/gardenrelais.it\/de\/wp-json\/wp\/v2\/product\/507","targetHints":{"allow":["GET"]}}],"collection":[{"href":"https:\/\/gardenrelais.it\/de\/wp-json\/wp\/v2\/product"}],"about":[{"href":"https:\/\/gardenrelais.it\/de\/wp-json\/wp\/v2\/types\/product"}],"wp:featuredmedia":[{"embeddable":true,"href":"https:\/\/gardenrelais.it\/de\/wp-json\/wp\/v2\/media\/16728"}],"wp:attachment":[{"href":"https:\/\/gardenrelais.it\/de\/wp-json\/wp\/v2\/media?parent=507"}],"wp:term":[{"taxonomy":"product_cat","embeddable":true,"href":"https:\/\/gardenrelais.it\/de\/wp-json\/wp\/v2\/product_cat?post=507"},{"taxonomy":"product_tag","embeddable":true,"href":"https:\/\/gardenrelais.it\/de\/wp-json\/wp\/v2\/product_tag?post=507"}],"curies":[{"name":"wp","href":"https:\/\/api.w.org\/{rel}","templated":true}]}}