{"id":506,"date":"2023-11-02T14:46:02","date_gmt":"2023-11-02T13:46:02","guid":{"rendered":"https:\/\/gardenrelais.it\/?post_type=product&#038;p=506"},"modified":"2023-11-03T08:55:22","modified_gmt":"2023-11-03T07:55:22","slug":"percorso-benessere","status":"publish","type":"product","link":"https:\/\/gardenrelais.it\/de\/prodotto\/percorso-benessere\/","title":{"rendered":"Wellness-Pfad"},"content":{"rendered":"","protected":false},"excerpt":{"rendered":"<p>Ein wunderbares SPA-Programm zum Wohl unserer G\u00e4ste.<br \/>\nSie haben zur Verf\u00fcgung: T\u00fcrkisches Bad, Bio-Sauna, finnische Sauna, emotionale Duschen, Entspannungsbereich mit Kr\u00e4utertee-Ecke, Farbtherapie-H\u00f6hle und Innenpool mit traditioneller Hydromassage, zervikalen Wasserf\u00e4llen und Plantar-Geysiren.<\/p>\n","protected":false},"featured_media":563,"template":"","meta":{"neve_meta_sidebar":"","neve_meta_container":"","neve_meta_enable_content_width":"","neve_meta_content_width":0,"neve_meta_title_alignment":"","neve_meta_author_avatar":"","neve_post_elements_order":"","neve_meta_disable_header":"","neve_meta_disable_footer":"","neve_meta_disable_title":""},"product_cat":[25],"product_tag":[],"class_list":{"0":"post-506","1":"product","2":"type-product","3":"status-publish","4":"has-post-thumbnail","6":"product_cat-percorso-benessere","8":"first","9":"instock","10":"shipping-taxable","11":"purchasable","12":"product-type-simple"},"publishpress_future_action":{"enabled":false,"date":"2026-04-16 13:41:19","action":"change-status","newStatus":"draft","terms":[],"taxonomy":"product_type","extraData":[]},"publishpress_future_workflow_manual_trigger":{"enabledWorkflows":[]},"_links":{"self":[{"href":"https:\/\/gardenrelais.it\/de\/wp-json\/wp\/v2\/product\/506","targetHints":{"allow":["GET"]}}],"collection":[{"href":"https:\/\/gardenrelais.it\/de\/wp-json\/wp\/v2\/product"}],"about":[{"href":"https:\/\/gardenrelais.it\/de\/wp-json\/wp\/v2\/types\/product"}],"wp:featuredmedia":[{"embeddable":true,"href":"https:\/\/gardenrelais.it\/de\/wp-json\/wp\/v2\/media\/563"}],"wp:attachment":[{"href":"https:\/\/gardenrelais.it\/de\/wp-json\/wp\/v2\/media?parent=506"}],"wp:term":[{"taxonomy":"product_cat","embeddable":true,"href":"https:\/\/gardenrelais.it\/de\/wp-json\/wp\/v2\/product_cat?post=506"},{"taxonomy":"product_tag","embeddable":true,"href":"https:\/\/gardenrelais.it\/de\/wp-json\/wp\/v2\/product_tag?post=506"}],"curies":[{"name":"wp","href":"https:\/\/api.w.org\/{rel}","templated":true}]}}