{"id":505,"date":"2023-11-02T14:46:01","date_gmt":"2023-11-02T13:46:01","guid":{"rendered":"https:\/\/gardenrelais.it\/?post_type=product&#038;p=505"},"modified":"2024-11-22T16:24:56","modified_gmt":"2024-11-22T15:24:56","slug":"pacchetto-petali-di-rosa","status":"publish","type":"product","link":"https:\/\/gardenrelais.it\/de\/prodotto\/pacchetto-petali-di-rosa\/","title":{"rendered":"Paket Rose Petals"},"content":{"rendered":"","protected":false},"excerpt":{"rendered":"<p>Dieses Paket wurde f\u00fcr die Frau entwickelt, die sofort eine seidig glatte Haut m\u00f6chte. Die Eigenschaften der Produkte kombiniert mit der Hitze der Behandlungen vereinen eine psychophysische Entspannung.<\/p>\n<p>\u2013 Ein Peeling f\u00fcr den K\u00f6rper auf der Basis von Honig, um ein doppeltes Ergebnis zu erzielen: Pflege und Gl\u00e4ttung sowie sichtbare Weichheit der Haut; <strong> (40 Minuten Dauer) <\/strong><\/p>\n<p>\u2013 Eine Kerzenmassage, Massage mit Karit\u00e9butter, Jojoba\u00f6l und Palmbutter, aufgel\u00f6st von der Kerze, f\u00fcr einen weichen Effekt und parf\u00fcmierte Haut; <strong> (Dauer 50 Minuten) <\/strong><\/p>\n<p>\u2013 Eine entspannende und regenerierende Gesichtsbehandlung mit hochkonzentrierten funktionellen Substanzen f\u00fcr eine frische und strahlende Haut; <strong> (Dauer 60 Minuten) <\/strong><\/p>\n<p>Das Paket beinhaltet auch einen kleinen Moment der Entspannung, um je nach Jahreszeit einen angenehmen Kr\u00e4utertee zu probieren.<\/p>\n<p><strong>Gesamtdauer der Behandlungen: 150 Minuten<\/strong><\/p>\n","protected":false},"featured_media":17023,"template":"","meta":{"neve_meta_sidebar":"","neve_meta_container":"","neve_meta_enable_content_width":"off","neve_meta_content_width":100,"neve_meta_title_alignment":"","neve_meta_author_avatar":"","neve_post_elements_order":"","neve_meta_disable_header":"","neve_meta_disable_footer":"","neve_meta_disable_title":""},"product_cat":[21],"product_tag":[],"class_list":{"0":"post-505","1":"product","2":"type-product","3":"status-publish","4":"has-post-thumbnail","6":"product_cat-pacchetti-per-lei","8":"first","9":"instock","10":"shipping-taxable","11":"purchasable","12":"product-type-simple"},"publishpress_future_action":{"enabled":false,"date":"2026-04-16 16:33:00","action":"change-status","newStatus":"draft","terms":[],"taxonomy":"product_type","extraData":[]},"publishpress_future_workflow_manual_trigger":{"enabledWorkflows":[]},"_links":{"self":[{"href":"https:\/\/gardenrelais.it\/de\/wp-json\/wp\/v2\/product\/505","targetHints":{"allow":["GET"]}}],"collection":[{"href":"https:\/\/gardenrelais.it\/de\/wp-json\/wp\/v2\/product"}],"about":[{"href":"https:\/\/gardenrelais.it\/de\/wp-json\/wp\/v2\/types\/product"}],"wp:featuredmedia":[{"embeddable":true,"href":"https:\/\/gardenrelais.it\/de\/wp-json\/wp\/v2\/media\/17023"}],"wp:attachment":[{"href":"https:\/\/gardenrelais.it\/de\/wp-json\/wp\/v2\/media?parent=505"}],"wp:term":[{"taxonomy":"product_cat","embeddable":true,"href":"https:\/\/gardenrelais.it\/de\/wp-json\/wp\/v2\/product_cat?post=505"},{"taxonomy":"product_tag","embeddable":true,"href":"https:\/\/gardenrelais.it\/de\/wp-json\/wp\/v2\/product_tag?post=505"}],"curies":[{"name":"wp","href":"https:\/\/api.w.org\/{rel}","templated":true}]}}