{"id":16871,"date":"2024-10-01T11:04:18","date_gmt":"2024-10-01T09:04:18","guid":{"rendered":"https:\/\/gardenrelais.it\/?post_type=product&#038;p=16871"},"modified":"2024-10-01T11:08:23","modified_gmt":"2024-10-01T09:08:23","slug":"trattamento-skin-biosis","status":"publish","type":"product","link":"https:\/\/gardenrelais.it\/de\/prodotto\/trattamento-skin-biosis\/","title":{"rendered":"SKIN BIOSIS-Behandlung"},"content":{"rendered":"","protected":false},"excerpt":{"rendered":"<p><strong>Maria Galland Paris<\/strong> pr\u00e4sentiert eine personalisierte Gesichtsbehandlung, die speziell darauf ausgelegt ist, die Hydrolipidbarriere Ihrer Haut wieder ins Gleichgewicht zu bringen und Ihren emotionalen Stress abzubauen. Eine einzigartige Behandlung, die die Haut intensiv mit Feuchtigkeit versorgt, beruhigt und n\u00e4hrt.<\/p>\n<p>Unsere <strong>SKIN BIOSIS Professional Mask<\/strong>, angereichert mit Schneealgenpulver, bek\u00e4mpft die Sch\u00e4den durch Stress und Umweltver\u00e4nderungen und hilft gleichzeitig, Ihre Hautbarriere zu st\u00e4rken. Der Hautexperte rundet die Behandlung mit einer Auswahl n\u00e4hrender, feuchtigkeitsspendender oder beruhigender Elemente ab, die auf die spezifischen Bed\u00fcrfnisse Ihrer Haut abgestimmt sind. In Kombination mit entspannenden Massagetechniken wirken sie in Symbiose, um die nat\u00fcrliche Ausstrahlung Ihrer Haut wiederherzustellen und Ihre Sinne neu zu kalibrieren. \u200b<\/p>\n<p>Beobachten Sie, wie Dehydrierungsf\u00e4ltchen und trockene Stellen verschwinden und eine beruhigte, gesunde Haut zum Vorschein kommt. Ihre Haut spiegelt Ihr inneres Wohlbefinden wider, also k\u00fcmmern wir uns darum.<\/p>\n<p><strong>Dauer: 70 Minuten<\/strong><\/p>\n","protected":false},"featured_media":16872,"template":"","meta":{"neve_meta_sidebar":"","neve_meta_container":"","neve_meta_enable_content_width":"off","neve_meta_content_width":100,"neve_meta_title_alignment":"","neve_meta_author_avatar":"","neve_post_elements_order":"","neve_meta_disable_header":"","neve_meta_disable_footer":"","neve_meta_disable_title":""},"product_cat":[26],"product_tag":[],"class_list":{"0":"post-16871","1":"product","2":"type-product","3":"status-publish","4":"has-post-thumbnail","6":"product_cat-trattamenti-viso","8":"first","9":"instock","10":"featured","11":"shipping-taxable","12":"purchasable","13":"product-type-simple"},"publishpress_future_action":{"enabled":false,"date":"2026-04-16 16:34:31","action":"change-status","newStatus":"draft","terms":[],"taxonomy":"product_type","extraData":[]},"publishpress_future_workflow_manual_trigger":{"enabledWorkflows":[]},"_links":{"self":[{"href":"https:\/\/gardenrelais.it\/de\/wp-json\/wp\/v2\/product\/16871","targetHints":{"allow":["GET"]}}],"collection":[{"href":"https:\/\/gardenrelais.it\/de\/wp-json\/wp\/v2\/product"}],"about":[{"href":"https:\/\/gardenrelais.it\/de\/wp-json\/wp\/v2\/types\/product"}],"wp:featuredmedia":[{"embeddable":true,"href":"https:\/\/gardenrelais.it\/de\/wp-json\/wp\/v2\/media\/16872"}],"wp:attachment":[{"href":"https:\/\/gardenrelais.it\/de\/wp-json\/wp\/v2\/media?parent=16871"}],"wp:term":[{"taxonomy":"product_cat","embeddable":true,"href":"https:\/\/gardenrelais.it\/de\/wp-json\/wp\/v2\/product_cat?post=16871"},{"taxonomy":"product_tag","embeddable":true,"href":"https:\/\/gardenrelais.it\/de\/wp-json\/wp\/v2\/product_tag?post=16871"}],"curies":[{"name":"wp","href":"https:\/\/api.w.org\/{rel}","templated":true}]}}