{"id":16726,"date":"2024-08-27T09:56:13","date_gmt":"2024-08-27T07:56:13","guid":{"rendered":"https:\/\/gardenrelais.it\/?post_type=product&#038;p=16726"},"modified":"2024-08-27T10:13:22","modified_gmt":"2024-08-27T08:13:22","slug":"pacchetto-neo-mamma","status":"publish","type":"product","link":"https:\/\/gardenrelais.it\/de\/prodotto\/pacchetto-neo-mamma\/","title":{"rendered":"Neues Mutterpaket"},"content":{"rendered":"","protected":false},"excerpt":{"rendered":"<p>Entworfen f\u00fcr Sie, wundervolle Frauen, die etwas ganz Besonderes geschafft haben: die Geburt eines Kindes. Diese Verw\u00f6hnung soll Ihnen einen Moment schenken, der ganz Ihnen geh\u00f6rt. Eine entspannende R\u00fccken-, Nacken- und Kopfmassage mit nat\u00fcrlichen Extrakten aus Arnika und Johanniskraut, um schwangerschaftsbedingte Verspannungen zu l\u00f6sen und das psycho-physische Gleichgewicht wiederherzustellen; kombiniert mit einer regenerierenden Gesichtsbehandlung auf Basis von Alginaten und Vitamin-E-Tonika.<\/p>\n<p><strong>Total Dauer 80 Minuten<\/strong><\/p>\n","protected":false},"featured_media":16727,"template":"","meta":{"neve_meta_sidebar":"","neve_meta_container":"","neve_meta_enable_content_width":"off","neve_meta_content_width":100,"neve_meta_title_alignment":"","neve_meta_author_avatar":"","neve_post_elements_order":"","neve_meta_disable_header":"","neve_meta_disable_footer":"","neve_meta_disable_title":""},"product_cat":[21],"product_tag":[],"class_list":{"0":"post-16726","1":"product","2":"type-product","3":"status-publish","4":"has-post-thumbnail","6":"product_cat-pacchetti-per-lei","8":"first","9":"instock","10":"shipping-taxable","11":"purchasable","12":"product-type-simple"},"publishpress_future_action":{"enabled":false,"date":"2026-04-16 17:47:39","action":"change-status","newStatus":"draft","terms":[],"taxonomy":"product_type","extraData":[]},"publishpress_future_workflow_manual_trigger":{"enabledWorkflows":[]},"_links":{"self":[{"href":"https:\/\/gardenrelais.it\/de\/wp-json\/wp\/v2\/product\/16726","targetHints":{"allow":["GET"]}}],"collection":[{"href":"https:\/\/gardenrelais.it\/de\/wp-json\/wp\/v2\/product"}],"about":[{"href":"https:\/\/gardenrelais.it\/de\/wp-json\/wp\/v2\/types\/product"}],"wp:featuredmedia":[{"embeddable":true,"href":"https:\/\/gardenrelais.it\/de\/wp-json\/wp\/v2\/media\/16727"}],"wp:attachment":[{"href":"https:\/\/gardenrelais.it\/de\/wp-json\/wp\/v2\/media?parent=16726"}],"wp:term":[{"taxonomy":"product_cat","embeddable":true,"href":"https:\/\/gardenrelais.it\/de\/wp-json\/wp\/v2\/product_cat?post=16726"},{"taxonomy":"product_tag","embeddable":true,"href":"https:\/\/gardenrelais.it\/de\/wp-json\/wp\/v2\/product_tag?post=16726"}],"curies":[{"name":"wp","href":"https:\/\/api.w.org\/{rel}","templated":true}]}}