{"id":1604,"date":"2024-03-08T15:38:42","date_gmt":"2024-03-08T14:38:42","guid":{"rendered":"https:\/\/gardenrelais.it\/?post_type=product&#038;p=1604"},"modified":"2025-02-17T10:46:24","modified_gmt":"2025-02-17T09:46:24","slug":"il-respiro","status":"publish","type":"product","link":"https:\/\/gardenrelais.it\/de\/prodotto\/il-respiro\/","title":{"rendered":"Il Respiro"},"content":{"rendered":"","protected":false},"excerpt":{"rendered":"<p><strong> G\u00f6nnen Sie sich einen Moment des vollkommenen Wohlbefindens mit unserer IL RESPIRO-Behandlung.<\/strong><\/p>\n<p>Diese Massage konzentriert sich auf R\u00fccken, Zwerchfell und Nacken und ist darauf ausgelegt, nicht nur die Muskeln, sondern auch das tiefe Gewebe des K\u00f6rpers zu regenerieren und mit Sauerstoff zu versorgen.<br \/>\nDank spezifischer \u00e4therischer \u00d6le und manueller \u00d6ffnungstechniken entspannt und belebt diese Behandlung und f\u00f6rdert einen erholsamen und regenerierenden Schlaf.<br \/>\nEntdecken Sie die Kraft des Atems und lassen Sie sich auf eine Reise purer Entspannung entf\u00fchren.<\/p>\n<p><strong>Dauer: 50 Minuten<\/strong><\/p>\n","protected":false},"featured_media":1605,"template":"","meta":{"neve_meta_sidebar":"","neve_meta_container":"","neve_meta_enable_content_width":"off","neve_meta_content_width":100,"neve_meta_title_alignment":"","neve_meta_author_avatar":"","neve_post_elements_order":"","neve_meta_disable_header":"","neve_meta_disable_footer":"","neve_meta_disable_title":""},"product_cat":[24],"product_tag":[],"class_list":{"0":"post-1604","1":"product","2":"type-product","3":"status-publish","4":"has-post-thumbnail","6":"product_cat-massaggi","8":"first","9":"instock","10":"shipping-taxable","11":"purchasable","12":"product-type-simple"},"publishpress_future_action":{"enabled":false,"date":"2026-04-12 13:14:51","action":"change-status","newStatus":"draft","terms":[],"taxonomy":"product_type","extraData":[]},"publishpress_future_workflow_manual_trigger":{"enabledWorkflows":[]},"_links":{"self":[{"href":"https:\/\/gardenrelais.it\/de\/wp-json\/wp\/v2\/product\/1604","targetHints":{"allow":["GET"]}}],"collection":[{"href":"https:\/\/gardenrelais.it\/de\/wp-json\/wp\/v2\/product"}],"about":[{"href":"https:\/\/gardenrelais.it\/de\/wp-json\/wp\/v2\/types\/product"}],"wp:featuredmedia":[{"embeddable":true,"href":"https:\/\/gardenrelais.it\/de\/wp-json\/wp\/v2\/media\/1605"}],"wp:attachment":[{"href":"https:\/\/gardenrelais.it\/de\/wp-json\/wp\/v2\/media?parent=1604"}],"wp:term":[{"taxonomy":"product_cat","embeddable":true,"href":"https:\/\/gardenrelais.it\/de\/wp-json\/wp\/v2\/product_cat?post=1604"},{"taxonomy":"product_tag","embeddable":true,"href":"https:\/\/gardenrelais.it\/de\/wp-json\/wp\/v2\/product_tag?post=1604"}],"curies":[{"name":"wp","href":"https:\/\/api.w.org\/{rel}","templated":true}]}}