{"id":1305,"date":"2024-01-10T10:30:47","date_gmt":"2024-01-10T09:30:47","guid":{"rendered":"https:\/\/gardenrelais.it\/?post_type=product&#038;p=1305"},"modified":"2024-04-09T08:53:34","modified_gmt":"2024-04-09T06:53:34","slug":"trattamento-rassodante-seno","status":"publish","type":"product","link":"https:\/\/gardenrelais.it\/de\/prodotto\/trattamento-rassodante-seno\/","title":{"rendered":"Behandlung zur Bruststraffung"},"content":{"rendered":"","protected":false},"excerpt":{"rendered":"<p>Auftragen von aufpolsternden und festigenden Pflastern f\u00fcr eine straffere und belebtere Brust. Diese Behandlung eignet sich sowohl f\u00fcr kleine als auch f\u00fcr kurvige Gr\u00f6\u00dfen. Sie erh\u00f6ht die Hautelastizit\u00e4t, n\u00e4hrt das Fettgewebe und tr\u00e4gt dazu bei, dass es gestrafft bleibt. Anschlie\u00dfend wird ein spezielles Serum aufgetragen, um den endg\u00fcltigen Effekt zu verst\u00e4rken.<br \/>\nDieses kann auch als Sch\u00f6nheitspflegeprodukt erworben werden, um die Wirkung \u00fcber einen l\u00e4ngeren Zeitraum aufrechtzuerhalten.<\/p>\n<p><strong>Dauer: 30 Minuten<\/strong><\/p>\n","protected":false},"featured_media":16303,"template":"","meta":{"neve_meta_sidebar":"","neve_meta_container":"","neve_meta_enable_content_width":"off","neve_meta_content_width":100,"neve_meta_title_alignment":"","neve_meta_author_avatar":"","neve_post_elements_order":"","neve_meta_disable_header":"","neve_meta_disable_footer":"","neve_meta_disable_title":""},"product_cat":[31],"product_tag":[],"class_list":{"0":"post-1305","1":"product","2":"type-product","3":"status-publish","4":"has-post-thumbnail","6":"product_cat-rituali-benessere-corpo","8":"first","9":"instock","10":"featured","11":"shipping-taxable","12":"purchasable","13":"product-type-simple"},"publishpress_future_action":{"enabled":false,"date":"2026-04-16 19:03:05","action":"change-status","newStatus":"draft","terms":[],"taxonomy":"product_type","extraData":[]},"publishpress_future_workflow_manual_trigger":{"enabledWorkflows":[]},"_links":{"self":[{"href":"https:\/\/gardenrelais.it\/de\/wp-json\/wp\/v2\/product\/1305","targetHints":{"allow":["GET"]}}],"collection":[{"href":"https:\/\/gardenrelais.it\/de\/wp-json\/wp\/v2\/product"}],"about":[{"href":"https:\/\/gardenrelais.it\/de\/wp-json\/wp\/v2\/types\/product"}],"wp:featuredmedia":[{"embeddable":true,"href":"https:\/\/gardenrelais.it\/de\/wp-json\/wp\/v2\/media\/16303"}],"wp:attachment":[{"href":"https:\/\/gardenrelais.it\/de\/wp-json\/wp\/v2\/media?parent=1305"}],"wp:term":[{"taxonomy":"product_cat","embeddable":true,"href":"https:\/\/gardenrelais.it\/de\/wp-json\/wp\/v2\/product_cat?post=1305"},{"taxonomy":"product_tag","embeddable":true,"href":"https:\/\/gardenrelais.it\/de\/wp-json\/wp\/v2\/product_tag?post=1305"}],"curies":[{"name":"wp","href":"https:\/\/api.w.org\/{rel}","templated":true}]}}