{"id":1303,"date":"2024-01-10T10:23:20","date_gmt":"2024-01-10T09:23:20","guid":{"rendered":"https:\/\/gardenrelais.it\/?post_type=product&#038;p=1303"},"modified":"2024-04-09T09:05:59","modified_gmt":"2024-04-09T07:05:59","slug":"cataplasma-modellante-addome","status":"publish","type":"product","link":"https:\/\/gardenrelais.it\/de\/prodotto\/cataplasma-modellante-addome\/","title":{"rendered":"Abdomenformendes kataplasma"},"content":{"rendered":"","protected":false},"excerpt":{"rendered":"<p>Diese Packung wurde speziell f\u00fcr den Bauch entwickelt und soll die lipolytische Wirkung mit der entw\u00e4ssernden und straffenden Wirkung des Gewebes kombinieren. Die Mischung aus Pulvern, hochkonzentrierten \u00d6len und \u00e4therischen \u00d6len sorgt f\u00fcr eine angenehme schlammartige Behandlung mit vielf\u00e4ltigen Ergebnissen und ohne Kontraindikationen*.<\/p>\n<p><em>*nicht nur in F\u00e4llen von Schwangerschaft und Stillzeit empfohlen.<\/em><\/p>\n<p><strong>Dauer: 30 Minuten<\/strong><\/p>\n","protected":false},"featured_media":16306,"template":"","meta":{"neve_meta_sidebar":"","neve_meta_container":"","neve_meta_enable_content_width":"off","neve_meta_content_width":100,"neve_meta_title_alignment":"","neve_meta_author_avatar":"","neve_post_elements_order":"","neve_meta_disable_header":"","neve_meta_disable_footer":"","neve_meta_disable_title":""},"product_cat":[31],"product_tag":[],"class_list":{"0":"post-1303","1":"product","2":"type-product","3":"status-publish","4":"has-post-thumbnail","6":"product_cat-rituali-benessere-corpo","8":"first","9":"instock","10":"featured","11":"shipping-taxable","12":"purchasable","13":"product-type-simple"},"publishpress_future_action":{"enabled":false,"date":"2026-04-16 20:45:08","action":"change-status","newStatus":"draft","terms":[],"taxonomy":"product_type","extraData":[]},"publishpress_future_workflow_manual_trigger":{"enabledWorkflows":[]},"_links":{"self":[{"href":"https:\/\/gardenrelais.it\/de\/wp-json\/wp\/v2\/product\/1303","targetHints":{"allow":["GET"]}}],"collection":[{"href":"https:\/\/gardenrelais.it\/de\/wp-json\/wp\/v2\/product"}],"about":[{"href":"https:\/\/gardenrelais.it\/de\/wp-json\/wp\/v2\/types\/product"}],"wp:featuredmedia":[{"embeddable":true,"href":"https:\/\/gardenrelais.it\/de\/wp-json\/wp\/v2\/media\/16306"}],"wp:attachment":[{"href":"https:\/\/gardenrelais.it\/de\/wp-json\/wp\/v2\/media?parent=1303"}],"wp:term":[{"taxonomy":"product_cat","embeddable":true,"href":"https:\/\/gardenrelais.it\/de\/wp-json\/wp\/v2\/product_cat?post=1303"},{"taxonomy":"product_tag","embeddable":true,"href":"https:\/\/gardenrelais.it\/de\/wp-json\/wp\/v2\/product_tag?post=1303"}],"curies":[{"name":"wp","href":"https:\/\/api.w.org\/{rel}","templated":true}]}}