{"id":1301,"date":"2024-01-10T10:15:17","date_gmt":"2024-01-10T09:15:17","guid":{"rendered":"https:\/\/gardenrelais.it\/?post_type=product&#038;p=1301"},"modified":"2024-04-09T09:01:50","modified_gmt":"2024-04-09T07:01:50","slug":"biothai-power-4","status":"publish","type":"product","link":"https:\/\/gardenrelais.it\/de\/prodotto\/biothai-power-4\/","title":{"rendered":"BIOTHAI POWER 4"},"content":{"rendered":"","protected":false},"excerpt":{"rendered":"<p>Sie haben wenig Zeit, m\u00f6chten aber gerne alles machen? Der Behandlungsmix, der Ihrem K\u00f6rper einen Energieschub verleiht, ist m\u00f6glich! Bein- und Armverb\u00e4nde, Bauchumschl\u00e4ge und Brustbehandlungen k\u00f6nnen zusammen durchgef\u00fchrt werden, wodurch nicht nur die verschiedenen Bed\u00fcrfnisse kombiniert werden, sondern auch mehr Ergebnisse in einer einzigen Sitzung erzielt werden. Um alle Aspekte einzufangen, enth\u00e4lt dieses Paket eine wunderbare Gesichtsmaske auf Basis von Vitamin E, die sehr reichhaltig ist, um die Zeichen der Hautalterung zu gl\u00e4tten und sofort einen neuen Glanz zu verleihen.<br \/>\nZum Abschluss der Behandlung wird eine kurze Massage durchgef\u00fchrt, damit K\u00f6rper und Gesicht alle in der Behandlung enthaltenen Wirkstoffe vollst\u00e4ndig aufnehmen k\u00f6nnen<\/p>\n<p><strong>Dauer: 80 Minuten<\/strong><\/p>\n","protected":false},"featured_media":16304,"template":"","meta":{"neve_meta_sidebar":"","neve_meta_container":"","neve_meta_enable_content_width":"off","neve_meta_content_width":100,"neve_meta_title_alignment":"","neve_meta_author_avatar":"","neve_post_elements_order":"","neve_meta_disable_header":"","neve_meta_disable_footer":"","neve_meta_disable_title":""},"product_cat":[31],"product_tag":[],"class_list":{"0":"post-1301","1":"product","2":"type-product","3":"status-publish","4":"has-post-thumbnail","6":"product_cat-rituali-benessere-corpo","8":"first","9":"instock","10":"sale","11":"featured","12":"shipping-taxable","13":"purchasable","14":"product-type-simple"},"publishpress_future_action":{"enabled":false,"date":"2026-04-16 20:24:39","action":"change-status","newStatus":"draft","terms":[],"taxonomy":"product_type","extraData":[]},"publishpress_future_workflow_manual_trigger":{"enabledWorkflows":[]},"_links":{"self":[{"href":"https:\/\/gardenrelais.it\/de\/wp-json\/wp\/v2\/product\/1301","targetHints":{"allow":["GET"]}}],"collection":[{"href":"https:\/\/gardenrelais.it\/de\/wp-json\/wp\/v2\/product"}],"about":[{"href":"https:\/\/gardenrelais.it\/de\/wp-json\/wp\/v2\/types\/product"}],"wp:featuredmedia":[{"embeddable":true,"href":"https:\/\/gardenrelais.it\/de\/wp-json\/wp\/v2\/media\/16304"}],"wp:attachment":[{"href":"https:\/\/gardenrelais.it\/de\/wp-json\/wp\/v2\/media?parent=1301"}],"wp:term":[{"taxonomy":"product_cat","embeddable":true,"href":"https:\/\/gardenrelais.it\/de\/wp-json\/wp\/v2\/product_cat?post=1301"},{"taxonomy":"product_tag","embeddable":true,"href":"https:\/\/gardenrelais.it\/de\/wp-json\/wp\/v2\/product_tag?post=1301"}],"curies":[{"name":"wp","href":"https:\/\/api.w.org\/{rel}","templated":true}]}}