{"id":1293,"date":"2024-01-10T09:38:06","date_gmt":"2024-01-10T08:38:06","guid":{"rendered":"https:\/\/gardenrelais.it\/?post_type=product&#038;p=1293"},"modified":"2024-02-20T11:41:51","modified_gmt":"2024-02-20T10:41:51","slug":"buono-ristorante-100-e","status":"publish","type":"product","link":"https:\/\/gardenrelais.it\/de\/prodotto\/buono-ristorante-100-e\/","title":{"rendered":"Restaurantgutschein \u2013 100 \u20ac"},"content":{"rendered":"","protected":false},"excerpt":{"rendered":"<p>Schenken oder g\u00f6nnen Sie sich den Luxus eines einzigartigen gastronomischen Erlebnisses in unserem Restaurant!<br \/>\nWir haben f\u00fcr Sie einen Geschenkgutschein vorbereitet, mit dem Sie die Freuden der raffinierten K\u00fcche in einer einladenden und eleganten Atmosph\u00e4re genie\u00dfen k\u00f6nnen.<\/p>\n","protected":false},"featured_media":1495,"template":"","meta":{"neve_meta_sidebar":"","neve_meta_container":"","neve_meta_enable_content_width":"off","neve_meta_content_width":100,"neve_meta_title_alignment":"","neve_meta_author_avatar":"","neve_post_elements_order":"","neve_meta_disable_header":"","neve_meta_disable_footer":"","neve_meta_disable_title":""},"product_cat":[36],"product_tag":[],"class_list":{"0":"post-1293","1":"product","2":"type-product","3":"status-publish","4":"has-post-thumbnail","6":"product_cat-buoni-ristorante","8":"first","9":"instock","10":"shipping-taxable","11":"purchasable","12":"product-type-simple"},"publishpress_future_action":{"enabled":false,"date":"2026-04-14 06:29:16","action":"change-status","newStatus":"draft","terms":[],"taxonomy":"product_type","extraData":[]},"publishpress_future_workflow_manual_trigger":{"enabledWorkflows":[]},"_links":{"self":[{"href":"https:\/\/gardenrelais.it\/de\/wp-json\/wp\/v2\/product\/1293","targetHints":{"allow":["GET"]}}],"collection":[{"href":"https:\/\/gardenrelais.it\/de\/wp-json\/wp\/v2\/product"}],"about":[{"href":"https:\/\/gardenrelais.it\/de\/wp-json\/wp\/v2\/types\/product"}],"wp:featuredmedia":[{"embeddable":true,"href":"https:\/\/gardenrelais.it\/de\/wp-json\/wp\/v2\/media\/1495"}],"wp:attachment":[{"href":"https:\/\/gardenrelais.it\/de\/wp-json\/wp\/v2\/media?parent=1293"}],"wp:term":[{"taxonomy":"product_cat","embeddable":true,"href":"https:\/\/gardenrelais.it\/de\/wp-json\/wp\/v2\/product_cat?post=1293"},{"taxonomy":"product_tag","embeddable":true,"href":"https:\/\/gardenrelais.it\/de\/wp-json\/wp\/v2\/product_tag?post=1293"}],"curies":[{"name":"wp","href":"https:\/\/api.w.org\/{rel}","templated":true}]}}