{"id":1292,"date":"2024-01-10T09:36:05","date_gmt":"2024-01-10T08:36:05","guid":{"rendered":"https:\/\/gardenrelais.it\/?post_type=product&#038;p=1292"},"modified":"2024-02-20T11:42:43","modified_gmt":"2024-02-20T10:42:43","slug":"buono-ristorante-50-e","status":"publish","type":"product","link":"https:\/\/gardenrelais.it\/de\/prodotto\/buono-ristorante-50-e\/","title":{"rendered":"Restaurantgutschein \u2013 50 \u20ac"},"content":{"rendered":"","protected":false},"excerpt":{"rendered":"<p>Schenken oder g\u00f6nnen Sie sich den Luxus eines einzigartigen gastronomischen Erlebnisses in unserem Restaurant!<br \/>\nWir haben f\u00fcr Sie einen Geschenkgutschein vorbereitet, mit dem Sie die Freuden der raffinierten K\u00fcche in einer einladenden und eleganten Atmosph\u00e4re genie\u00dfen k\u00f6nnen.<\/p>\n","protected":false},"featured_media":1494,"template":"","meta":{"neve_meta_sidebar":"","neve_meta_container":"","neve_meta_enable_content_width":"off","neve_meta_content_width":100,"neve_meta_title_alignment":"","neve_meta_author_avatar":"","neve_post_elements_order":"","neve_meta_disable_header":"","neve_meta_disable_footer":"","neve_meta_disable_title":""},"product_cat":[36],"product_tag":[],"class_list":{"0":"post-1292","1":"product","2":"type-product","3":"status-publish","4":"has-post-thumbnail","6":"product_cat-buoni-ristorante","8":"first","9":"instock","10":"shipping-taxable","11":"purchasable","12":"product-type-simple"},"_links":{"self":[{"href":"https:\/\/gardenrelais.it\/de\/wp-json\/wp\/v2\/product\/1292","targetHints":{"allow":["GET"]}}],"collection":[{"href":"https:\/\/gardenrelais.it\/de\/wp-json\/wp\/v2\/product"}],"about":[{"href":"https:\/\/gardenrelais.it\/de\/wp-json\/wp\/v2\/types\/product"}],"wp:featuredmedia":[{"embeddable":true,"href":"https:\/\/gardenrelais.it\/de\/wp-json\/wp\/v2\/media\/1494"}],"wp:attachment":[{"href":"https:\/\/gardenrelais.it\/de\/wp-json\/wp\/v2\/media?parent=1292"}],"wp:term":[{"taxonomy":"product_cat","embeddable":true,"href":"https:\/\/gardenrelais.it\/de\/wp-json\/wp\/v2\/product_cat?post=1292"},{"taxonomy":"product_tag","embeddable":true,"href":"https:\/\/gardenrelais.it\/de\/wp-json\/wp\/v2\/product_tag?post=1292"}],"curies":[{"name":"wp","href":"https:\/\/api.w.org\/{rel}","templated":true}]}}