{"id":872,"date":"2023-11-06T09:56:13","date_gmt":"2023-11-06T08:56:13","guid":{"rendered":"https:\/\/gardenrelais.it\/?page_id=872"},"modified":"2025-06-30T14:19:59","modified_gmt":"2025-06-30T12:19:59","slug":"saune-e-wellness","status":"publish","type":"page","link":"https:\/\/gardenrelais.it\/de\/spa-wellness\/saune-e-wellness\/","title":{"rendered":"Sauna und Wellness"},"content":{"rendered":"<p><\/p>\n<div class=\"toppage toppagesaune\"><\/div>\n<div class=\"spawell\">\n<div class=\"spawellsx\">\n<h2>Eiswasserfall<\/h2>\n<p>Ein erfrischendes und regenerierendes Erlebnis f\u00fcr K\u00f6rper und Geist. Ideal zur Anregung der Durchblutung und Revitalisierung der Haut nach einer Sauna oder einem Dampfbad ist unser Eiswasserfall die perfekte Erg\u00e4nzung f\u00fcr vollkommenes Wohlbefinden.<\/p>\n<h2> Finnische Sauna<\/h2>\n<p>Einer der wichtigsten Vorteile der Sauna haben wir die Beschleunigung des Stoffwechsels, der Reinigung von Giftstoffen, die Normalisierung der Blutdruck und die geistige und k\u00f6rperliche Entspannung. Unser Rat ist, zwischen warmen und kalten Phasen abwechseln. Die Ver\u00e4nderung in der Temperatur, in der Tat, produziert ein gro\u00dfer Vorteil f\u00fcr den ganzen K\u00f6rper, so dass Energie, die Reinigung der Haut und stimulieren entgiftende Wirkung.<\/p>\n<h2>Biosauna<\/h2>\n<p>Die starke Hitze und eine sanfte Dampf mit nat\u00fcrlichen Essenzen stimulieren die Atemwege und das Immunsystem. Der Effekt wird auf eine entspannende und verj\u00fcngende Wirkung auf den gesamten K\u00f6rper-Geist-Seele sein.<\/p>\n<\/div>\n<div class=\"spawelldx\"><img decoding=\"async\" src=\"https:\/\/gardenrelais.it\/wp-content\/uploads\/2023\/11\/garden-relais-saune-wellness_1.jpg\"><img decoding=\"async\" src=\"https:\/\/gardenrelais.it\/wp-content\/uploads\/2023\/11\/garden-relais-saune-wellness_2.jpg\"><\/div>\n<\/div>\n<div class=\"spawell spawell2\">\n<div class=\"spawellsx\">\n<h2>T\u00fcrkisches Bad<\/h2>\n<p>Der hei\u00dfe Dampf durchdringt das Gewebe durch Verbesserung der Blutzirkulation in allen Organen und beginnt ein Prozess so gesund und n\u00fctzlich. <\/p>\n<h2> Stimulierende duschen<\/h2>\n<p>Die belebende Dusche l\u00f6st Verspannungen, hilft Entspannung und dank der nat\u00fcrlichen Aroma-und Farbtherapie f\u00fchrt Sie in eine Dimension, in der K\u00f6rper und Geist zusammen kommen, um ein Gef\u00fchl von Ausgeglichenheit und Wohlbefinden zu schaffen. <\/p>\n<h2>Mountainshower<\/h2>\n<p>Der Kontrast von hei\u00df und kalt auf der Haut erzeugt eine anregende Wirkung auf den ganzen K\u00f6rper. Der Kreislauf wird angeregt, es st\u00e4rkt das Immunsystem und das Nervensystem stabilisiert. Der K\u00f6rper wird mehr Energie und stark, so dass ein Gef\u00fchl der St\u00e4rke auf lange Sicht.<\/p>\n<p style=\"margin:10px auto 0;font-size:13px;line-height:1.3em;\"><strong>Hinweis<\/strong>: In unseren Saunen, sowohl in der Biosauna als auch in der finnischen Sauna, ist der Zutritt ausschlie\u00dflich mit einem Baumwollhandtuch gestattet, um ein optimales Wohlbefinden und optimale Hygiene w\u00e4hrend des Saunaerlebnisses zu gew\u00e4hrleisten. Im Dampfbad ist das Tragen von Badebekleidung optional, wir empfehlen jedoch, f\u00fcr ein authentischeres Erlebnis darauf zu verzichten. In allen anderen Bereichen des Spas ist das Tragen von Badebekleidung Pflicht.<\/p>\n<\/div>\n<div class=\"spawelldx spawelldxsli\">\t[<div style=\"display: none;\" class=\"crellyslider-slider crellyslider-slider-fixed crellyslider-slider-saune crellyslider-14\" id=\"crellyslider-14-69d7dc0f3c244\">\n<ul>\n<li\nstyle=\"\nbackground-color: transparent;\nbackground-image: url('https:\/\/gardenrelais.it\/wp-content\/uploads\/2023\/11\/garden-relais-saune-wellness-11.jpg');\nbackground-position: center center;\nbackground-repeat: no-repeat;\nbackground-size: contain;\n\n\"\ndata-in=\"fadeLeft\"\ndata-ease-in=\"300\"\ndata-out=\"fadeLeft\"\ndata-ease-out=\"300\"\ndata-time=\"5000\"\n>\n<\/li>\n<li\nstyle=\"\nbackground-color: transparent;\nbackground-image: url('https:\/\/gardenrelais.it\/wp-content\/uploads\/2023\/11\/garden-relais-saune-wellness-8.jpg');\nbackground-position: center center;\nbackground-repeat: no-repeat;\nbackground-size: contain;\n\n\"\ndata-in=\"fadeLeft\"\ndata-ease-in=\"300\"\ndata-out=\"fadeLeft\"\ndata-ease-out=\"300\"\ndata-time=\"5000\"\n>\n<\/li>\n<li\nstyle=\"\nbackground-color: transparent;\nbackground-image: url('https:\/\/gardenrelais.it\/wp-content\/uploads\/2023\/11\/garden-relais-saune-wellness-7.jpg');\nbackground-position: center center;\nbackground-repeat: no-repeat;\nbackground-size: contain;\n\n\"\ndata-in=\"fadeLeft\"\ndata-ease-in=\"300\"\ndata-out=\"fadeLeft\"\ndata-ease-out=\"300\"\ndata-time=\"5000\"\n>\n<\/li>\n<li\nstyle=\"\nbackground-color: transparent;\nbackground-image: url('https:\/\/gardenrelais.it\/wp-content\/uploads\/2023\/11\/garden-relais-saune-wellness-6.jpg');\nbackground-position: center center;\nbackground-repeat: no-repeat;\nbackground-size: contain;\n\n\"\ndata-in=\"fadeLeft\"\ndata-ease-in=\"300\"\ndata-out=\"fadeLeft\"\ndata-ease-out=\"300\"\ndata-time=\"5000\"\n>\n<\/li>\n<li\nstyle=\"\nbackground-color: transparent;\nbackground-image: url('https:\/\/gardenrelais.it\/wp-content\/uploads\/2023\/11\/garden-relais-saune-wellness-10.jpg');\nbackground-position: center center;\nbackground-repeat: no-repeat;\nbackground-size: contain;\n\n\"\ndata-in=\"fadeLeft\"\ndata-ease-in=\"300\"\ndata-out=\"fadeLeft\"\ndata-ease-out=\"300\"\ndata-time=\"5000\"\n>\n<\/li>\n<li\nstyle=\"\nbackground-color: transparent;\nbackground-image: url('https:\/\/gardenrelais.it\/wp-content\/uploads\/2023\/11\/garden-relais-saune-wellness-12.jpg');\nbackground-position: center center;\nbackground-repeat: no-repeat;\nbackground-size: contain;\n\n\"\ndata-in=\"fadeLeft\"\ndata-ease-in=\"300\"\ndata-out=\"fadeLeft\"\ndata-ease-out=\"300\"\ndata-time=\"5000\"\n>\n<\/li>\n<li\nstyle=\"\nbackground-color: transparent;\nbackground-image: url('https:\/\/gardenrelais.it\/wp-content\/uploads\/2023\/11\/garden-relais-saune-wellness-13.jpg');\nbackground-position: center center;\nbackground-repeat: no-repeat;\nbackground-size: contain;\n\n\"\ndata-in=\"fadeLeft\"\ndata-ease-in=\"300\"\ndata-out=\"fadeLeft\"\ndata-ease-out=\"300\"\ndata-time=\"5000\"\n>\n<\/li>\n<li\nstyle=\"\nbackground-color: transparent;\nbackground-image: url('https:\/\/gardenrelais.it\/wp-content\/uploads\/2023\/11\/garden-relais-saune-wellness-2.jpg');\nbackground-position: center center;\nbackground-repeat: no-repeat;\nbackground-size: contain;\n\n\"\ndata-in=\"fadeLeft\"\ndata-ease-in=\"300\"\ndata-out=\"fadeLeft\"\ndata-ease-out=\"300\"\ndata-time=\"5000\"\n>\n<\/li>\n<li\nstyle=\"\nbackground-color: transparent;\nbackground-image: url('https:\/\/gardenrelais.it\/wp-content\/uploads\/2023\/11\/garden-relais-saune-wellness-3.jpg');\nbackground-position: center center;\nbackground-repeat: no-repeat;\nbackground-size: contain;\n\n\"\ndata-in=\"fadeLeft\"\ndata-ease-in=\"300\"\ndata-out=\"fadeLeft\"\ndata-ease-out=\"300\"\ndata-time=\"5000\"\n>\n<\/li>\n<li\nstyle=\"\nbackground-color: transparent;\nbackground-image: url('https:\/\/gardenrelais.it\/wp-content\/uploads\/2023\/11\/garden-relais-saune-wellness-5.jpg');\nbackground-position: center center;\nbackground-repeat: no-repeat;\nbackground-size: contain;\n\n\"\ndata-in=\"fadeLeft\"\ndata-ease-in=\"300\"\ndata-out=\"fadeLeft\"\ndata-ease-out=\"300\"\ndata-time=\"5000\"\n>\n<\/li>\n<li\nstyle=\"\nbackground-color: transparent;\nbackground-image: url('https:\/\/gardenrelais.it\/wp-content\/uploads\/2023\/11\/garden-relais-saune-wellness-4.jpg');\nbackground-position: center center;\nbackground-repeat: no-repeat;\nbackground-size: contain;\n\n\"\ndata-in=\"fadeLeft\"\ndata-ease-in=\"300\"\ndata-out=\"fadeLeft\"\ndata-ease-out=\"300\"\ndata-time=\"5000\"\n>\n<\/li>\n<li\nstyle=\"\nbackground-color: transparent;\nbackground-image: url('https:\/\/gardenrelais.it\/wp-content\/uploads\/2023\/11\/garden-relais-saune-wellness-1.jpg');\nbackground-position: center center;\nbackground-repeat: no-repeat;\nbackground-size: contain;\n\n\"\ndata-in=\"fadeLeft\"\ndata-ease-in=\"300\"\ndata-out=\"fadeLeft\"\ndata-ease-out=\"300\"\ndata-time=\"5000\"\n>\n<\/li>\n<li\nstyle=\"\nbackground-color: transparent;\nbackground-image: url('https:\/\/gardenrelais.it\/wp-content\/uploads\/2023\/11\/garden-relais-saune-wellness-15.jpg');\nbackground-position: center center;\nbackground-repeat: no-repeat;\nbackground-size: contain;\n\n\"\ndata-in=\"fadeLeft\"\ndata-ease-in=\"300\"\ndata-out=\"fadeLeft\"\ndata-ease-out=\"300\"\ndata-time=\"5000\"\n>\n<\/li>\n<\/ul>\n<\/div>\n<script type=\"text\/javascript\">\n(function($) {\n$(document).ready(function() {\n$(\"#crellyslider-14-69d7dc0f3c244\").crellySlider({\nlayout: 'fixed',\nresponsive: 1,\nstartWidth: 1200,\nstartHeight: 800,\nautomaticSlide: 0,\nshowControls: 1,\nshowNavigation: 0,\nenableSwipe: 1,\nshowProgressBar: 0,\npauseOnHover: 1,\nrandomOrder: 0,\nstartFromSlide: 0,\nbeforeStart : function() {},\nbeforeSetResponsive : function() {},\nbeforeSlideStart : function() {},\nbeforePause\t: function() {},\nbeforeResume : function() {},\n});\n});\n})(jQuery);\n<\/script>\n<\/div>\n<\/div>\n<p><\/p>","protected":false},"excerpt":{"rendered":"<p>Eiswasserfall Ein erfrischendes und regenerierendes Erlebnis f\u00fcr K\u00f6rper und Geist. Ideal zur Anregung der Durchblutung und Revitalisierung der Haut nach einer Sauna oder einem Dampfbad ist unser Eiswasserfall die perfekte Erg\u00e4nzung f\u00fcr vollkommenes Wohlbefinden. Finnische Sauna Einer der wichtigsten Vorteile der Sauna haben wir die Beschleunigung des Stoffwechsels, der Reinigung von Giftstoffen, die Normalisierung der&hellip;&nbsp;<a href=\"https:\/\/gardenrelais.it\/de\/spa-wellness\/saune-e-wellness\/\" class=\"\" rel=\"bookmark\">Weiterlesen &raquo;<span class=\"screen-reader-text\">Sauna und Wellness<\/span><\/a><\/p>\n","protected":false},"author":1,"featured_media":0,"parent":427,"menu_order":0,"comment_status":"closed","ping_status":"closed","template":"","meta":{"neve_meta_sidebar":"","neve_meta_container":"","neve_meta_enable_content_width":"off","neve_meta_content_width":100,"neve_meta_title_alignment":"","neve_meta_author_avatar":"","neve_post_elements_order":"","neve_meta_disable_header":"","neve_meta_disable_footer":"","neve_meta_disable_title":"on","footnotes":""},"class_list":["post-872","page","type-page","status-publish","hentry"],"publishpress_future_action":{"enabled":false,"date":"2026-04-16 19:04:15","action":"change-status","newStatus":"draft","terms":[],"taxonomy":"","extraData":[]},"publishpress_future_workflow_manual_trigger":{"enabledWorkflows":[]},"_links":{"self":[{"href":"https:\/\/gardenrelais.it\/de\/wp-json\/wp\/v2\/pages\/872","targetHints":{"allow":["GET"]}}],"collection":[{"href":"https:\/\/gardenrelais.it\/de\/wp-json\/wp\/v2\/pages"}],"about":[{"href":"https:\/\/gardenrelais.it\/de\/wp-json\/wp\/v2\/types\/page"}],"author":[{"embeddable":true,"href":"https:\/\/gardenrelais.it\/de\/wp-json\/wp\/v2\/users\/1"}],"replies":[{"embeddable":true,"href":"https:\/\/gardenrelais.it\/de\/wp-json\/wp\/v2\/comments?post=872"}],"version-history":[{"count":2,"href":"https:\/\/gardenrelais.it\/de\/wp-json\/wp\/v2\/pages\/872\/revisions"}],"predecessor-version":[{"id":18244,"href":"https:\/\/gardenrelais.it\/de\/wp-json\/wp\/v2\/pages\/872\/revisions\/18244"}],"up":[{"embeddable":true,"href":"https:\/\/gardenrelais.it\/de\/wp-json\/wp\/v2\/pages\/427"}],"wp:attachment":[{"href":"https:\/\/gardenrelais.it\/de\/wp-json\/wp\/v2\/media?parent=872"}],"curies":[{"name":"wp","href":"https:\/\/api.w.org\/{rel}","templated":true}]}}