{"id":814,"date":"2023-11-06T08:51:05","date_gmt":"2023-11-06T07:51:05","guid":{"rendered":"https:\/\/gardenrelais.it\/?page_id=814"},"modified":"2024-08-06T11:27:53","modified_gmt":"2024-08-06T09:27:53","slug":"piscina","status":"publish","type":"page","link":"https:\/\/gardenrelais.it\/de\/spa-wellness\/piscina\/","title":{"rendered":"Schwimmbad"},"content":{"rendered":"<p><\/p>\n<div class=\"toppage toppagepiscina\"><\/div>\n<div class=\"pagesection1\">\n<div class=\"pagesection1sx\">\n<p>Das SPA des Garden Relais, ein R\u00fcckzugsort ohne den Trubel der Veranstaltungen.<\/p>\n<\/div>\n<div class=\"pagesection1dx\">\n<p style=\"margin-bottom: 10px;\">Garden Relais ist die ideale Antwort f\u00fcr diejenigen, die einen Tag am Pool verbringen m\u00f6chten, sich aber einen ruhigen Ort g\u00f6nnen m\u00f6chten, um die gesunde Luft des Monte Grappa einzuatmen. Am Ende des Tages werden Sie sich regeneriert f\u00fchlen!<\/p>\n<div id=\"avvisospa\">\n<table id=\"oraripiscina\">\n<tbody>\n<tr>\n<td><strong>Sommer<\/strong><\/td>\n<td>Eintritt in die Schwimmb\u00e4der mit Sonnenliege und Sonnenschirm 20 \u20ac<\/td>\n<\/tr>\n<tr>\n<td><\/td>\n<td>Eintritt in die Schwimmb\u00e4der mit Liegen und Sonnenschirmen + Saunen und Ruhezonen 35 \u20ac<\/td>\n<\/tr>\n<tr>\n<td><strong>Winter<\/strong><\/td>\n<td>Eintritt ins Hallenbad + Saunen und Ruhebereiche 35 \u20ac<\/td>\n<\/tr>\n<\/tbody>\n<\/table>\n<\/div>\n<\/div>\n<\/div>\n<div class=\"spawell\">\n<div class=\"spawellsx\">\n<h2>Hallenbad<\/h2>\n<p>Unser Hallenbad ist eine Oase der Ruhe und Entspannung. Entwickelt, um ein luxuri\u00f6ses und erholsames Erlebnis mit beheiztem Wasser, sanfter Beleuchtung und einem Gef\u00fchl der Abgeschiedenheit von der Au\u00dfenwelt zu bieten.<\/p>\n<p>In unserem Hallenbad gibt es verschiedene myo-entspannende und funktionelle Wasserspiele f\u00fcr die ganze Familie, wie Nackenduschen, Hydromassage und Fu\u00dfmassagen.<\/p>\n<p>Besucher k\u00f6nnen in das warme Wasser eintauchen und von seiner beruhigenden Wirkung auf K\u00f6rper und Geist profitieren. Das Schwimmbad ist von Entspannungsbereichen wie Saunen, t\u00fcrkischen B\u00e4dern oder Massagebereichen umgeben, um ein umfassendes Erlebnis des Wohlbefindens und der Regeneration zu bieten.<\/p>\n<p>Der ideale Ort, um dem Alltagsstress zu entfliehen und sich in einer luxuri\u00f6sen und ruhigen Umgebung zu regenerieren.<\/p>\n<\/div>\n<div class=\"spawelldx\"><div style=\"display: none;\" class=\"crellyslider-slider crellyslider-slider-fixed crellyslider-slider-piscina_interna crellyslider-9\" id=\"crellyslider-9-69f2630f152fd\">\n<ul>\n<li\nstyle=\"\nbackground-color: transparent;\nbackground-image: url('https:\/\/gardenrelais.it\/wp-content\/uploads\/2023\/11\/garden-relais-piscina-interna-spa-8.jpg');\nbackground-position: center center;\nbackground-repeat: no-repeat;\nbackground-size: contain;\n\n\"\ndata-in=\"fadeLeft\"\ndata-ease-in=\"300\"\ndata-out=\"fadeLeft\"\ndata-ease-out=\"300\"\ndata-time=\"5000\"\n>\n<\/li>\n<li\nstyle=\"\nbackground-color: transparent;\nbackground-image: url('https:\/\/gardenrelais.it\/wp-content\/uploads\/2023\/11\/garden-relais-piscina-interna-spa-9.jpg');\nbackground-position: center center;\nbackground-repeat: no-repeat;\nbackground-size: contain;\n\n\"\ndata-in=\"fadeLeft\"\ndata-ease-in=\"300\"\ndata-out=\"fadeLeft\"\ndata-ease-out=\"300\"\ndata-time=\"5000\"\n>\n<\/li>\n<li\nstyle=\"\nbackground-color: transparent;\nbackground-image: url('https:\/\/gardenrelais.it\/wp-content\/uploads\/2023\/11\/garden-relais-piscina-interna-spa-10.jpg');\nbackground-position: center center;\nbackground-repeat: no-repeat;\nbackground-size: contain;\n\n\"\ndata-in=\"fadeLeft\"\ndata-ease-in=\"300\"\ndata-out=\"fadeLeft\"\ndata-ease-out=\"300\"\ndata-time=\"5000\"\n>\n<\/li>\n<li\nstyle=\"\nbackground-color: transparent;\nbackground-image: url('https:\/\/gardenrelais.it\/wp-content\/uploads\/2023\/11\/garden-relais-piscina-interna-spa-2.jpg');\nbackground-position: center center;\nbackground-repeat: no-repeat;\nbackground-size: contain;\n\n\"\ndata-in=\"fadeLeft\"\ndata-ease-in=\"300\"\ndata-out=\"fadeLeft\"\ndata-ease-out=\"300\"\ndata-time=\"5000\"\n>\n<\/li>\n<li\nstyle=\"\nbackground-color: transparent;\nbackground-image: url('https:\/\/gardenrelais.it\/wp-content\/uploads\/2023\/11\/garden-relais-piscina-interna-spa-7.jpg');\nbackground-position: center center;\nbackground-repeat: no-repeat;\nbackground-size: contain;\n\n\"\ndata-in=\"fadeLeft\"\ndata-ease-in=\"300\"\ndata-out=\"fadeLeft\"\ndata-ease-out=\"300\"\ndata-time=\"5000\"\n>\n<\/li>\n<li\nstyle=\"\nbackground-color: transparent;\nbackground-image: url('https:\/\/gardenrelais.it\/wp-content\/uploads\/2023\/11\/garden-relais-piscina-interna-spa-3.jpg');\nbackground-position: center center;\nbackground-repeat: no-repeat;\nbackground-size: contain;\n\n\"\ndata-in=\"fadeLeft\"\ndata-ease-in=\"300\"\ndata-out=\"fadeLeft\"\ndata-ease-out=\"300\"\ndata-time=\"5000\"\n>\n<\/li>\n<li\nstyle=\"\nbackground-color: transparent;\nbackground-image: url('https:\/\/gardenrelais.it\/wp-content\/uploads\/2023\/11\/garden-relais-piscina-interna-spa-1.jpg');\nbackground-position: center center;\nbackground-repeat: no-repeat;\nbackground-size: contain;\n\n\"\ndata-in=\"fadeLeft\"\ndata-ease-in=\"300\"\ndata-out=\"fadeLeft\"\ndata-ease-out=\"300\"\ndata-time=\"5000\"\n>\n<\/li>\n<li\nstyle=\"\nbackground-color: transparent;\nbackground-image: url('https:\/\/gardenrelais.it\/wp-content\/uploads\/2023\/11\/garden-relais-piscina-interna-spa-4.jpg');\nbackground-position: center center;\nbackground-repeat: no-repeat;\nbackground-size: contain;\n\n\"\ndata-in=\"fadeLeft\"\ndata-ease-in=\"300\"\ndata-out=\"fadeLeft\"\ndata-ease-out=\"300\"\ndata-time=\"5000\"\n>\n<\/li>\n<li\nstyle=\"\nbackground-color: transparent;\nbackground-image: url('https:\/\/gardenrelais.it\/wp-content\/uploads\/2023\/11\/garden-relais-piscina-interna-spa-12.jpg');\nbackground-position: center center;\nbackground-repeat: no-repeat;\nbackground-size: contain;\n\n\"\ndata-in=\"fadeLeft\"\ndata-ease-in=\"300\"\ndata-out=\"fadeLeft\"\ndata-ease-out=\"300\"\ndata-time=\"5000\"\n>\n<\/li>\n<li\nstyle=\"\nbackground-color: transparent;\nbackground-image: url('https:\/\/gardenrelais.it\/wp-content\/uploads\/2023\/11\/garden-relais-piscina-interna-spa-13.jpg');\nbackground-position: center center;\nbackground-repeat: no-repeat;\nbackground-size: contain;\n\n\"\ndata-in=\"fadeLeft\"\ndata-ease-in=\"300\"\ndata-out=\"fadeLeft\"\ndata-ease-out=\"300\"\ndata-time=\"5000\"\n>\n<\/li>\n<li\nstyle=\"\nbackground-color: transparent;\nbackground-image: url('https:\/\/gardenrelais.it\/wp-content\/uploads\/2023\/11\/garden-relais-piscina-interna-spa-11.jpg');\nbackground-position: center center;\nbackground-repeat: no-repeat;\nbackground-size: contain;\n\n\"\ndata-in=\"fadeLeft\"\ndata-ease-in=\"300\"\ndata-out=\"fadeLeft\"\ndata-ease-out=\"300\"\ndata-time=\"5000\"\n>\n<\/li>\n<li\nstyle=\"\nbackground-color: transparent;\nbackground-image: url('https:\/\/gardenrelais.it\/wp-content\/uploads\/2023\/11\/garden-relais-piscina-interna-spa-14.jpg');\nbackground-position: center center;\nbackground-repeat: no-repeat;\nbackground-size: contain;\n\n\"\ndata-in=\"fadeLeft\"\ndata-ease-in=\"300\"\ndata-out=\"fadeLeft\"\ndata-ease-out=\"300\"\ndata-time=\"5000\"\n>\n<\/li>\n<li\nstyle=\"\nbackground-color: transparent;\nbackground-image: url('https:\/\/gardenrelais.it\/wp-content\/uploads\/2023\/11\/garden-relais-piscina-interna-spa-6.jpg');\nbackground-position: center center;\nbackground-repeat: no-repeat;\nbackground-size: contain;\n\n\"\ndata-in=\"fadeLeft\"\ndata-ease-in=\"300\"\ndata-out=\"fadeLeft\"\ndata-ease-out=\"300\"\ndata-time=\"5000\"\n>\n<\/li>\n<\/ul>\n<\/div>\n<script type=\"text\/javascript\">\n(function($) {\n$(document).ready(function() {\n$(\"#crellyslider-9-69f2630f152fd\").crellySlider({\nlayout: 'fixed',\nresponsive: 1,\nstartWidth: 1200,\nstartHeight: 800,\nautomaticSlide: 0,\nshowControls: 1,\nshowNavigation: 0,\nenableSwipe: 1,\nshowProgressBar: 0,\npauseOnHover: 1,\nrandomOrder: 0,\nstartFromSlide: 0,\nbeforeStart : function() {},\nbeforeSetResponsive : function() {},\nbeforeSlideStart : function() {},\nbeforePause\t: function() {},\nbeforeResume : function() {},\n});\n});\n})(jQuery);\n<\/script>\n<\/div>\n<\/div>\n<div class=\"spawell spawell2\">\n<div class=\"spawellsx\">\n<h2>Au\u00dfenschwimmbad<\/h2>\n<p>Das SPA des Garden Relais ist ein Zufluchtsort ohne den Trubel der Veranstaltungen, ein Ort, an dem Sie dank des Au\u00dfenpools und der Gr\u00fcnfl\u00e4chen, in denen Sie fantastische Tage verbringen k\u00f6nnen, ein tiefes Gef\u00fchl des Wohlbefindens sp\u00fcren k\u00f6nnen in der Sonne und purer Entspannung.<\/p>\n<p>Sonnenschirme und Sonnenliegen stehen zur Verf\u00fcgung, um die Freifl\u00e4chen in v\u00f6lligem Komfort und Entspannung zu genie\u00dfen.<\/p>\n<p>In unserem Schwimmbad und im Au\u00dfenbereich gibt es verschiedene myo-entspannende und funktionelle Wasserspiele f\u00fcr die ganze Familie, wie Nackenduschen, Hydromassage und Fu\u00dfmassagen.<\/p>\n<\/div>\n<div class=\"spawelldx\"><div style=\"display: none;\" class=\"crellyslider-slider crellyslider-slider-fixed crellyslider-slider-piscina_esterna crellyslider-10\" id=\"crellyslider-10-69f2630f157fe\">\n<ul>\n<li\nstyle=\"\nbackground-color: transparent;\nbackground-image: url('https:\/\/gardenrelais.it\/wp-content\/uploads\/2023\/11\/garden-relais-piscina-esterna-3.jpg');\nbackground-position: center center;\nbackground-repeat: no-repeat;\nbackground-size: contain;\n\n\"\ndata-in=\"fadeLeft\"\ndata-ease-in=\"300\"\ndata-out=\"fadeLeft\"\ndata-ease-out=\"300\"\ndata-time=\"5000\"\n>\n<\/li>\n<li\nstyle=\"\nbackground-color: transparent;\nbackground-image: url('https:\/\/gardenrelais.it\/wp-content\/uploads\/2023\/11\/garden-relais-piscina-esterna-4.jpg');\nbackground-position: center center;\nbackground-repeat: no-repeat;\nbackground-size: contain;\n\n\"\ndata-in=\"fadeLeft\"\ndata-ease-in=\"300\"\ndata-out=\"fadeLeft\"\ndata-ease-out=\"300\"\ndata-time=\"5000\"\n>\n<\/li>\n<li\nstyle=\"\nbackground-color: transparent;\nbackground-image: url('https:\/\/gardenrelais.it\/wp-content\/uploads\/2023\/11\/garden-relais-piscina-esterna-5.jpg');\nbackground-position: center center;\nbackground-repeat: no-repeat;\nbackground-size: contain;\n\n\"\ndata-in=\"fadeLeft\"\ndata-ease-in=\"300\"\ndata-out=\"fadeLeft\"\ndata-ease-out=\"300\"\ndata-time=\"5000\"\n>\n<\/li>\n<li\nstyle=\"\nbackground-color: transparent;\nbackground-image: url('https:\/\/gardenrelais.it\/wp-content\/uploads\/2023\/11\/garden-relais-piscina-esterna-6.jpg');\nbackground-position: center center;\nbackground-repeat: no-repeat;\nbackground-size: contain;\n\n\"\ndata-in=\"fadeLeft\"\ndata-ease-in=\"300\"\ndata-out=\"fadeLeft\"\ndata-ease-out=\"300\"\ndata-time=\"5000\"\n>\n<\/li>\n<li\nstyle=\"\nbackground-color: transparent;\nbackground-image: url('https:\/\/gardenrelais.it\/wp-content\/uploads\/2023\/11\/garden-relais-piscina-esterna-7.jpg');\nbackground-position: center center;\nbackground-repeat: no-repeat;\nbackground-size: contain;\n\n\"\ndata-in=\"fadeLeft\"\ndata-ease-in=\"300\"\ndata-out=\"fadeLeft\"\ndata-ease-out=\"300\"\ndata-time=\"5000\"\n>\n<\/li>\n<li\nstyle=\"\nbackground-color: transparent;\nbackground-image: url('https:\/\/gardenrelais.it\/wp-content\/uploads\/2023\/11\/garden-relais-piscina-esterna-8.jpg');\nbackground-position: center center;\nbackground-repeat: no-repeat;\nbackground-size: contain;\n\n\"\ndata-in=\"fadeLeft\"\ndata-ease-in=\"300\"\ndata-out=\"fadeLeft\"\ndata-ease-out=\"300\"\ndata-time=\"5000\"\n>\n<\/li>\n<li\nstyle=\"\nbackground-color: transparent;\nbackground-image: url('https:\/\/gardenrelais.it\/wp-content\/uploads\/2023\/11\/garden-relais-piscina-esterna-9.jpg');\nbackground-position: center center;\nbackground-repeat: no-repeat;\nbackground-size: contain;\n\n\"\ndata-in=\"fadeLeft\"\ndata-ease-in=\"300\"\ndata-out=\"fadeLeft\"\ndata-ease-out=\"300\"\ndata-time=\"5000\"\n>\n<\/li>\n<li\nstyle=\"\nbackground-color: transparent;\nbackground-image: url('https:\/\/gardenrelais.it\/wp-content\/uploads\/2023\/11\/garden-relais-piscina-esterna-10.jpg');\nbackground-position: center center;\nbackground-repeat: no-repeat;\nbackground-size: contain;\n\n\"\ndata-in=\"fadeLeft\"\ndata-ease-in=\"300\"\ndata-out=\"fadeLeft\"\ndata-ease-out=\"300\"\ndata-time=\"5000\"\n>\n<\/li>\n<li\nstyle=\"\nbackground-color: transparent;\nbackground-image: url('https:\/\/gardenrelais.it\/wp-content\/uploads\/2023\/11\/garden-relais-piscina-esterna-11.jpg');\nbackground-position: center center;\nbackground-repeat: no-repeat;\nbackground-size: contain;\n\n\"\ndata-in=\"fadeLeft\"\ndata-ease-in=\"300\"\ndata-out=\"fadeLeft\"\ndata-ease-out=\"300\"\ndata-time=\"5000\"\n>\n<\/li>\n<li\nstyle=\"\nbackground-color: transparent;\nbackground-image: url('https:\/\/gardenrelais.it\/wp-content\/uploads\/2023\/11\/garden-relais-piscina-esterna-1.jpg');\nbackground-position: center center;\nbackground-repeat: no-repeat;\nbackground-size: contain;\n\n\"\ndata-in=\"fadeLeft\"\ndata-ease-in=\"300\"\ndata-out=\"fadeLeft\"\ndata-ease-out=\"300\"\ndata-time=\"5000\"\n>\n<\/li>\n<li\nstyle=\"\nbackground-color: transparent;\nbackground-image: url('https:\/\/gardenrelais.it\/wp-content\/uploads\/2023\/11\/garden-relais-piscina-esterna-2.jpg');\nbackground-position: center center;\nbackground-repeat: no-repeat;\nbackground-size: contain;\n\n\"\ndata-in=\"fadeLeft\"\ndata-ease-in=\"300\"\ndata-out=\"fadeLeft\"\ndata-ease-out=\"300\"\ndata-time=\"5000\"\n>\n<\/li>\n<\/ul>\n<\/div>\n<script type=\"text\/javascript\">\n(function($) {\n$(document).ready(function() {\n$(\"#crellyslider-10-69f2630f157fe\").crellySlider({\nlayout: 'fixed',\nresponsive: 1,\nstartWidth: 1200,\nstartHeight: 800,\nautomaticSlide: 0,\nshowControls: 1,\nshowNavigation: 0,\nenableSwipe: 1,\nshowProgressBar: 0,\npauseOnHover: 1,\nrandomOrder: 0,\nstartFromSlide: 0,\nbeforeStart : function() {},\nbeforeSetResponsive : function() {},\nbeforeSlideStart : function() {},\nbeforePause\t: function() {},\nbeforeResume : function() {},\n});\n});\n})(jQuery);\n<\/script>\n<\/div>\n<\/div>\n<p><\/p>","protected":false},"excerpt":{"rendered":"<p>Das SPA des Garden Relais, ein R\u00fcckzugsort ohne den Trubel der Veranstaltungen. Garden Relais ist die ideale Antwort f\u00fcr diejenigen, die einen Tag am Pool verbringen m\u00f6chten, sich aber einen ruhigen Ort g\u00f6nnen m\u00f6chten, um die gesunde Luft des Monte Grappa einzuatmen. Am Ende des Tages werden Sie sich regeneriert f\u00fchlen! Sommer Eintritt in die&hellip;&nbsp;<a href=\"https:\/\/gardenrelais.it\/de\/spa-wellness\/piscina\/\" class=\"\" rel=\"bookmark\">Weiterlesen &raquo;<span class=\"screen-reader-text\">Schwimmbad<\/span><\/a><\/p>\n","protected":false},"author":1,"featured_media":0,"parent":427,"menu_order":0,"comment_status":"closed","ping_status":"closed","template":"","meta":{"neve_meta_sidebar":"","neve_meta_container":"","neve_meta_enable_content_width":"off","neve_meta_content_width":100,"neve_meta_title_alignment":"","neve_meta_author_avatar":"","neve_post_elements_order":"","neve_meta_disable_header":"","neve_meta_disable_footer":"","neve_meta_disable_title":"on","footnotes":""},"class_list":["post-814","page","type-page","status-publish","hentry"],"_links":{"self":[{"href":"https:\/\/gardenrelais.it\/de\/wp-json\/wp\/v2\/pages\/814","targetHints":{"allow":["GET"]}}],"collection":[{"href":"https:\/\/gardenrelais.it\/de\/wp-json\/wp\/v2\/pages"}],"about":[{"href":"https:\/\/gardenrelais.it\/de\/wp-json\/wp\/v2\/types\/page"}],"author":[{"embeddable":true,"href":"https:\/\/gardenrelais.it\/de\/wp-json\/wp\/v2\/users\/1"}],"replies":[{"embeddable":true,"href":"https:\/\/gardenrelais.it\/de\/wp-json\/wp\/v2\/comments?post=814"}],"version-history":[{"count":0,"href":"https:\/\/gardenrelais.it\/de\/wp-json\/wp\/v2\/pages\/814\/revisions"}],"up":[{"embeddable":true,"href":"https:\/\/gardenrelais.it\/de\/wp-json\/wp\/v2\/pages\/427"}],"wp:attachment":[{"href":"https:\/\/gardenrelais.it\/de\/wp-json\/wp\/v2\/media?parent=814"}],"curies":[{"name":"wp","href":"https:\/\/api.w.org\/{rel}","templated":true}]}}