{"id":732,"date":"2023-11-03T12:17:37","date_gmt":"2023-11-03T11:17:37","guid":{"rendered":"https:\/\/gardenrelais.it\/?page_id=732"},"modified":"2024-03-11T08:45:47","modified_gmt":"2024-03-11T07:45:47","slug":"parapendio","status":"publish","type":"page","link":"https:\/\/gardenrelais.it\/de\/attivita\/parapendio\/","title":{"rendered":"Gleitschirmfliegen"},"content":{"rendered":"<p><\/p>\n<div class=\"toppage toppageparapendio\"><\/div>\n<div class=\"introvolo\">\nFliege aus Leidenschaft und Spa\u00df mit den Piloten des Montegrappa Tandem Teams, die seit vielen Jahren den Himmel \u00fcber Monte Grappa \u00fcberqueren.<br \/>\nDas im Garden Relais Hotel ans\u00e4ssige Team bietet ein absolut unvergessliches Erlebnis zum Verschenken oder zum Genie\u00dfen.<\/p>\n<p>Borso del Grappa ist ein internationales Zentrum des freien Fliegens Paragliding und Drachenfliegen mit ihren Starts und Landungen garantiert in allen Jahreszeiten des Jahres fliegen. Der beste Ort, um in Europa zu fliegen.<\/p>\n<p>Um diese wunderbare Aktivit\u00e4t zu entdecken, verlassen Sie sich auf die erfahrenen Piloten des Montegrappa Tandem Teams, die Ihnen ein intensives Gef\u00fchlserleben erm\u00f6glichen.<\/p>\n<p>Die logistische Basis im Garden Relais bietet eine Reihe von Dienstleistungen f\u00fcr den n\u00e4chsten Flug, darunter ein sch\u00f6nes Wellnesscenter, ein Au\u00dfenpool f\u00fcr den Sommer, ein gutes Essen und ein gutes Hotel f\u00fcr diejenigen, die ein paar gem\u00fctlichen Tage verbringen m\u00f6gen und entspannt.<\/p>\n<p>Eine ausgezeichnete Idee, um eine Junggesellenabschied, Junggesellenabschied oder andere wichtige Gelegenheit zu erleben.<br \/>\nLebe mit uns die Natur dieses wundervollen Territoriums<\/p>\n<\/div>\n<div class=\"sliderint\">\n<div style=\"display: none;\" class=\"crellyslider-slider crellyslider-slider-fixed crellyslider-slider-parapendio crellyslider-8\" id=\"crellyslider-8-69d7db6fc89e5\">\n<ul>\n<li\nstyle=\"\nbackground-color: transparent;\nbackground-image: url('https:\/\/gardenrelais.it\/wp-content\/uploads\/2023\/11\/garderelais-biposto1.jpg');\nbackground-position: center center;\nbackground-repeat: no-repeat;\nbackground-size: contain;\n\n\"\ndata-in=\"fadeLeft\"\ndata-ease-in=\"300\"\ndata-out=\"fadeLeft\"\ndata-ease-out=\"300\"\ndata-time=\"5000\"\n>\n<\/li>\n<li\nstyle=\"\nbackground-color: transparent;\nbackground-image: url('https:\/\/gardenrelais.it\/wp-content\/uploads\/2023\/11\/garderelais-biposto2.jpg');\nbackground-position: center center;\nbackground-repeat: no-repeat;\nbackground-size: contain;\n\n\"\ndata-in=\"fadeLeft\"\ndata-ease-in=\"300\"\ndata-out=\"fadeLeft\"\ndata-ease-out=\"300\"\ndata-time=\"5000\"\n>\n<\/li>\n<li\nstyle=\"\nbackground-color: transparent;\nbackground-image: url('https:\/\/gardenrelais.it\/wp-content\/uploads\/2023\/11\/garderelais-biposto3.jpg');\nbackground-position: center center;\nbackground-repeat: no-repeat;\nbackground-size: contain;\n\n\"\ndata-in=\"fadeLeft\"\ndata-ease-in=\"300\"\ndata-out=\"fadeLeft\"\ndata-ease-out=\"300\"\ndata-time=\"5000\"\n>\n<\/li>\n<li\nstyle=\"\nbackground-color: transparent;\nbackground-image: url('https:\/\/gardenrelais.it\/wp-content\/uploads\/2023\/11\/garderelais-biposto4.jpg');\nbackground-position: center center;\nbackground-repeat: no-repeat;\nbackground-size: contain;\n\n\"\ndata-in=\"fadeLeft\"\ndata-ease-in=\"300\"\ndata-out=\"fadeLeft\"\ndata-ease-out=\"300\"\ndata-time=\"5000\"\n>\n<\/li>\n<li\nstyle=\"\nbackground-color: transparent;\nbackground-image: url('https:\/\/gardenrelais.it\/wp-content\/uploads\/2023\/11\/garderelais-biposto5.jpg');\nbackground-position: center center;\nbackground-repeat: no-repeat;\nbackground-size: contain;\n\n\"\ndata-in=\"fadeLeft\"\ndata-ease-in=\"300\"\ndata-out=\"fadeLeft\"\ndata-ease-out=\"300\"\ndata-time=\"5000\"\n>\n<\/li>\n<li\nstyle=\"\nbackground-color: transparent;\nbackground-image: url('https:\/\/gardenrelais.it\/wp-content\/uploads\/2023\/11\/garderelais-biposto6.jpg');\nbackground-position: center center;\nbackground-repeat: no-repeat;\nbackground-size: contain;\n\n\"\ndata-in=\"fadeLeft\"\ndata-ease-in=\"300\"\ndata-out=\"fadeLeft\"\ndata-ease-out=\"300\"\ndata-time=\"5000\"\n>\n<\/li>\n<li\nstyle=\"\nbackground-color: transparent;\nbackground-image: url('https:\/\/gardenrelais.it\/wp-content\/uploads\/2023\/11\/garderelais-biposto7.jpg');\nbackground-position: center center;\nbackground-repeat: no-repeat;\nbackground-size: contain;\n\n\"\ndata-in=\"fadeLeft\"\ndata-ease-in=\"300\"\ndata-out=\"fadeLeft\"\ndata-ease-out=\"300\"\ndata-time=\"5000\"\n>\n<\/li>\n<li\nstyle=\"\nbackground-color: transparent;\nbackground-image: url('https:\/\/gardenrelais.it\/wp-content\/uploads\/2023\/11\/garderelais-biposto8.jpg');\nbackground-position: center center;\nbackground-repeat: no-repeat;\nbackground-size: contain;\n\n\"\ndata-in=\"fadeLeft\"\ndata-ease-in=\"300\"\ndata-out=\"fadeLeft\"\ndata-ease-out=\"300\"\ndata-time=\"5000\"\n>\n<\/li>\n<li\nstyle=\"\nbackground-color: transparent;\nbackground-image: url('https:\/\/gardenrelais.it\/wp-content\/uploads\/2023\/11\/garderelais-biposto9.jpg');\nbackground-position: center center;\nbackground-repeat: no-repeat;\nbackground-size: contain;\n\n\"\ndata-in=\"fadeLeft\"\ndata-ease-in=\"300\"\ndata-out=\"fadeLeft\"\ndata-ease-out=\"300\"\ndata-time=\"5000\"\n>\n<\/li>\n<\/ul>\n<\/div>\n<script type=\"text\/javascript\">\n(function($) {\n$(document).ready(function() {\n$(\"#crellyslider-8-69d7db6fc89e5\").crellySlider({\nlayout: 'fixed',\nresponsive: 1,\nstartWidth: 1200,\nstartHeight: 700,\nautomaticSlide: 0,\nshowControls: 1,\nshowNavigation: 0,\nenableSwipe: 1,\nshowProgressBar: 0,\npauseOnHover: 1,\nrandomOrder: 0,\nstartFromSlide: 0,\nbeforeStart : function() {},\nbeforeSetResponsive : function() {},\nbeforeSlideStart : function() {},\nbeforePause\t: function() {},\nbeforeResume : function() {},\n});\n});\n})(jQuery);\n<\/script>\n<\/div>\n<h1>Probesegeln<\/h1>\n<div class=\"introvolo\">\n<h2><span>Testzentrum<\/span>Montegrappa Flyhouse<\/h2>\n<h3>Testzentrum in Borso del Grappa &#8211; Sie k\u00f6nnen Ihren Schirm und das f\u00fcr Sie am besten geeignete Gurtzeug testen<\/h3>\n<p><img decoding=\"async\" src=\"https:\/\/gardenrelais.it\/wp-content\/uploads\/2023\/11\/Logo-Montegrappa-Fly-House-01.jpg\"><\/p>\n<p>Montegrappa Flyhouse<br \/>\nBorso del Grappa<br \/>\n<a href=\"tel:+393336648808\">+39 333 6648808<\/a><br \/>\n<a href=\"https:\/\/www.montegrappaflyhouse.it\/\">www.montegrappaflyhouse.it<\/a><\/p>\n<p><a href=\"https:\/\/www.montegrappaflyhouse.it\/contatti\" style=\"display: block;background: #fd310c;color: #fff;margin: 20px auto 0;padding: 6px 10px;text-align: center;width: 96%;max-width: 280px;text-transform: uppercase;\">Buchen Sie den Segeltest<\/a><\/p>\n<\/div>\n<div class=\"sliderint\">\n <div style=\"display: none;\" class=\"crellyslider-slider crellyslider-slider-fixed crellyslider-slider-prova_vele crellyslider-13\" id=\"crellyslider-13-69d7db6fc8d99\">\n<ul>\n<li\nstyle=\"\nbackground-color: transparent;\nbackground-image: url('https:\/\/gardenrelais.it\/wp-content\/uploads\/2023\/11\/garden-relais-centro-vele-1.jpg');\nbackground-position: center center;\nbackground-repeat: no-repeat;\nbackground-size: contain;\n\n\"\ndata-in=\"fadeLeft\"\ndata-ease-in=\"300\"\ndata-out=\"fadeLeft\"\ndata-ease-out=\"300\"\ndata-time=\"5000\"\n>\n<\/li>\n<li\nstyle=\"\nbackground-color: transparent;\nbackground-image: url('https:\/\/gardenrelais.it\/wp-content\/uploads\/2023\/11\/garden-relais-centro-vele-2.jpg');\nbackground-position: center center;\nbackground-repeat: no-repeat;\nbackground-size: contain;\n\n\"\ndata-in=\"fadeLeft\"\ndata-ease-in=\"300\"\ndata-out=\"fadeLeft\"\ndata-ease-out=\"300\"\ndata-time=\"5000\"\n>\n<\/li>\n<li\nstyle=\"\nbackground-color: transparent;\nbackground-image: url('https:\/\/gardenrelais.it\/wp-content\/uploads\/2023\/11\/garden-relais-centro-vele-3.jpg');\nbackground-position: center center;\nbackground-repeat: no-repeat;\nbackground-size: contain;\n\n\"\ndata-in=\"fadeLeft\"\ndata-ease-in=\"300\"\ndata-out=\"fadeLeft\"\ndata-ease-out=\"300\"\ndata-time=\"5000\"\n>\n<\/li>\n<li\nstyle=\"\nbackground-color: transparent;\nbackground-image: url('https:\/\/gardenrelais.it\/wp-content\/uploads\/2023\/11\/garden-relais-centro-vele-4.jpg');\nbackground-position: center center;\nbackground-repeat: no-repeat;\nbackground-size: contain;\n\n\"\ndata-in=\"fadeLeft\"\ndata-ease-in=\"300\"\ndata-out=\"fadeLeft\"\ndata-ease-out=\"300\"\ndata-time=\"5000\"\n>\n<\/li>\n<li\nstyle=\"\nbackground-color: transparent;\nbackground-image: url('https:\/\/gardenrelais.it\/wp-content\/uploads\/2023\/11\/garden-relais-centro-vele-5.jpg');\nbackground-position: center center;\nbackground-repeat: no-repeat;\nbackground-size: contain;\n\n\"\ndata-in=\"fadeLeft\"\ndata-ease-in=\"300\"\ndata-out=\"fadeLeft\"\ndata-ease-out=\"300\"\ndata-time=\"5000\"\n>\n<\/li>\n<li\nstyle=\"\nbackground-color: transparent;\nbackground-image: url('https:\/\/gardenrelais.it\/wp-content\/uploads\/2023\/11\/garden-relais-centro-vele-6.jpg');\nbackground-position: center center;\nbackground-repeat: no-repeat;\nbackground-size: contain;\n\n\"\ndata-in=\"fadeLeft\"\ndata-ease-in=\"300\"\ndata-out=\"fadeLeft\"\ndata-ease-out=\"300\"\ndata-time=\"5000\"\n>\n<\/li>\n<\/ul>\n<\/div>\n<script type=\"text\/javascript\">\n(function($) {\n$(document).ready(function() {\n$(\"#crellyslider-13-69d7db6fc8d99\").crellySlider({\nlayout: 'fixed',\nresponsive: 1,\nstartWidth: 1200,\nstartHeight: 700,\nautomaticSlide: 0,\nshowControls: 1,\nshowNavigation: 0,\nenableSwipe: 1,\nshowProgressBar: 0,\npauseOnHover: 1,\nrandomOrder: 0,\nstartFromSlide: 0,\nbeforeStart : function() {},\nbeforeSetResponsive : function() {},\nbeforeSlideStart : function() {},\nbeforePause\t: function() {},\nbeforeResume : function() {},\n});\n});\n})(jQuery);\n<\/script>\n<\/div>\n<div class=\"altreattivita\">\n<p class=\"titnews\">Die Aktivit\u00e4ten<\/p>\n<div class=\"altreattivitabox\"><a href=\"https:\/\/gardenrelais.it\/attivita\/parapendio\/\"><img loading=\"lazy\" decoding=\"async\" src=\"https:\/\/gardenrelais.it\/wp-content\/uploads\/2023\/11\/parapendio-attivita-garden-relais.png\" alt=\"\" width=\"100\" height=\"100\" class=\"alignnone size-full wp-image-970\" \/><strong>Gleitschirmfliegen<\/strong><\/a><\/div>\n<div class=\"altreattivitabox\"><a href=\"https:\/\/gardenrelais.it\/attivita\/bike\/\"><img loading=\"lazy\" decoding=\"async\" src=\"https:\/\/gardenrelais.it\/wp-content\/uploads\/2023\/11\/bike-attivita-garden-relais.png\" alt=\"\" width=\"100\" height=\"100\" class=\"alignnone size-full wp-image-967\" \/><strong>Bike<\/strong><\/a><\/div>\n<\/div>\n<p><\/p>","protected":false},"excerpt":{"rendered":"<p>Fliege aus Leidenschaft und Spa\u00df mit den Piloten des Montegrappa Tandem Teams, die seit vielen Jahren den Himmel \u00fcber Monte Grappa \u00fcberqueren. Das im Garden Relais Hotel ans\u00e4ssige Team bietet ein absolut unvergessliches Erlebnis zum Verschenken oder zum Genie\u00dfen. Borso del Grappa ist ein internationales Zentrum des freien Fliegens Paragliding und Drachenfliegen mit ihren Starts&hellip;&nbsp;<a href=\"https:\/\/gardenrelais.it\/de\/attivita\/parapendio\/\" class=\"\" rel=\"bookmark\">Weiterlesen &raquo;<span class=\"screen-reader-text\">Gleitschirmfliegen<\/span><\/a><\/p>\n","protected":false},"author":1,"featured_media":0,"parent":666,"menu_order":0,"comment_status":"closed","ping_status":"closed","template":"","meta":{"neve_meta_sidebar":"","neve_meta_container":"","neve_meta_enable_content_width":"off","neve_meta_content_width":100,"neve_meta_title_alignment":"","neve_meta_author_avatar":"","neve_post_elements_order":"","neve_meta_disable_header":"","neve_meta_disable_footer":"","neve_meta_disable_title":"on","footnotes":""},"class_list":["post-732","page","type-page","status-publish","hentry"],"publishpress_future_action":{"enabled":false,"date":"2026-04-16 19:01:35","action":"change-status","newStatus":"draft","terms":[],"taxonomy":"","extraData":[]},"publishpress_future_workflow_manual_trigger":{"enabledWorkflows":[]},"_links":{"self":[{"href":"https:\/\/gardenrelais.it\/de\/wp-json\/wp\/v2\/pages\/732","targetHints":{"allow":["GET"]}}],"collection":[{"href":"https:\/\/gardenrelais.it\/de\/wp-json\/wp\/v2\/pages"}],"about":[{"href":"https:\/\/gardenrelais.it\/de\/wp-json\/wp\/v2\/types\/page"}],"author":[{"embeddable":true,"href":"https:\/\/gardenrelais.it\/de\/wp-json\/wp\/v2\/users\/1"}],"replies":[{"embeddable":true,"href":"https:\/\/gardenrelais.it\/de\/wp-json\/wp\/v2\/comments?post=732"}],"version-history":[{"count":0,"href":"https:\/\/gardenrelais.it\/de\/wp-json\/wp\/v2\/pages\/732\/revisions"}],"up":[{"embeddable":true,"href":"https:\/\/gardenrelais.it\/de\/wp-json\/wp\/v2\/pages\/666"}],"wp:attachment":[{"href":"https:\/\/gardenrelais.it\/de\/wp-json\/wp\/v2\/media?parent=732"}],"curies":[{"name":"wp","href":"https:\/\/api.w.org\/{rel}","templated":true}]}}