{"id":686,"date":"2023-11-03T11:30:08","date_gmt":"2023-11-03T10:30:08","guid":{"rendered":"https:\/\/gardenrelais.it\/?page_id=686"},"modified":"2025-05-29T17:20:22","modified_gmt":"2025-05-29T15:20:22","slug":"bike","status":"publish","type":"page","link":"https:\/\/gardenrelais.it\/de\/attivita\/bike\/","title":{"rendered":"Bike"},"content":{"rendered":"<p><\/p>\n<div class=\"toppage toppagebike\"><\/div>\n<p class=\"introbike\">Am Fu\u00dfe des Monte Grappa befindet sich Garden Relais, Hotel Wellness &#038; Restaurant, ein Bezugspunkt f\u00fcr den Tourismus der Vorberge und bekannt f\u00fcr seine Gastfreundschaft und Vertrautheit.<br \/>\nMountainbike-Liebhaber finden im Garden Relais den perfekten Ausgangspunkt f\u00fcr ihre Ausfl\u00fcge, von wo aus Sie bequem die unz\u00e4hligen Routen des Monte Grappa erreichen k\u00f6nnen, die f\u00fcr jeden Schwierigkeitsgrad und Vorbereitung geeignet sind.<br \/>\nF\u00fcr diejenigen, die kein Fahrrad haben, bietet Garden Relais einen Mountainbike-, E-Bike- und Roadbike-Verleih f\u00fcr M\u00e4nner, Frauen und Kinder an, der die Zeit f\u00fcr den Ausflug ben\u00f6tigt.<br \/>\nF\u00fcr Gruppen steht ein Fahrradtransportdienst zur Verf\u00fcgung, um bequem den Ausgangspunkt der gew\u00e4hlten Route zu erreichen.<br \/>\nGarden Relais hat auch eine gro\u00dfe Garage, wo Sie Ihre Fahrzeuge in Sicherheit und Komfort parken k\u00f6nnen<\/p>\n<div class=\"eventibike\">\n<h2>Veranstaltungen<\/h2>\n<p><img loading=\"lazy\" decoding=\"async\" src=\"https:\/\/gardenrelais.it\/wp-content\/uploads\/2025\/05\/vivere-il-gravel-gardenrelais.it_.webp\" alt=\"\" width=\"426\" height=\"1000\" class=\"aligncenter size-full wp-image-18114\" srcset=\"https:\/\/gardenrelais.it\/wp-content\/uploads\/2025\/05\/vivere-il-gravel-gardenrelais.it_.webp 426w, https:\/\/gardenrelais.it\/wp-content\/uploads\/2025\/05\/vivere-il-gravel-gardenrelais.it_-256x600.webp 256w\" sizes=\"auto, (max-width: 426px) 100vw, 426px\" \/><br \/>\n<img loading=\"lazy\" decoding=\"async\" src=\"https:\/\/gardenrelais.it\/wp-content\/uploads\/2025\/05\/uscite-guidate-mountainbike-e-bike-garden-realis.webp\" alt=\"\" width=\"667\" height=\"1000\" class=\"aligncenter size-full wp-image-18115\" srcset=\"https:\/\/gardenrelais.it\/wp-content\/uploads\/2025\/05\/uscite-guidate-mountainbike-e-bike-garden-realis.webp 667w, https:\/\/gardenrelais.it\/wp-content\/uploads\/2025\/05\/uscite-guidate-mountainbike-e-bike-garden-realis-400x600.webp 400w\" sizes=\"auto, (max-width: 667px) 100vw, 667px\" \/>\n<\/div>\n<div class=\"servizibikeboxes\">\n<h2>Dienstleistungen<\/h2>\n<div class=\"servizibikebox sbk1\">\n<div class=\"povl\"><\/div>\n<p>Verleih von GPS-Navigationsger\u00e4ten<\/p>\n<\/div>\n<div class=\"servizibikebox sbk2\">\n<div class=\"povl\"><\/div>\n<p>Ausgestatteter Fahrrad- und E-Bike-Abstellraum<\/p>\n<\/div>\n<div class=\"servizibikebox sbk3\">\n<div class=\"povl\"><\/div>\n<p>Platz zum Waschen von Fahrr\u00e4dern<\/p>\n<\/div>\n<div class=\"servizibikebox sbk4\">\n<div class=\"povl\"><\/div>\n<p>Waschen von Sportbekleidung <em>(gegen Geb\u00fchr)<\/em><\/p>\n<\/div>\n<div class=\"servizibikebox sbk5\">\n<div class=\"povl\"><\/div>\n<p>Ratschl\u00e4ge zu Routen <\/p>\n<\/div>\n<div class=\"servizibikebox sbk6\">\n<div class=\"povl\"><\/div>\n<p>Lunchpaket  <em>(gegen Geb\u00fchr)<\/em><\/p>\n<\/div>\n<div class=\"servizibikebox sbk7\">\n<div class=\"povl\"><\/div>\n<p>Fahrrad-Shuttle  <em>(in Zusammenarbeit bezahlt)<\/em> <\/p>\n<\/div>\n<div class=\"servizibikebox sbk8\">\n<div class=\"povl\"><\/div>\n<p>Fahrradverleih <a href=\"https:\/\/viaromabikerental.it\/\" target=\"_blank\" style=\"color:#ccc;font-size:14px;text-decoration:none;text-transform:none;\">Zum Fahrradverleih<\/a> <\/p>\n<\/div>\n<\/div>\n<div class=\"percorsi\">\n<h2>Routen<\/h2>\n<div class=\"percorso\">\n<img loading=\"lazy\" decoding=\"async\" src=\"https:\/\/gardenrelais.it\/wp-content\/uploads\/2024\/03\/garden-relais-bike-hotel-percorsi-GR1-Valdobbiadene.jpg\" alt=\"\" width=\"750\" height=\"340\" class=\"aligncenter size-full wp-image-1578\" srcset=\"https:\/\/gardenrelais.it\/wp-content\/uploads\/2024\/03\/garden-relais-bike-hotel-percorsi-GR1-Valdobbiadene.jpg 750w, https:\/\/gardenrelais.it\/wp-content\/uploads\/2024\/03\/garden-relais-bike-hotel-percorsi-GR1-Valdobbiadene-700x317.jpg 700w, https:\/\/gardenrelais.it\/wp-content\/uploads\/2024\/03\/garden-relais-bike-hotel-percorsi-GR1-Valdobbiadene-600x272.jpg 600w\" sizes=\"auto, (max-width: 750px) 100vw, 750px\" \/><\/p>\n<h4>GR 1 &#8211; Valdobbiadene <a class=\"perc-pdf\" target=\"_blank\" href=\"https:\/\/gardenrelais.it\/wp-content\/uploads\/2024\/03\/GR-1-Valdobbiadene.pdf\" rel=\"noopener\"><img decoding=\"async\" src=\"https:\/\/gardenrelais.it\/wp-content\/uploads\/2024\/03\/icon-pdf.png\"><\/a><\/h4>\n<h5>Zwischen verzauberten Weinbergen und den H\u00fcgeln, die zum UNESCO-Weltkulturerbe geh\u00f6ren<\/h5>\n<table class=\"percorsoinfo\">\n<tr>\n<td><img loading=\"lazy\" decoding=\"async\" src=\"https:\/\/gardenrelais.it\/wp-content\/uploads\/2024\/03\/garden-relais-bike-hotel-distanza-icon.jpg\" alt=\"\" width=\"55\" height=\"55\" class=\"aligncenter size-full wp-image-1595\" \/><\/td>\n<td>Streckenl\u00e4nge<\/td>\n<td> 80 km<\/td>\n<\/tr>\n<tr>\n<td><img loading=\"lazy\" decoding=\"async\" src=\"https:\/\/gardenrelais.it\/wp-content\/uploads\/2024\/03\/garden-relais-bike-hotel-dislivello-icon.jpg\" alt=\"\" width=\"55\" height=\"55\" class=\"aligncenter size-full wp-image-1594\" \/> <\/td>\n<td>H\u00f6henunterschied<\/td>\n<td> 1090 m<\/td>\n<\/tr>\n<tr>\n<td><img loading=\"lazy\" decoding=\"async\" src=\"https:\/\/gardenrelais.it\/wp-content\/uploads\/2024\/03\/garden-relais-bike-hotel-bici-icon.png\" alt=\"\" width=\"55\" height=\"55\" class=\"aligncenter size-full wp-image-1594\" \/> <\/td>\n<td>Typ Rennrad<\/td>\n<td> Road<\/td>\n<\/tr>\n<\/table>\n<\/div>\n<div class=\"percorso\">\n<img loading=\"lazy\" decoding=\"async\" src=\"https:\/\/gardenrelais.it\/wp-content\/uploads\/2024\/03\/garden-relais-bike-hotel-percorsi-GR2-susegana.jpg\" alt=\"\" width=\"750\" height=\"340\" class=\"aligncenter size-full wp-image-1579\" srcset=\"https:\/\/gardenrelais.it\/wp-content\/uploads\/2024\/03\/garden-relais-bike-hotel-percorsi-GR2-susegana.jpg 750w, https:\/\/gardenrelais.it\/wp-content\/uploads\/2024\/03\/garden-relais-bike-hotel-percorsi-GR2-susegana-700x317.jpg 700w, https:\/\/gardenrelais.it\/wp-content\/uploads\/2024\/03\/garden-relais-bike-hotel-percorsi-GR2-susegana-600x272.jpg 600w\" sizes=\"auto, (max-width: 750px) 100vw, 750px\" \/><\/p>\n<h4>GR 2 &#8211; Susegana <a class=\"perc-pdf\" target=\"_blank\" href=\"https:\/\/gardenrelais.it\/wp-content\/uploads\/2024\/03\/GR-2-Susegana.pdf\" rel=\"noopener\"><img decoding=\"async\" src=\"https:\/\/gardenrelais.it\/wp-content\/uploads\/2024\/03\/icon-pdf.png\"><\/a><\/h4>\n<h5>Der Montello, der Piave und die Burgen der Gegend von Treviso<\/h5>\n<table class=\"percorsoinfo\">\n<tr>\n<td><img loading=\"lazy\" decoding=\"async\" src=\"https:\/\/gardenrelais.it\/wp-content\/uploads\/2024\/03\/garden-relais-bike-hotel-distanza-icon.jpg\" alt=\"\" width=\"55\" height=\"55\" class=\"aligncenter size-full wp-image-1595\" \/><\/td>\n<td>Streckenl\u00e4nge<\/td>\n<td> 110 km<\/td>\n<\/tr>\n<tr>\n<td><img loading=\"lazy\" decoding=\"async\" src=\"https:\/\/gardenrelais.it\/wp-content\/uploads\/2024\/03\/garden-relais-bike-hotel-dislivello-icon.jpg\" alt=\"\" width=\"55\" height=\"55\" class=\"aligncenter size-full wp-image-1594\" \/> <\/td>\n<td>H\u00f6henunterschied<\/td>\n<td> 893 m<\/td>\n<\/tr>\n<tr>\n<td><img loading=\"lazy\" decoding=\"async\" src=\"https:\/\/gardenrelais.it\/wp-content\/uploads\/2024\/03\/garden-relais-bike-hotel-bici-icon.png\" alt=\"\" width=\"55\" height=\"55\" class=\"aligncenter size-full wp-image-1594\" \/> <\/td>\n<td>Typ Rennrad<\/td>\n<td> Road<\/td>\n<\/tr>\n<\/table>\n<\/div>\n<div class=\"percorso\">\n<img loading=\"lazy\" decoding=\"async\" src=\"https:\/\/gardenrelais.it\/wp-content\/uploads\/2024\/03\/garden-relais-bike-hotel-percorsi-GR3-monte-grappa.jpg\" alt=\"\" width=\"750\" height=\"340\" class=\"aligncenter size-full wp-image-1580\" srcset=\"https:\/\/gardenrelais.it\/wp-content\/uploads\/2024\/03\/garden-relais-bike-hotel-percorsi-GR3-monte-grappa.jpg 750w, https:\/\/gardenrelais.it\/wp-content\/uploads\/2024\/03\/garden-relais-bike-hotel-percorsi-GR3-monte-grappa-700x317.jpg 700w, https:\/\/gardenrelais.it\/wp-content\/uploads\/2024\/03\/garden-relais-bike-hotel-percorsi-GR3-monte-grappa-600x272.jpg 600w\" sizes=\"auto, (max-width: 750px) 100vw, 750px\" \/><\/p>\n<h4>GR 3 \u2013 Monte Grappa <a class=\"perc-pdf\" target=\"_blank\" href=\"https:\/\/gardenrelais.it\/wp-content\/uploads\/2024\/03\/GR-3-Grappa.pdf\" rel=\"noopener\"><img decoding=\"async\" src=\"https:\/\/gardenrelais.it\/wp-content\/uploads\/2024\/03\/icon-pdf.png\"><\/a><\/h4>\n<h5>Ein Berg als Bollwerk der venezianischen Ebene. Ein Mythos in der Geschichte des Ersten Weltkriegs<\/h5>\n<table class=\"percorsoinfo\">\n<tr>\n<td><img loading=\"lazy\" decoding=\"async\" src=\"https:\/\/gardenrelais.it\/wp-content\/uploads\/2024\/03\/garden-relais-bike-hotel-distanza-icon.jpg\" alt=\"\" width=\"55\" height=\"55\" class=\"aligncenter size-full wp-image-1595\" \/><\/td>\n<td>Streckenl\u00e4nge<\/td>\n<td> 100 km<\/td>\n<\/tr>\n<tr>\n<td><img loading=\"lazy\" decoding=\"async\" src=\"https:\/\/gardenrelais.it\/wp-content\/uploads\/2024\/03\/garden-relais-bike-hotel-dislivello-icon.jpg\" alt=\"\" width=\"55\" height=\"55\" class=\"aligncenter size-full wp-image-1594\" \/> <\/td>\n<td>Dislivello<\/td>\n<td> 2238 m<\/td>\n<\/tr>\n<tr>\n<td><img loading=\"lazy\" decoding=\"async\" src=\"https:\/\/gardenrelais.it\/wp-content\/uploads\/2024\/03\/garden-relais-bike-hotel-bici-icon.png\" alt=\"\" width=\"55\" height=\"55\" class=\"aligncenter size-full wp-image-1594\" \/> <\/td>\n<td>Typ Rennrad<\/td>\n<td> Road<\/td>\n<\/tr>\n<\/table>\n<\/div>\n<div class=\"percorso\">\n<img loading=\"lazy\" decoding=\"async\" src=\"https:\/\/gardenrelais.it\/wp-content\/uploads\/2024\/03\/garden-relais-bike-hotel-percorsi-GR4-passo-zovo.jpg\" alt=\"\" width=\"750\" height=\"340\" class=\"aligncenter size-full wp-image-1581\" srcset=\"https:\/\/gardenrelais.it\/wp-content\/uploads\/2024\/03\/garden-relais-bike-hotel-percorsi-GR4-passo-zovo.jpg 750w, https:\/\/gardenrelais.it\/wp-content\/uploads\/2024\/03\/garden-relais-bike-hotel-percorsi-GR4-passo-zovo-700x317.jpg 700w, https:\/\/gardenrelais.it\/wp-content\/uploads\/2024\/03\/garden-relais-bike-hotel-percorsi-GR4-passo-zovo-600x272.jpg 600w\" sizes=\"auto, (max-width: 750px) 100vw, 750px\" \/><\/p>\n<h4>GR 4 &#8211; Passo Zovo <a class=\"perc-pdf\" target=\"_blank\" href=\"https:\/\/gardenrelais.it\/wp-content\/uploads\/2024\/03\/GR-4-Zovo.pdf\" rel=\"noopener\"><img decoding=\"async\" src=\"https:\/\/gardenrelais.it\/wp-content\/uploads\/2024\/03\/icon-pdf.png\"><\/a><\/h4>\n<h5>Wasserscheide zwischen Val Leogra und Valle dell&#8217;Agno. Ein historisches Radreiseziel<\/h5>\n<table class=\"percorsoinfo\">\n<tr>\n<td><img loading=\"lazy\" decoding=\"async\" src=\"https:\/\/gardenrelais.it\/wp-content\/uploads\/2024\/03\/garden-relais-bike-hotel-distanza-icon.jpg\" alt=\"\" width=\"55\" height=\"55\" class=\"aligncenter size-full wp-image-1595\" \/><\/td>\n<td>Streckenl\u00e4nge<\/td>\n<td> 120 km<\/td>\n<\/tr>\n<tr>\n<td><img loading=\"lazy\" decoding=\"async\" src=\"https:\/\/gardenrelais.it\/wp-content\/uploads\/2024\/03\/garden-relais-bike-hotel-dislivello-icon.jpg\" alt=\"\" width=\"55\" height=\"55\" class=\"aligncenter size-full wp-image-1594\" \/> <\/td>\n<td>H\u00f6henunterschied<\/td>\n<td> 1164 m<\/td>\n<\/tr>\n<tr>\n<td><img loading=\"lazy\" decoding=\"async\" src=\"https:\/\/gardenrelais.it\/wp-content\/uploads\/2024\/03\/garden-relais-bike-hotel-bici-icon.png\" alt=\"\" width=\"55\" height=\"55\" class=\"aligncenter size-full wp-image-1594\" \/> <\/td>\n<td>Typ Rennrad<\/td>\n<td> Road<\/td>\n<\/tr>\n<\/table>\n<\/div>\n<div class=\"percorso\">\n<img loading=\"lazy\" decoding=\"async\" src=\"https:\/\/gardenrelais.it\/wp-content\/uploads\/2024\/03\/garden-relais-bike-hotel-percorsi-GR5-tretto.jpg\" alt=\"\" width=\"750\" height=\"340\" class=\"aligncenter size-full wp-image-1582\" srcset=\"https:\/\/gardenrelais.it\/wp-content\/uploads\/2024\/03\/garden-relais-bike-hotel-percorsi-GR5-tretto.jpg 750w, https:\/\/gardenrelais.it\/wp-content\/uploads\/2024\/03\/garden-relais-bike-hotel-percorsi-GR5-tretto-700x317.jpg 700w, https:\/\/gardenrelais.it\/wp-content\/uploads\/2024\/03\/garden-relais-bike-hotel-percorsi-GR5-tretto-600x272.jpg 600w\" sizes=\"auto, (max-width: 750px) 100vw, 750px\" \/><\/p>\n<h4>GR 5 \u2013 Tretto <a class=\"perc-pdf\" target=\"_blank\" href=\"https:\/\/gardenrelais.it\/wp-content\/uploads\/2024\/03\/GR-5-Tretto.pdf\" rel=\"noopener\"><img decoding=\"async\" src=\"https:\/\/gardenrelais.it\/wp-content\/uploads\/2024\/03\/icon-pdf.png\"><\/a><\/h4>\n<h5>Vier Weiler und 82 Ortsteile. Ein Gebiet unweit der Ebene, das darauf wartet, entdeckt zu werden<\/h5>\n<table class=\"percorsoinfo\">\n<tr>\n<td><img loading=\"lazy\" decoding=\"async\" src=\"https:\/\/gardenrelais.it\/wp-content\/uploads\/2024\/03\/garden-relais-bike-hotel-distanza-icon.jpg\" alt=\"\" width=\"55\" height=\"55\" class=\"aligncenter size-full wp-image-1595\" \/><\/td>\n<td>Streckenl\u00e4nge<\/td>\n<td> 120 km<\/td>\n<\/tr>\n<tr>\n<td><img loading=\"lazy\" decoding=\"async\" src=\"https:\/\/gardenrelais.it\/wp-content\/uploads\/2024\/03\/garden-relais-bike-hotel-dislivello-icon.jpg\" alt=\"\" width=\"55\" height=\"55\" class=\"aligncenter size-full wp-image-1594\" \/> <\/td>\n<td>H\u00f6henunterschied<\/td>\n<td> 1129 m<\/td>\n<\/tr>\n<tr>\n<td><img loading=\"lazy\" decoding=\"async\" src=\"https:\/\/gardenrelais.it\/wp-content\/uploads\/2024\/03\/garden-relais-bike-hotel-bici-icon.png\" alt=\"\" width=\"55\" height=\"55\" class=\"aligncenter size-full wp-image-1594\" \/> <\/td>\n<td>Typ Rennrad<\/td>\n<td> Road<\/td>\n<\/tr>\n<\/table>\n<\/div>\n<div class=\"percorso\">\n<img loading=\"lazy\" decoding=\"async\" src=\"https:\/\/gardenrelais.it\/wp-content\/uploads\/2024\/03\/garden-relais-bike-hotel-percorsi-GR6-asiago.jpg\" alt=\"\" width=\"750\" height=\"340\" class=\"aligncenter size-full wp-image-1583\" srcset=\"https:\/\/gardenrelais.it\/wp-content\/uploads\/2024\/03\/garden-relais-bike-hotel-percorsi-GR6-asiago.jpg 750w, https:\/\/gardenrelais.it\/wp-content\/uploads\/2024\/03\/garden-relais-bike-hotel-percorsi-GR6-asiago-700x317.jpg 700w, https:\/\/gardenrelais.it\/wp-content\/uploads\/2024\/03\/garden-relais-bike-hotel-percorsi-GR6-asiago-600x272.jpg 600w\" sizes=\"auto, (max-width: 750px) 100vw, 750px\" \/><\/p>\n<h4>GR 6 \u2013 Asiago <a class=\"perc-pdf\" target=\"_blank\" href=\"https:\/\/gardenrelais.it\/wp-content\/uploads\/2024\/03\/GR-6-Asiago.pdf\" rel=\"noopener\"><img decoding=\"async\" src=\"https:\/\/gardenrelais.it\/wp-content\/uploads\/2024\/03\/icon-pdf.png\"><\/a><\/h4>\n<h5>Das Plateau der Wunder, zwischen sanften Wiesen und stillen W\u00e4ldern<\/h5>\n<table class=\"percorsoinfo\">\n<tr>\n<td><img loading=\"lazy\" decoding=\"async\" src=\"https:\/\/gardenrelais.it\/wp-content\/uploads\/2024\/03\/garden-relais-bike-hotel-distanza-icon.jpg\" alt=\"\" width=\"55\" height=\"55\" class=\"aligncenter size-full wp-image-1595\" \/><\/td>\n<td>Streckenl\u00e4nge<\/td>\n<td> 105 km<\/td>\n<\/tr>\n<tr>\n<td><img loading=\"lazy\" decoding=\"async\" src=\"https:\/\/gardenrelais.it\/wp-content\/uploads\/2024\/03\/garden-relais-bike-hotel-dislivello-icon.jpg\" alt=\"\" width=\"55\" height=\"55\" class=\"aligncenter size-full wp-image-1594\" \/> <\/td>\n<td>H\u00f6henunterschied<\/td>\n<td> 15884 m<\/td>\n<\/tr>\n<tr>\n<td><img loading=\"lazy\" decoding=\"async\" src=\"https:\/\/gardenrelais.it\/wp-content\/uploads\/2024\/03\/garden-relais-bike-hotel-bici-icon.png\" alt=\"\" width=\"55\" height=\"55\" class=\"aligncenter size-full wp-image-1594\" \/> <\/td>\n<td>Typ Rennrad<\/td>\n<td> Road<\/td>\n<\/tr>\n<\/table>\n<\/div>\n<\/div>\n<div class=\"altreattivita\">\n<p class=\"titnews\">Die Aktivit\u00e4ten<\/p>\n<div class=\"altreattivitabox\"><a href=\"https:\/\/gardenrelais.it\/attivita\/parapendio\/\"><img loading=\"lazy\" decoding=\"async\" src=\"https:\/\/gardenrelais.it\/wp-content\/uploads\/2023\/11\/parapendio-attivita-garden-relais.png\" alt=\"\" width=\"100\" height=\"100\" class=\"alignnone size-full wp-image-970\" \/><strong>Gleitschirmfliegen<\/strong><\/a><\/div>\n<div class=\"altreattivitabox\"><a href=\"https:\/\/gardenrelais.it\/attivita\/bike\/\"><img loading=\"lazy\" decoding=\"async\" src=\"https:\/\/gardenrelais.it\/wp-content\/uploads\/2023\/11\/bike-attivita-garden-relais.png\" alt=\"\" width=\"100\" height=\"100\" class=\"alignnone size-full wp-image-967\" \/><strong>Bike<\/strong><\/a><\/div>\n<p><!--\n\n<div class=\"altreattivitabox\"><a href=\"https:\/\/gardenrelais.it\/attivita\/escursioni\"><img loading=\"lazy\" decoding=\"async\" src=\"https:\/\/gardenrelais.it\/wp-content\/uploads\/2023\/11\/escursioni-attivita-garden-relais.png\" alt=\"\" width=\"100\" height=\"100\" class=\"alignnone size-full wp-image-969\" \/><strong>Ausfl\u00fcge<\/strong><\/a><\/div>\n\n\n\n\n<div class=\"altreattivitabox\"><a href=\"https:\/\/gardenrelais.it\/attivita\/enogastronomia\"><img loading=\"lazy\" decoding=\"async\" src=\"https:\/\/gardenrelais.it\/wp-content\/uploads\/2023\/11\/enogastronomia-attivita-garden-relais.png\" alt=\"\" width=\"100\" height=\"100\" class=\"alignnone size-full wp-image-968\" \/><strong>Essen und Wein<\/strong><\/a><\/div>\n\n-->\n<\/div>\n<p><\/p>","protected":false},"excerpt":{"rendered":"<p>Am Fu\u00dfe des Monte Grappa befindet sich Garden Relais, Hotel Wellness &#038; Restaurant, ein Bezugspunkt f\u00fcr den Tourismus der Vorberge und bekannt f\u00fcr seine Gastfreundschaft und Vertrautheit. Mountainbike-Liebhaber finden im Garden Relais den perfekten Ausgangspunkt f\u00fcr ihre Ausfl\u00fcge, von wo aus Sie bequem die unz\u00e4hligen Routen des Monte Grappa erreichen k\u00f6nnen, die f\u00fcr jeden Schwierigkeitsgrad&hellip;&nbsp;<a href=\"https:\/\/gardenrelais.it\/de\/attivita\/bike\/\" class=\"\" rel=\"bookmark\">Weiterlesen &raquo;<span class=\"screen-reader-text\">Bike<\/span><\/a><\/p>\n","protected":false},"author":1,"featured_media":0,"parent":666,"menu_order":0,"comment_status":"closed","ping_status":"closed","template":"","meta":{"neve_meta_sidebar":"","neve_meta_container":"","neve_meta_enable_content_width":"off","neve_meta_content_width":100,"neve_meta_title_alignment":"","neve_meta_author_avatar":"","neve_post_elements_order":"","neve_meta_disable_header":"","neve_meta_disable_footer":"","neve_meta_disable_title":"on","footnotes":""},"class_list":["post-686","page","type-page","status-publish","hentry"],"publishpress_future_action":{"enabled":false,"date":"2026-04-16 16:32:22","action":"change-status","newStatus":"draft","terms":[],"taxonomy":"","extraData":[]},"publishpress_future_workflow_manual_trigger":{"enabledWorkflows":[]},"_links":{"self":[{"href":"https:\/\/gardenrelais.it\/de\/wp-json\/wp\/v2\/pages\/686","targetHints":{"allow":["GET"]}}],"collection":[{"href":"https:\/\/gardenrelais.it\/de\/wp-json\/wp\/v2\/pages"}],"about":[{"href":"https:\/\/gardenrelais.it\/de\/wp-json\/wp\/v2\/types\/page"}],"author":[{"embeddable":true,"href":"https:\/\/gardenrelais.it\/de\/wp-json\/wp\/v2\/users\/1"}],"replies":[{"embeddable":true,"href":"https:\/\/gardenrelais.it\/de\/wp-json\/wp\/v2\/comments?post=686"}],"version-history":[{"count":7,"href":"https:\/\/gardenrelais.it\/de\/wp-json\/wp\/v2\/pages\/686\/revisions"}],"predecessor-version":[{"id":18118,"href":"https:\/\/gardenrelais.it\/de\/wp-json\/wp\/v2\/pages\/686\/revisions\/18118"}],"up":[{"embeddable":true,"href":"https:\/\/gardenrelais.it\/de\/wp-json\/wp\/v2\/pages\/666"}],"wp:attachment":[{"href":"https:\/\/gardenrelais.it\/de\/wp-json\/wp\/v2\/media?parent=686"}],"curies":[{"name":"wp","href":"https:\/\/api.w.org\/{rel}","templated":true}]}}