{"id":666,"date":"2023-11-03T10:55:34","date_gmt":"2023-11-03T09:55:34","guid":{"rendered":"https:\/\/gardenrelais.it\/?page_id=666"},"modified":"2024-07-04T12:30:26","modified_gmt":"2024-07-04T10:30:26","slug":"attivita","status":"publish","type":"page","link":"https:\/\/gardenrelais.it\/de\/attivita\/","title":{"rendered":"Aktivit\u00e4ten"},"content":{"rendered":"<p><\/p>\n<div class=\"toppage toppageattivita\"><\/div>\n<div class=\"chisiamo\">\n<p class=\"subti\">in Borso del Grappa<\/a><\/p>\n<h1>Outdoor-Aktivit\u00e4ten<\/h1>\n<p><strong>Gleitschirmfliegen. Fahrrad. Ausfl\u00fcge. <\/strong><\/p>\n<p>Dank der g\u00fcnstigen geografischen Lage k\u00f6nnen Sie im Graden Relais sportliche und kulturelle Aktivit\u00e4ten aller Art aus\u00fcben. Die N\u00e4he zu Venedig, Treviso und Vicenza bietet einzigartige Reiserouten und reich an kulturellen Besonderheiten. Die besonderen Str\u00f6mungen, die an den H\u00e4ngen des Monte Grappa entstehen, erm\u00f6glichen es, das ganze Jahr \u00fcber Flugaktivit\u00e4ten durchzuf\u00fchren. Das Angebot umfasst auch andere sportliche Aktivit\u00e4ten, die alle in unmittelbarer N\u00e4he des Hotels m\u00f6glich sind: Golf, Schwimmen, kostenloses Clymbing, Rafting und Kajakfahren.<\/p>\n<div class=\"hotelicons\"><img loading=\"lazy\" decoding=\"async\" src=\"https:\/\/gardenrelais.it\/wp-content\/uploads\/2023\/11\/parapendio-attivita-garden-relais.png\" alt=\"\" width=\"100\" height=\"100\" class=\"alignnone size-full wp-image-970\" \/><img loading=\"lazy\" decoding=\"async\" src=\"https:\/\/gardenrelais.it\/wp-content\/uploads\/2023\/11\/bike-attivita-garden-relais.png\" alt=\"\" width=\"100\" height=\"100\" class=\"alignnone size-full wp-image-967\" \/><img loading=\"lazy\" decoding=\"async\" src=\"https:\/\/gardenrelais.it\/wp-content\/uploads\/2023\/11\/escursioni-attivita-garden-relais.png\" alt=\"\" width=\"100\" height=\"100\" class=\"alignnone size-full wp-image-969\" \/><\/div>\n<\/div>\n<\/div>\n<div class=\"attivita\">\n<div class=\"attivitasx\">\n<h2>Gleitschirmfliegen<\/h2>\n<p>Gleitschirmfliegen und Tandem-Drachenfliegen sind der erste Schritt, um dieser Welt n\u00e4her zu kommen. In Begleitung qualifizierter Piloten und erfahrener Instruktoren ist es m\u00f6glich, dieses Abenteuer in v\u00f6lliger Sicherheit und Ruhe zu bew\u00e4ltigen.<br \/>\n<a href=\"https:\/\/gardenrelais.it\/attivita\/parapendio\">Entdecken<\/a><\/div>\n<div class=\"attivitadx\"><img decoding=\"async\" src=\"https:\/\/gardenrelais.it\/wp-content\/uploads\/2023\/11\/garden-relais-attivita-parapendio.jpg\"><\/div>\n<\/div>\n<div class=\"attivita attivita2\">\n<div class=\"attivitasx\">\n<h2>Bike<\/h2>\n<p>Erleben Sie eine gef\u00fchrte Fahrradtour und entdecken Sie die sch\u00f6nsten Ecken unserer Region. Sie bestimmen das Ziel, die Dauer, den Schwierigkeitsgrad und das Fahrrad: MTB, Rennrad, E-Bike, Citybike<br \/>\n<a href=\"https:\/\/gardenrelais.it\/attivita\/bike\/\">Entdecken<\/a><\/div>\n<div class=\"attivitadx\"><img decoding=\"async\" src=\"https:\/\/gardenrelais.it\/wp-content\/uploads\/2023\/11\/garden-relais-attivita-bike.jpg\"><\/div>\n<\/div>\n<p><!--\n\n<div class=\"attivita\">\n\n\n<div class=\"attivitasx\">\n\n\n<h2>Ausfl\u00fcge<\/h2>\n\n\nEs stehen verschiedene Ausfl\u00fcge mit kleinen oder gro\u00dfen Gruppen zur Verf\u00fcgung, die vollst\u00e4ndig anpassbar sind. Wir gehen flexibel auf Ihre W\u00fcnsche ein\n<a href=\"https:\/\/gardenrelais.it\/attivita\/escursioni\">Entdecken<\/a><\/div>\n\n\n\n\n<div class=\"attivitadx\"><img decoding=\"async\" src=\"https:\/\/gardenrelais.it\/wp-content\/uploads\/2023\/11\/garden-relais-attivita-escursioni.webp\"><\/div>\n\n\n<\/div>\n\n\n\n\n<div class=\"attivita attivita2\">\n\n\n<div class=\"attivitasx\">\n\n\n<h2>Essen und Wein<\/h2>\n\n\nTauchen Sie ein in eine kulinarische Reise voller Entdeckungen und Gen\u00fcsse f\u00fcr die Sinne.\n<a href=\"https:\/\/gardenrelais.it\/attivita\/enogastronomia\/\">Entdecken<\/a><\/div>\n\n\n\n\n<div class=\"attivitadx\"><img decoding=\"async\" src=\"https:\/\/gardenrelais.it\/wp-content\/uploads\/2023\/11\/garden-relais-attivita-enogastronomia.jpg\"><\/div>\n\n\n<\/div>\n\n--><\/p>","protected":false},"excerpt":{"rendered":"<p>in Borso del Grappa Outdoor-Aktivit\u00e4ten Gleitschirmfliegen. Fahrrad. Ausfl\u00fcge. Dank der g\u00fcnstigen geografischen Lage k\u00f6nnen Sie im Graden Relais sportliche und kulturelle Aktivit\u00e4ten aller Art aus\u00fcben. Die N\u00e4he zu Venedig, Treviso und Vicenza bietet einzigartige Reiserouten und reich an kulturellen Besonderheiten. Die besonderen Str\u00f6mungen, die an den H\u00e4ngen des Monte Grappa entstehen, erm\u00f6glichen es, das ganze&hellip;&nbsp;<a href=\"https:\/\/gardenrelais.it\/de\/attivita\/\" class=\"\" rel=\"bookmark\">Weiterlesen &raquo;<span class=\"screen-reader-text\">Aktivit\u00e4ten<\/span><\/a><\/p>\n","protected":false},"author":1,"featured_media":0,"parent":0,"menu_order":0,"comment_status":"closed","ping_status":"closed","template":"","meta":{"neve_meta_sidebar":"","neve_meta_container":"","neve_meta_enable_content_width":"off","neve_meta_content_width":100,"neve_meta_title_alignment":"","neve_meta_author_avatar":"","neve_post_elements_order":"","neve_meta_disable_header":"","neve_meta_disable_footer":"","neve_meta_disable_title":"on","footnotes":""},"class_list":["post-666","page","type-page","status-publish","hentry"],"publishpress_future_action":{"enabled":false,"date":"2026-04-16 13:37:44","action":"change-status","newStatus":"draft","terms":[],"taxonomy":"","extraData":[]},"publishpress_future_workflow_manual_trigger":{"enabledWorkflows":[]},"_links":{"self":[{"href":"https:\/\/gardenrelais.it\/de\/wp-json\/wp\/v2\/pages\/666","targetHints":{"allow":["GET"]}}],"collection":[{"href":"https:\/\/gardenrelais.it\/de\/wp-json\/wp\/v2\/pages"}],"about":[{"href":"https:\/\/gardenrelais.it\/de\/wp-json\/wp\/v2\/types\/page"}],"author":[{"embeddable":true,"href":"https:\/\/gardenrelais.it\/de\/wp-json\/wp\/v2\/users\/1"}],"replies":[{"embeddable":true,"href":"https:\/\/gardenrelais.it\/de\/wp-json\/wp\/v2\/comments?post=666"}],"version-history":[{"count":0,"href":"https:\/\/gardenrelais.it\/de\/wp-json\/wp\/v2\/pages\/666\/revisions"}],"wp:attachment":[{"href":"https:\/\/gardenrelais.it\/de\/wp-json\/wp\/v2\/media?parent=666"}],"curies":[{"name":"wp","href":"https:\/\/api.w.org\/{rel}","templated":true}]}}