{"id":489,"date":"2023-11-02T14:17:57","date_gmt":"2023-11-02T13:17:57","guid":{"rendered":"https:\/\/gardenrelais.it\/?page_id=489"},"modified":"2023-11-13T17:29:41","modified_gmt":"2023-11-13T16:29:41","slug":"faq-e-info","status":"publish","type":"page","link":"https:\/\/gardenrelais.it\/de\/spa-wellness\/faq-e-info\/","title":{"rendered":"FAQ und Info"},"content":{"rendered":"<p><\/p>\n<div class=\"toppage toppagefaq\"><\/div>\n<div class=\"faqpage\">\n<strong>Geschenkkarten<\/strong><br \/>\nDie Geschenkkarten sind 6 Monate lang g\u00fcltig und k\u00f6nnen bei Buchung von Montag bis Sonntag (je nach Verf\u00fcgbarkeit) genutzt werden. Wir informieren unsere G\u00e4ste, die \u00fcber Geschenkkarten verf\u00fcgen, dass bei der Buchung die Angabe des Identifikationscodes erforderlich ist.<br \/>\nFalls Sie die Reservierung mit einer Geschenkkarte stornieren m\u00fcssen, kontaktieren Sie uns bitte innerhalb von 24 Stunden; Erfolgt keine Vorauszahlung, gilt die Geschenkkarte als genutzt.<br \/>\n*Die Richtlinien f\u00fcr Geschenkkarten wurden seit dem 15.06.2020 ge\u00e4ndert. Kontaktieren Sie uns f\u00fcr Informationen unter 0423 914874<\/p>\n<p><strong>F\u00fcr Minderj\u00e4hrige<\/strong><br \/>\nKindern unter 18 Jahren ist der Zutritt nur mit Genehmigung der Eltern gestattet.<br \/>\nKinder unter 16 Jahren m\u00fcssen von ihren Eltern begleitet werden und der Zutritt zum Nassbereich (Sauna, T\u00fcrkisches Bad, Biosauna, Ruhebereich) ist verboten.<br \/>\nDie Direktion beh\u00e4lt sich das Recht vor, bei Verst\u00f6\u00dfen gegen die Regeln des Respekts gegen\u00fcber anderen und des Schweigens die Anwesenden zur\u00fcckzurufen oder zu entfernen.<\/p>\n<p><strong>Was soll ich tun, wenn ich mir wichtiger Aspekte meiner Gesundheit bewusst bin?<\/strong><br \/>\nBitte teilen Sie der Rezeption bei der Buchung Ihrer Behandlung alle Informationen mit, die Ihren Gesundheitszustand oder eine Schwangerschaft betreffen.<\/p>\n<p><strong>Kann ich mich einer Behandlung unterziehen, wenn ich schwanger bin?<\/strong><br \/>\nDie Behandlungen, die wir f\u00fcr schwangere Frauen durchf\u00fchren k\u00f6nnen, umfassen Gesichtsbehandlungen, einfache Manik\u00fcre und Pedik\u00fcre und die Behandlung \u201eFl\u00fcgel an H\u00e4nden und F\u00fc\u00dfen\u201c.<\/p>\n<p><strong>Was soll ich anziehen, um ins SPA zu gehen?<\/strong><br \/>\nDer Zutritt zum Spa ist in Badekleidung, Bademantel und Hausschuhen gestattet. Nur im Innenbereich: Finnische Sauna und Biosauna. Es ist obligatorisch, keine Kunstfaserkleidung, sondern ein Handtuch oder andere Baumwollkleidung zu tragen. Der Zugang zum T\u00fcrkischen Bad ist mit Badeanzug oder Baumwollhandtuch gestattet. In anderen Bereichen wie dem Ruhebereich und den Schwimmb\u00e4dern ist das Tragen von Badekleidung Pflicht.<br \/>\nIn den Umkleidekabinen haben Sie die M\u00f6glichkeit, einen Bademantel und Hausschuhe zu tragen, damit Sie sich bequemer bewegen k\u00f6nnen.<\/p>\n<p><strong>Essen und Trinken<\/strong><br \/>\nEs ist verboten, andere als die von uns angebotenen Snacks innerhalb der Struktur zu verzehren.<\/p>\n<p><strong>Wann sollte ich zu meiner Behandlung erscheinen?<\/strong><br \/>\nWir empfehlen Ihnen, etwa 15 Minuten vor Ihrem Termin einzutreffen, um sich bei einem f\u00fcr Sie zubereiteten gesunden Getr\u00e4nk entspannen zu k\u00f6nnen.<\/p>\n<p><strong>Was soll ich w\u00e4hrend der Behandlungen tragen?<\/strong><br \/>\nDie Behandlungen werden in den Hygiene-Slips durchgef\u00fchrt, die Ihnen vor der Behandlung ausgeh\u00e4ndigt werden, um einen h\u00f6heren Tragekomfort zu gew\u00e4hrleisten.<\/p>\n<p><strong>Was passiert, wenn ich zu sp\u00e4t zu meiner Behandlung komme?<\/strong><br \/>\nZu sp\u00e4t zu kommen bedeutet, die Behandlungszeit zu verk\u00fcrzen und nicht den vollen Nutzen daraus ziehen zu k\u00f6nnen. Die Behandlung wird zum festgelegten Zeitpunkt beendet, um Verz\u00f6gerungen f\u00fcr den n\u00e4chsten Gast zu vermeiden.<\/p>\n<p><strong>Was soll ich tun, wenn ich meine Reservierung stornieren muss?<\/strong><br \/>\nSollten Sie von Ihrer Behandlung zur\u00fccktreten, bitten wir Sie, uns dies bis sp\u00e4testens 19.00 Uhr am Vorabend mitzuteilen. Wenn Sie uns nicht innerhalb der angegebenen Fristen benachrichtigen, wird Ihrer Reservierung der volle Betrag der reservierten Behandlung in Rechnung gestellt.<\/p>","protected":false},"excerpt":{"rendered":"<p>Geschenkkarten Die Geschenkkarten sind 6 Monate lang g\u00fcltig und k\u00f6nnen bei Buchung von Montag bis Sonntag (je nach Verf\u00fcgbarkeit) genutzt werden. Wir informieren unsere G\u00e4ste, die \u00fcber Geschenkkarten verf\u00fcgen, dass bei der Buchung die Angabe des Identifikationscodes erforderlich ist. Falls Sie die Reservierung mit einer Geschenkkarte stornieren m\u00fcssen, kontaktieren Sie uns bitte innerhalb von 24&hellip;&nbsp;<a href=\"https:\/\/gardenrelais.it\/de\/spa-wellness\/faq-e-info\/\" class=\"\" rel=\"bookmark\">Weiterlesen &raquo;<span class=\"screen-reader-text\">FAQ und Info<\/span><\/a><\/p>\n","protected":false},"author":1,"featured_media":0,"parent":427,"menu_order":0,"comment_status":"closed","ping_status":"closed","template":"","meta":{"neve_meta_sidebar":"","neve_meta_container":"","neve_meta_enable_content_width":"off","neve_meta_content_width":100,"neve_meta_title_alignment":"","neve_meta_author_avatar":"","neve_post_elements_order":"","neve_meta_disable_header":"","neve_meta_disable_footer":"","neve_meta_disable_title":"on","footnotes":""},"class_list":["post-489","page","type-page","status-publish","hentry"],"publishpress_future_action":{"enabled":false,"date":"2026-04-15 15:00:06","action":"change-status","newStatus":"draft","terms":[],"taxonomy":"","extraData":[]},"publishpress_future_workflow_manual_trigger":{"enabledWorkflows":[]},"_links":{"self":[{"href":"https:\/\/gardenrelais.it\/de\/wp-json\/wp\/v2\/pages\/489","targetHints":{"allow":["GET"]}}],"collection":[{"href":"https:\/\/gardenrelais.it\/de\/wp-json\/wp\/v2\/pages"}],"about":[{"href":"https:\/\/gardenrelais.it\/de\/wp-json\/wp\/v2\/types\/page"}],"author":[{"embeddable":true,"href":"https:\/\/gardenrelais.it\/de\/wp-json\/wp\/v2\/users\/1"}],"replies":[{"embeddable":true,"href":"https:\/\/gardenrelais.it\/de\/wp-json\/wp\/v2\/comments?post=489"}],"version-history":[{"count":0,"href":"https:\/\/gardenrelais.it\/de\/wp-json\/wp\/v2\/pages\/489\/revisions"}],"up":[{"embeddable":true,"href":"https:\/\/gardenrelais.it\/de\/wp-json\/wp\/v2\/pages\/427"}],"wp:attachment":[{"href":"https:\/\/gardenrelais.it\/de\/wp-json\/wp\/v2\/media?parent=489"}],"curies":[{"name":"wp","href":"https:\/\/api.w.org\/{rel}","templated":true}]}}