{"id":427,"date":"2023-11-02T09:42:35","date_gmt":"2023-11-02T08:42:35","guid":{"rendered":"https:\/\/gardenrelais.it\/?page_id=427"},"modified":"2026-01-30T14:47:55","modified_gmt":"2026-01-30T13:47:55","slug":"spa-wellness","status":"publish","type":"page","link":"https:\/\/gardenrelais.it\/de\/spa-wellness\/","title":{"rendered":"SPA &#038; Wellness"},"content":{"rendered":"<p><\/p>\n<div class=\"toppage toppagespa\">\u00a0<\/div>\n<div class=\"pagesection1\">\n<div class=\"pagesection1sx\">Das SPA des Garden Relais, ein R\u00fcckzugsort ohne den Trubel der Veranstaltungen.<br \/><a class=\"spabreg\" href=\"https:\/\/gardenrelais.it\/shop\">Geschenkgutscheine<\/a><a href=\"#orari\">Zeiten und Preise<\/a><a href=\"https:\/\/gardenrelais.it\/spa-wellness\/faq-e-info\/\">FAQ und Infos<\/a><\/div>\n<div class=\"pagesection1dx\">Den Botschaften zu lauschen, die uns der K\u00f6rper sendet, und von einer neu gewonnenen Energie und Vitalit\u00e4t \u00fcberrascht sein. Ein Raum, in dem Sie das tiefe Gef\u00fchl wahren Wohlbefindens sp\u00fcren k\u00f6nnen und in einer Umgebung, in der die Liebe zum Detail und die Professionalit\u00e4t des Personals eine einzigartige und unverwechselbare Harmonie schaffen. Dies ist der Ausgangspunkt f\u00fcr ein gutes Gef\u00fchl und die Grundlage unserer Art, unseren G\u00e4sten Gelassenheit zu vermitteln. Um die Schwimmb\u00e4der, den Wellnessbereich und die Behandlungen nutzen zu k\u00f6nnen, ist eine Reservierung <strong>erforderlich<\/strong>.<\/div>\n<\/div>\n<div class=\"op-spa\">\n<h2 id=\"orari\">Zeiten, Preise und Infos<\/h2>\n<div class=\"op-spawrap\">\n<div class=\"op-spasx\">\n<h3>ZUGANGSPUNKTE<\/h3>\n<table class=\"orariapertura\" style=\" table-layout: fixed;\">\n<tbody>\n<tr>\n<td rowspan=\"2\"><strong>Wellnessprogramm <\/strong><br \/>\n<em style=\"font-size:12px;line-height:1.2em;display:block;\">Finnische Sauna <br \/>\nBiosauna <br \/>\nT\u00fcrkisches Bad <br \/>\nRevitalisierende Duschen <br \/>\nBergdusche <br \/>\nInnenpool mit Hydromassage <br \/>\nFarbtherapieh\u00f6hle <br \/>\nRuhebereich <br \/>\nKr\u00e4utertee-Ecke <br \/>\n<\/em>\n<\/td>\n<td>Montag bis Freitag<em style=\"font-size:12px;line-height:1.2em;display:block;\">(mit 3-st\u00fcndigem Aufenthalt)<\/em><\/td>\n<td>13.00 \u2013 22.00<\/td>\n<\/tr>\n<tr>\n<td>Samstag und Sonntag<\/td>\n<td>10.00 \u2013 13.00<br \/>\n13.00 \u2013 16.00<br \/>\n16.00 \u2013 19.00<br \/>\n19.00 \u2013 22.00\n<\/td>\n<\/tr>\n<tr>\n<td rowspan=\"2\"><strong>Behandlungen <\/strong><\/td>\n<td>Von Montag bis Samstag<\/td>\n<td>10.00 \u2013 13.00<br \/>\n14.00 \u2013 20.00<\/td>\n<\/tr>\n<tr>\n<td>Sonntag<\/td>\n<td>14.00 \u2013 20.00 <\/td>\n<\/tr>\n<\/tbody>\n<\/table>\n<p style=\"margin:10px auto 0;font-size:13px;line-height:1.3em;\"><strong>N.B<\/strong>. An den Wochenenden bieten wir vier dreist\u00fcndige Sitzungen an, bei denen jeder unserer G\u00e4ste unser Wellnessprogramm in v\u00f6lliger Entspannung und ohne Hektik voll auskosten kann. Auf diese Weise garantieren wir ein personalisiertes, qualitativ hochwertiges Erlebnis und respektieren die Zeit und den Raum jedes Einzelnen.\n<\/p>\n<p>&nbsp;\n<\/p><\/div>\n<div class=\"op-spacx\">\n<h3>AUFGUSS PROGRAM<\/h3>\n<p style=\"margin: 0 0 30px;\">Erleben Sie die regenerierende Kraft der finnischen Sauna mit unseren exklusiven Dampfaufg\u00fcssen an der Seite unserer Meister.<br \/>\nEine Sinnesreise, die Sie in eine warme Umarmung aus \u00e4therischen \u00d6len und entspannender Musik h\u00fcllt, speziell f\u00fcr Ihr k\u00f6rperliches und geistiges Wohlbefinden. Lassen Sie sich entf\u00fchren und entdecken Sie ein neues Gleichgewicht zwischen K\u00f6rper und Geist.<\/p>\n<h6>Die Aufg\u00fcsse finden zu folgenden Uhrzeiten statt: <\/h6>\n<table class=\"orariapertura\" style=\" table-layout: fixed;\">\n<tr>\n<td>Mittwoch<\/td>\n<td>18.30 &#8211; 19.30 &#8211; 20.15<\/td>\n<\/tr>\n<tr>\n<td>Donnerstag<\/td>\n<td>16.30 &#8211; 17.30  &#8211;  18.30<\/td>\n<\/tr>\n<tr>\n<td>Freitag<\/td>\n<td>18.30  &#8211; 19.30  &#8211;  20.15<\/td>\n<\/tr>\n<tr>\n<td>Samstag<\/td>\n<td>13.15  &#8211; 14.15  &#8211;  16.30  &#8211; 17.30  &#8211;  18.15  &#8211;  19.15  &#8211;  20.15<\/td>\n<\/tr>\n<tr>\n<td>Sonntag<\/td>\n<td>13.15 &#8211; 14.15  &#8211;  16.30  &#8211; 17.30  &#8211;  18.15<\/td>\n<\/tr>\n<\/table>\n<p style=\"margin:10px auto 0;font-size:13px;line-height:1.3em;\"><strong>N.B<\/strong>. Wir m\u00f6chten Sie dar\u00fcber informieren, dass es neben den tags\u00fcber geplanten Aufguss-Sessions auch zu anderen Zeiten besondere Momente geben wird. Die angegebenen Zeiten sind garantiert, aber unser Team ist immer bereit, Sie mit neuen Erlebnissen zu \u00fcberraschen, um Ihren Aufenthalt noch magischer und entspannender zu gestalten.\n<\/p>\n<\/div>\n<div class=\"op-spadx\">\n<h3>UNSERE PREISE F\u00dcR DAS WELLNESSPROGRAMM<\/h3>\n<p>Eintritt Wellness-Parcours: <strong>\u20ac 35,00<\/strong><br \/>\nEintritt Wellness-Parcours mit SPA-Set (Bademantel, Handtuch, Hausschuhe + Schlie\u00dffach): <strong>\u20ac 45,00 <\/strong><br \/>\n<em style=\"font-size:12px;line-height:1.2em;display:block;\">(Badebekleidung, Baumwollhandtuch, Bademantel und Hausschuhe sind willkommen)<\/em><\/p>\n<p style=\"margin:10px auto 0;font-size:13px;line-height:1.3em;\"><strong>N.B<\/strong>. In unseren Saunen, sowohl in der Biosauna als auch in der finnischen Sauna, ist der Zutritt ausschlie\u00dflich mit einem Baumwollhandtuch gestattet, um ein optimales Wohlbefinden und optimale Hygiene w\u00e4hrend des Saunaerlebnisses zu gew\u00e4hrleisten. Im Dampfbad ist das Tragen von Badebekleidung optional, wir empfehlen jedoch, f\u00fcr ein authentischeres Erlebnis darauf zu verzichten. In allen anderen Bereichen des Spas ist das Tragen von Badebekleidung Pflicht.<\/p>\n<\/div>\n<div class=\"op-spafoot\">\n<h3>WAS SIE IN UNSEREM SPA FINDEN<\/h3>\n<p><strong>\u00dcbersicht Finnische Sauna:<\/strong> Entdecken Sie die regenerierende Kraft trockener Hitze, ideal zur Muskelentspannung und Entgiftung des K\u00f6rpers.<\/p>\n<p><strong>Bio-Sauna:<\/strong> Eine sanftere Variante der Sauna mit niedrigeren Temperaturen und h\u00f6herer Luftfeuchtigkeit \u2013 perfekt f\u00fcr alle, die ein entspannendes Erlebnis ohne intensive Hitze suchen.<\/p>\n<p><strong>Dampfbad:<\/strong> Tauchen Sie ein in die feuchte W\u00e4rme des Dampfbads, angereichert mit \u00e4therischen \u00d6len, die tiefes Atmen und vollkommene Entspannung f\u00f6rdern.<\/p>\n<p><strong>Erlebnisduschen:<\/strong> Ein multisensorisches Erlebnis mit Lichtspielen, D\u00fcften und Temperaturschwankungen, das die Sinne stimuliert und den K\u00f6rper zwischen den Behandlungen erfrischt.<\/p>\n<p><strong>Beheiztes Hallenbad mit Whirlpool:<\/strong> Tauchen Sie ein in die entspannenden Sprudel unseres Pools. Mit Hydromassage, ideal zur Lockerung von Muskelverspannungen und zur Verbesserung der Kreislauf.<\/p>\n<p><strong>Ruhebereich mit Kr\u00e4utertee:<\/strong> G\u00f6nnen Sie sich nach Ihrer Behandlung eine Auszeit in unserem Ruhebereich. Genie\u00dfen Sie dort eine Auswahl an Kr\u00e4utertees und entspannen Sie auf bequemen Liegen.<\/p>\n<\/div>\n<\/div>\n<\/div>\n<div class=\"spawell\">\n<div class=\"spawellsx\">\n<h2>Pakete f\u00fcr Sie, f\u00fcr Ihn und f\u00fcr das Paar<\/h2>\n<div class=\"spaboxes\">\n<div class=\"spabox\"><a href=\"https:\/\/gardenrelais.it\/categoria-prodotto\/pacchetti-per-lei\/\">\u2192<\/a><\/p>\n<div class=\"spaboxsx\"><img decoding=\"async\" src=\"https:\/\/gardenrelais.it\/wp-content\/uploads\/2024\/02\/donna-icon.png\" \/><\/div>\n<div class=\"spaboxdx\">\n<h4>Pakete f\u00fcr sie<\/h4>\n<h5>Entspannende und regenerierende Erlebnisse speziell f\u00fcr Sie<\/h5>\n<\/div>\n<\/div>\n<div class=\"spabox\"><a href=\"https:\/\/gardenrelais.it\/categoria-prodotto\/pacchetti-per-lui\/\">\u2192<\/a><\/p>\n<div class=\"spaboxsx\"><img decoding=\"async\" src=\"https:\/\/gardenrelais.it\/wp-content\/uploads\/2024\/02\/uomo-icon.png\" \/><\/div>\n<div class=\"spaboxdx\">\n<h4>Pakete f\u00fcr ihn<\/h4>\n<h5>SPA-Behandlungen zur Entspannung und Erneuerung.<\/h5>\n<\/div>\n<\/div>\n<div class=\"spabox\"><a href=\"https:\/\/gardenrelais.it\/categoria-prodotto\/pacchetti-per-la-coppia\/\">\u2192<\/a><\/p>\n<div class=\"spaboxsx\"><img decoding=\"async\" src=\"https:\/\/gardenrelais.it\/wp-content\/uploads\/2024\/02\/coppia-icon.png\" \/><\/div>\n<div class=\"spaboxdx\">\n<h4>Pakete koppeln<\/h4>\n<h5>Wunderbare Momente, die dem Paar gewidmet sind<\/h5>\n<\/div>\n<\/div>\n<\/div>\n<\/div>\n<div class=\"spawelldx\"><img decoding=\"async\" src=\"https:\/\/gardenrelais.it\/wp-content\/uploads\/2023\/11\/garden-relais-spa-wellness-pacchetti.jpg\" \/><\/div>\n<\/div>\n<div class=\"spawell spawell2\">\n<div class=\"spawellsx\">\n<h2>Behandlungen, Massagen und Rituale<\/h2>\n<div class=\"spaboxes\">\n<div class=\"spabox\"><a href=\"https:\/\/gardenrelais.it\/categoria-prodotto\/massaggi\/\">\u2192<\/a><\/p>\n<div class=\"spaboxsx\"><img decoding=\"async\" src=\"https:\/\/gardenrelais.it\/wp-content\/uploads\/2024\/02\/massaggi-trattamenti.png\" \/><\/div>\n<div class=\"spaboxdx\">\n<h4>Massagen<\/h4>\n<h5>L\u00f6sen Sie Muskelverspannungen, reduzieren Sie Stress und f\u00f6rdern Sie ein harmonisches Gleichgewicht.<\/h5>\n<\/div>\n<\/div>\n<div class=\"spabox\"><a href=\"https:\/\/gardenrelais.it\/categoria-prodotto\/cerimonie-vitalis-dr-joseph\/\">\u2192<\/a><\/p>\n<div class=\"spaboxsx\"><img decoding=\"async\" src=\"https:\/\/gardenrelais.it\/wp-content\/uploads\/2023\/11\/cerimonie-vitalis.png\" \/><\/div>\n<div class=\"spaboxdx\">\n<h4>Vitalis Dr. Joseph Zeremonien<\/h4>\n<h5>Unsere Lebensenergie wieder ins Gleichgewicht bringen.<\/h5>\n<\/div>\n<\/div>\n<div class=\"spabox\"><a href=\"https:\/\/gardenrelais.it\/categoria-prodotto\/massaggio-thailandese\/\">\u2192<\/a><\/p>\n<div class=\"spaboxsx\"><img decoding=\"async\" src=\"https:\/\/gardenrelais.it\/wp-content\/uploads\/2023\/11\/massaggio-thai.png\" \/><\/div>\n<div class=\"spaboxdx\">\n<h4>Thai-Massage<\/h4>\n<h5>Tiefgreifende und gef\u00fchlvolle Dehn\u00fcbungen, die darauf abzielen, die Muskulatur zu lockern und elastischer zu machen.<\/h5>\n<\/div>\n<\/div>\n<div class=\"spabox\"><a href=\"https:\/\/gardenrelais.it\/categoria-prodotto\/rituali-benessere-corpo\/\">\u2192<\/a><\/p>\n<div class=\"spaboxsx\"><img decoding=\"async\" src=\"https:\/\/gardenrelais.it\/wp-content\/uploads\/2023\/11\/spa-corpo.png\" \/><\/div>\n<div class=\"spaboxdx\">\n<h4>K\u00f6rper-Wellness-Rituale<\/h4>\n<h5>Entwickelt, um einen Zufluchtsort vor dem Alltagsstress zu bieten und eine umh\u00fcllende Atmosph\u00e4re der Ruhe zu schaffen.<\/h5>\n<\/div>\n<\/div>\n<div class=\"spabox\"><a href=\"https:\/\/gardenrelais.it\/categoria-prodotto\/trattamenti-viso\/\">\u2192<\/a><\/p>\n<div class=\"spaboxsx\"><img decoding=\"async\" src=\"https:\/\/gardenrelais.it\/wp-content\/uploads\/2023\/11\/sp-viso.png\" \/><\/div>\n<div class=\"spaboxdx\">\n<h4>Gesichtsbehandlungen<\/h4>\n<h5>Ein Geschenk an die Haut und eine Einladung, ihre Sch\u00f6nheit neu zu entdecken.<\/h5>\n<\/div>\n<\/div>\n<\/div>\n<\/div>\n<div class=\"spawelldx\"><img decoding=\"async\" src=\"https:\/\/gardenrelais.it\/wp-content\/uploads\/2023\/11\/garden-relais-spa-wellness-massaggi-trattamenti.jpg\" \/><\/div>\n<\/div>\n<div class=\"spawell style=\"margin-bottom:75px;\"\">\n<div class=\"spawellsx\">\n<h2>Pool, Sauna und Entspannung<\/h2>\n<div class=\"spaboxes\">\n<div class=\"spabox\"><a href=\"https:\/\/gardenrelais.it\/spa-wellness\/piscina\/\">\u2192<\/a><\/p>\n<div class=\"spaboxsx\"><img decoding=\"async\" src=\"https:\/\/gardenrelais.it\/wp-content\/uploads\/2024\/02\/piscina-sauna.png\" \/><\/div>\n<div class=\"spaboxdx\">\n<h4>Schwimmbad<\/h4>\n<h5>Au\u00dfen- und Innenschwimmbad, wo Sie sich ohne den Trubel der Veranstaltungen zur\u00fcckziehen k\u00f6nnen.<\/h5>\n<\/div>\n<\/div>\n<div class=\"spabox\"><a href=\"https:\/\/gardenrelais.it\/spa-wellness\/saune-e-wellness\/\">\u2192<\/a><\/p>\n<div class=\"spaboxsx\"><img decoding=\"async\" src=\"https:\/\/gardenrelais.it\/wp-content\/uploads\/2023\/11\/sauna.png\" \/><\/div>\n<div class=\"spaboxdx\">\n<h4>Saunen und Wellness<\/h4>\n<h5>Das Wellness-Erlebnis in der Sauna wirkt sich nicht nur auf den K\u00f6rper, sondern auch auf den Geist aus.<\/h5>\n<\/div>\n<\/div>\n<div class=\"spabox\"><a href=\"https:\/\/gardenrelais.it\/spa-wellness\/zona-relax\/\">\u2192<\/a><\/p>\n<div class=\"spaboxsx\"><img decoding=\"async\" src=\"https:\/\/gardenrelais.it\/wp-content\/uploads\/2023\/11\/relax.png\" \/><\/div>\n<div class=\"spaboxdx\">\n<h4>Ruhebereich<\/h4>\n<h5>Die raffinierten R\u00e4ume erm\u00f6glichen Ihnen die ideale Erholung.<\/h5>\n<\/div>\n<\/div>\n<\/div>\n<\/div>\n<div class=\"spawelldx\"><img decoding=\"async\" src=\"https:\/\/gardenrelais.it\/wp-content\/uploads\/2023\/11\/garden-relais-spa-wellness-piscina.jpg\" \/><\/div>\n<\/div>\n<div class=\"spawell spawell2\">\n<div class=\"spawellsx\"><\/p>","protected":false},"excerpt":{"rendered":"<p>\u00a0 Das SPA des Garden Relais, ein R\u00fcckzugsort ohne den Trubel der Veranstaltungen.GeschenkgutscheineZeiten und PreiseFAQ und Infos Den Botschaften zu lauschen, die uns der K\u00f6rper sendet, und von einer neu gewonnenen Energie und Vitalit\u00e4t \u00fcberrascht sein. Ein Raum, in dem Sie das tiefe Gef\u00fchl wahren Wohlbefindens sp\u00fcren k\u00f6nnen und in einer Umgebung, in der die&hellip;&nbsp;<a href=\"https:\/\/gardenrelais.it\/de\/spa-wellness\/\" class=\"\" rel=\"bookmark\">Weiterlesen &raquo;<span class=\"screen-reader-text\">SPA &#038; Wellness<\/span><\/a><\/p>\n","protected":false},"author":1,"featured_media":0,"parent":0,"menu_order":0,"comment_status":"closed","ping_status":"closed","template":"","meta":{"neve_meta_sidebar":"","neve_meta_container":"","neve_meta_enable_content_width":"off","neve_meta_content_width":100,"neve_meta_title_alignment":"","neve_meta_author_avatar":"","neve_post_elements_order":"","neve_meta_disable_header":"","neve_meta_disable_footer":"","neve_meta_disable_title":"on","footnotes":""},"class_list":["post-427","page","type-page","status-publish","hentry"],"publishpress_future_action":{"enabled":false,"date":"2026-04-16 13:31:27","action":"change-status","newStatus":"draft","terms":[],"taxonomy":"","extraData":[]},"publishpress_future_workflow_manual_trigger":{"enabledWorkflows":[]},"_links":{"self":[{"href":"https:\/\/gardenrelais.it\/de\/wp-json\/wp\/v2\/pages\/427","targetHints":{"allow":["GET"]}}],"collection":[{"href":"https:\/\/gardenrelais.it\/de\/wp-json\/wp\/v2\/pages"}],"about":[{"href":"https:\/\/gardenrelais.it\/de\/wp-json\/wp\/v2\/types\/page"}],"author":[{"embeddable":true,"href":"https:\/\/gardenrelais.it\/de\/wp-json\/wp\/v2\/users\/1"}],"replies":[{"embeddable":true,"href":"https:\/\/gardenrelais.it\/de\/wp-json\/wp\/v2\/comments?post=427"}],"version-history":[{"count":102,"href":"https:\/\/gardenrelais.it\/de\/wp-json\/wp\/v2\/pages\/427\/revisions"}],"predecessor-version":[{"id":19205,"href":"https:\/\/gardenrelais.it\/de\/wp-json\/wp\/v2\/pages\/427\/revisions\/19205"}],"wp:attachment":[{"href":"https:\/\/gardenrelais.it\/de\/wp-json\/wp\/v2\/media?parent=427"}],"curies":[{"name":"wp","href":"https:\/\/api.w.org\/{rel}","templated":true}]}}