{"id":361,"date":"2023-10-31T09:42:25","date_gmt":"2023-10-31T08:42:25","guid":{"rendered":"https:\/\/gardenrelais.it\/?page_id=361"},"modified":"2024-04-02T09:56:12","modified_gmt":"2024-04-02T07:56:12","slug":"ristorante","status":"publish","type":"page","link":"https:\/\/gardenrelais.it\/de\/ristorante\/","title":{"rendered":"Restaurant"},"content":{"rendered":"<p><\/p>\n<div class=\"toppage toppageristorante\"><\/div>\n<div class=\"ristorantehome\">\n<div class=\"ristorantehomesx\">\n<p>Das Garden Relais Restaurant setzt die alte Familientradition fort und bietet unvergessliche <strong>Aufenthalte und hervorragende kulinarische Erlebniss<\/strong>e.<\/p>\n<p>Die Br\u00fcder Alessandro, Francesco und Giovanni bieten Rezepte an, die auf der Erfahrung von vier Generationen basieren und auf moderne Weise neu interpretiert werden und <strong>Tradition und Innovation<\/strong> verbinden. Die hausgemachte K\u00fcche folgt der <strong>Saisonalit\u00e4t frischer lokaler Produkte<\/strong>, die vom K\u00fcchenchef pers\u00f6nlich ausgew\u00e4hlt werden.<\/p>\n<p>Das Restaurant mit seiner warmen und einladenden Atmosph\u00e4re eignet sich perfekt, um hervorragendes Fleisch aus nationalen und internationalen Gerichten oder einen guten Teller frischen Fisch zu genie\u00dfen.<\/p>\n<p><strong>GROSSER PARKPLATZ VOR DEM<\/strong><br \/>\n<a class=\"scoprimenu\" href=\"https:\/\/gardenrelais.it\/menu-web\/\">Entdecken Sie unsere Speisekarte<\/a>  <\/p>\n<\/div>\n<div class=\"ristorantehomedx\">\n<div class=\"inforestaurant\">\n<h3>\u00d6ffnungszeiten<\/h3>\n<p>Zum Mittagessen: von 12:00 bis 14:15 Uhr<br \/>\nZum Abendessen: von 18:30 bis 22:30 Uhr<br \/>\n<strong>W\u00f6chentliche Schlie\u00dfung DIENSTAG<\/strong>\n<\/div>\n<\/div>\n<\/div>\n<div class=\"ristorantehomegallery\"><img loading=\"lazy\" decoding=\"async\" src=\"https:\/\/gardenrelais.it\/wp-content\/uploads\/2024\/01\/garden-relais-top-ristorante-box1.jpg\" alt=\"\" width=\"800\" height=\"800\" class=\"alignnone size-full wp-image-1347\" srcset=\"https:\/\/gardenrelais.it\/wp-content\/uploads\/2024\/01\/garden-relais-top-ristorante-box1.jpg 800w, https:\/\/gardenrelais.it\/wp-content\/uploads\/2024\/01\/garden-relais-top-ristorante-box1-500x500.jpg 500w, https:\/\/gardenrelais.it\/wp-content\/uploads\/2024\/01\/garden-relais-top-ristorante-box1-100x100.jpg 100w, https:\/\/gardenrelais.it\/wp-content\/uploads\/2024\/01\/garden-relais-top-ristorante-box1-700x700.jpg 700w, https:\/\/gardenrelais.it\/wp-content\/uploads\/2024\/01\/garden-relais-top-ristorante-box1-600x600.jpg 600w, https:\/\/gardenrelais.it\/wp-content\/uploads\/2024\/01\/garden-relais-top-ristorante-box1-300x300.jpg 300w, https:\/\/gardenrelais.it\/wp-content\/uploads\/2024\/01\/garden-relais-top-ristorante-box1-768x768.jpg 768w\" sizes=\"auto, (max-width: 800px) 100vw, 800px\" \/><img loading=\"lazy\" decoding=\"async\" src=\"https:\/\/gardenrelais.it\/wp-content\/uploads\/2024\/01\/garden-relais-top-ristorante-box2.jpg\" alt=\"\" width=\"800\" height=\"800\" class=\"alignnone size-full wp-image-1348\" srcset=\"https:\/\/gardenrelais.it\/wp-content\/uploads\/2024\/01\/garden-relais-top-ristorante-box2.jpg 800w, https:\/\/gardenrelais.it\/wp-content\/uploads\/2024\/01\/garden-relais-top-ristorante-box2-500x500.jpg 500w, https:\/\/gardenrelais.it\/wp-content\/uploads\/2024\/01\/garden-relais-top-ristorante-box2-100x100.jpg 100w, https:\/\/gardenrelais.it\/wp-content\/uploads\/2024\/01\/garden-relais-top-ristorante-box2-700x700.jpg 700w, https:\/\/gardenrelais.it\/wp-content\/uploads\/2024\/01\/garden-relais-top-ristorante-box2-600x600.jpg 600w, https:\/\/gardenrelais.it\/wp-content\/uploads\/2024\/01\/garden-relais-top-ristorante-box2-300x300.jpg 300w, https:\/\/gardenrelais.it\/wp-content\/uploads\/2024\/01\/garden-relais-top-ristorante-box2-768x768.jpg 768w\" sizes=\"auto, (max-width: 800px) 100vw, 800px\" \/><img loading=\"lazy\" decoding=\"async\" src=\"https:\/\/gardenrelais.it\/wp-content\/uploads\/2024\/01\/garden-relais-top-ristorante-box3.jpg\" alt=\"\" width=\"800\" height=\"800\" class=\"alignnone size-full wp-image-1349\" srcset=\"https:\/\/gardenrelais.it\/wp-content\/uploads\/2024\/01\/garden-relais-top-ristorante-box3.jpg 800w, https:\/\/gardenrelais.it\/wp-content\/uploads\/2024\/01\/garden-relais-top-ristorante-box3-500x500.jpg 500w, https:\/\/gardenrelais.it\/wp-content\/uploads\/2024\/01\/garden-relais-top-ristorante-box3-100x100.jpg 100w, https:\/\/gardenrelais.it\/wp-content\/uploads\/2024\/01\/garden-relais-top-ristorante-box3-700x700.jpg 700w, https:\/\/gardenrelais.it\/wp-content\/uploads\/2024\/01\/garden-relais-top-ristorante-box3-600x600.jpg 600w, https:\/\/gardenrelais.it\/wp-content\/uploads\/2024\/01\/garden-relais-top-ristorante-box3-300x300.jpg 300w, https:\/\/gardenrelais.it\/wp-content\/uploads\/2024\/01\/garden-relais-top-ristorante-box3-768x768.jpg 768w\" sizes=\"auto, (max-width: 800px) 100vw, 800px\" \/><img loading=\"lazy\" decoding=\"async\" src=\"https:\/\/gardenrelais.it\/wp-content\/uploads\/2024\/01\/garden-relais-top-ristorante-box4.jpg\" alt=\"\" width=\"800\" height=\"800\" class=\"alignnone size-full wp-image-1350\" srcset=\"https:\/\/gardenrelais.it\/wp-content\/uploads\/2024\/01\/garden-relais-top-ristorante-box4.jpg 800w, https:\/\/gardenrelais.it\/wp-content\/uploads\/2024\/01\/garden-relais-top-ristorante-box4-500x500.jpg 500w, https:\/\/gardenrelais.it\/wp-content\/uploads\/2024\/01\/garden-relais-top-ristorante-box4-100x100.jpg 100w, https:\/\/gardenrelais.it\/wp-content\/uploads\/2024\/01\/garden-relais-top-ristorante-box4-700x700.jpg 700w, https:\/\/gardenrelais.it\/wp-content\/uploads\/2024\/01\/garden-relais-top-ristorante-box4-600x600.jpg 600w, https:\/\/gardenrelais.it\/wp-content\/uploads\/2024\/01\/garden-relais-top-ristorante-box4-300x300.jpg 300w, https:\/\/gardenrelais.it\/wp-content\/uploads\/2024\/01\/garden-relais-top-ristorante-box4-768x768.jpg 768w\" sizes=\"auto, (max-width: 800px) 100vw, 800px\" \/><\/div>\n<div class=\"ristorantesection\">\n<div class=\"ristorantesectionsx\">\n<h2>A-la-carte-Men\u00fc<\/h2>\n<p>Unser Restaurant erwartet Sie mit einem <strong>\u00e0 la carte-Men\u00fc<\/strong>, das eine gro\u00dfe Auswahl an Optionen bietet, von Fleisch \u00fcber erste G\u00e4nge bis hin zu einigen Fischvorschl\u00e4gen. Genie\u00dfen Sie die maximale Freiheit, das zu w\u00e4hlen, was Ihnen am besten gef\u00e4llt.<\/p>\n<p>Das Garden Relais Restaurant setzt die alte Familientradition fort und bietet unvergessliche Aufenthalte und hervorragende kulinarische Erlebnisse.<\/p>\n<p>Die Br\u00fcder Alessandro, Francesco und Giovanni bieten kulinarische Erlebnisse, das Ergebnis von vier Generationen, die auf moderne Weise neu interpretiert werden <strong>Tradition und Innovation verbinden.<\/strong><\/p>\n<p>Das Restaurant mit seiner <strong>warmen und einladenden Atmosph\u00e4re<\/strong> ist perfekt, um die hervorragende Qualit\u00e4t unseres Fleisches zu genie\u00dfen, von nationalen und internationalen Gerichten bis hin zu frischen lokalen Produkten, die vom K\u00fcchenchef pers\u00f6nlich ausgew\u00e4hlt werden.<\/p>\n<p>In unserer <strong>Braceria<\/strong> ist der Grill der unbestrittene Protagonist, angetrieben von kostbarem Holzkohle-Eichenholz, das als das Beste f\u00fcr diese Art des Kochens gilt, und beleuchtet von den Flammen des offenen Feuers. Unsere Speisekarte umfasst Rohstoffe aus aller Welt.<\/p>\n<\/div>\n<div class=\"ristorantesectiondx\"><div style=\"display: none;\" class=\"crellyslider-slider crellyslider-slider-fixed crellyslider-slider-menu_alla_carta crellyslider-6\" id=\"crellyslider-6-69d78fd73c76e\">\n<ul>\n<li\nstyle=\"\nbackground-color: transparent;\nbackground-image: url('https:\/\/gardenrelais.it\/wp-content\/uploads\/2024\/01\/garden-relais-ristorante-10.jpg');\nbackground-position: center center;\nbackground-repeat: no-repeat;\nbackground-size: contain;\n\n\"\ndata-in=\"fadeLeft\"\ndata-ease-in=\"300\"\ndata-out=\"fadeLeft\"\ndata-ease-out=\"300\"\ndata-time=\"5000\"\n>\n<\/li>\n<li\nstyle=\"\nbackground-color: transparent;\nbackground-image: url('https:\/\/gardenrelais.it\/wp-content\/uploads\/2024\/01\/garden-relais-ristorante-14.jpg');\nbackground-position: center center;\nbackground-repeat: no-repeat;\nbackground-size: contain;\n\n\"\ndata-in=\"fadeLeft\"\ndata-ease-in=\"300\"\ndata-out=\"fadeLeft\"\ndata-ease-out=\"300\"\ndata-time=\"5000\"\n>\n<\/li>\n<li\nstyle=\"\nbackground-color: transparent;\nbackground-image: url('https:\/\/gardenrelais.it\/wp-content\/uploads\/2024\/01\/garden-relais-ristorante-21.jpg');\nbackground-position: center center;\nbackground-repeat: no-repeat;\nbackground-size: contain;\n\n\"\ndata-in=\"fadeLeft\"\ndata-ease-in=\"300\"\ndata-out=\"fadeLeft\"\ndata-ease-out=\"300\"\ndata-time=\"5000\"\n>\n<\/li>\n<li\nstyle=\"\nbackground-color: transparent;\nbackground-image: url('https:\/\/gardenrelais.it\/wp-content\/uploads\/2024\/01\/garden-relais-ristorante-15.jpg');\nbackground-position: center center;\nbackground-repeat: no-repeat;\nbackground-size: contain;\n\n\"\ndata-in=\"fadeLeft\"\ndata-ease-in=\"300\"\ndata-out=\"fadeLeft\"\ndata-ease-out=\"300\"\ndata-time=\"5000\"\n>\n<\/li>\n<li\nstyle=\"\nbackground-color: transparent;\nbackground-image: url('https:\/\/gardenrelais.it\/wp-content\/uploads\/2024\/01\/garden-relais-ristorante-16.jpg');\nbackground-position: center center;\nbackground-repeat: no-repeat;\nbackground-size: contain;\n\n\"\ndata-in=\"fadeLeft\"\ndata-ease-in=\"300\"\ndata-out=\"fadeLeft\"\ndata-ease-out=\"300\"\ndata-time=\"5000\"\n>\n<\/li>\n<li\nstyle=\"\nbackground-color: transparent;\nbackground-image: url('https:\/\/gardenrelais.it\/wp-content\/uploads\/2024\/01\/garden-relais-ristorante-17.jpg');\nbackground-position: center center;\nbackground-repeat: no-repeat;\nbackground-size: contain;\n\n\"\ndata-in=\"fadeLeft\"\ndata-ease-in=\"300\"\ndata-out=\"fadeLeft\"\ndata-ease-out=\"300\"\ndata-time=\"5000\"\n>\n<\/li>\n<li\nstyle=\"\nbackground-color: transparent;\nbackground-image: url('https:\/\/gardenrelais.it\/wp-content\/uploads\/2024\/01\/garden-relais-ristorante-18.jpg');\nbackground-position: center center;\nbackground-repeat: no-repeat;\nbackground-size: contain;\n\n\"\ndata-in=\"fadeLeft\"\ndata-ease-in=\"300\"\ndata-out=\"fadeLeft\"\ndata-ease-out=\"300\"\ndata-time=\"5000\"\n>\n<\/li>\n<li\nstyle=\"\nbackground-color: transparent;\nbackground-image: url('https:\/\/gardenrelais.it\/wp-content\/uploads\/2024\/01\/garden-relais-ristorante-24.jpg');\nbackground-position: center center;\nbackground-repeat: no-repeat;\nbackground-size: contain;\n\n\"\ndata-in=\"fadeLeft\"\ndata-ease-in=\"300\"\ndata-out=\"fadeLeft\"\ndata-ease-out=\"300\"\ndata-time=\"5000\"\n>\n<\/li>\n<li\nstyle=\"\nbackground-color: transparent;\nbackground-image: url('https:\/\/gardenrelais.it\/wp-content\/uploads\/2024\/01\/garden-relais-ristorante-23.jpg');\nbackground-position: center center;\nbackground-repeat: no-repeat;\nbackground-size: contain;\n\n\"\ndata-in=\"fadeLeft\"\ndata-ease-in=\"300\"\ndata-out=\"fadeLeft\"\ndata-ease-out=\"300\"\ndata-time=\"5000\"\n>\n<\/li>\n<li\nstyle=\"\nbackground-color: transparent;\nbackground-image: url('https:\/\/gardenrelais.it\/wp-content\/uploads\/2024\/01\/garden-relais-ristorante-19.jpg');\nbackground-position: center center;\nbackground-repeat: no-repeat;\nbackground-size: contain;\n\n\"\ndata-in=\"fadeLeft\"\ndata-ease-in=\"300\"\ndata-out=\"fadeLeft\"\ndata-ease-out=\"300\"\ndata-time=\"5000\"\n>\n<\/li>\n<li\nstyle=\"\nbackground-color: transparent;\nbackground-image: url('https:\/\/gardenrelais.it\/wp-content\/uploads\/2024\/01\/garden-relais-ristorante-8.jpg');\nbackground-position: center center;\nbackground-repeat: no-repeat;\nbackground-size: contain;\n\n\"\ndata-in=\"fadeLeft\"\ndata-ease-in=\"300\"\ndata-out=\"fadeLeft\"\ndata-ease-out=\"300\"\ndata-time=\"5000\"\n>\n<\/li>\n<li\nstyle=\"\nbackground-color: transparent;\nbackground-image: url('https:\/\/gardenrelais.it\/wp-content\/uploads\/2024\/01\/garden-relais-ristorante-20.jpg');\nbackground-position: center center;\nbackground-repeat: no-repeat;\nbackground-size: contain;\n\n\"\ndata-in=\"fadeLeft\"\ndata-ease-in=\"300\"\ndata-out=\"fadeLeft\"\ndata-ease-out=\"300\"\ndata-time=\"5000\"\n>\n<\/li>\n<li\nstyle=\"\nbackground-color: transparent;\nbackground-image: url('https:\/\/gardenrelais.it\/wp-content\/uploads\/2024\/01\/garden-relais-ristorante-9.jpg');\nbackground-position: center center;\nbackground-repeat: no-repeat;\nbackground-size: contain;\n\n\"\ndata-in=\"fadeLeft\"\ndata-ease-in=\"300\"\ndata-out=\"fadeLeft\"\ndata-ease-out=\"300\"\ndata-time=\"5000\"\n>\n<\/li>\n<li\nstyle=\"\nbackground-color: transparent;\nbackground-image: url('https:\/\/gardenrelais.it\/wp-content\/uploads\/2024\/01\/garden-relais-ristorante-22.jpg');\nbackground-position: center center;\nbackground-repeat: no-repeat;\nbackground-size: contain;\n\n\"\ndata-in=\"fadeLeft\"\ndata-ease-in=\"300\"\ndata-out=\"fadeLeft\"\ndata-ease-out=\"300\"\ndata-time=\"5000\"\n>\n<\/li>\n<li\nstyle=\"\nbackground-color: transparent;\nbackground-image: url('https:\/\/gardenrelais.it\/wp-content\/uploads\/2024\/01\/garden-relais-ristorante-13.jpg');\nbackground-position: center center;\nbackground-repeat: no-repeat;\nbackground-size: contain;\n\n\"\ndata-in=\"fadeLeft\"\ndata-ease-in=\"300\"\ndata-out=\"fadeLeft\"\ndata-ease-out=\"300\"\ndata-time=\"5000\"\n>\n<\/li>\n<\/ul>\n<\/div>\n<script type=\"text\/javascript\">\n(function($) {\n$(document).ready(function() {\n$(\"#crellyslider-6-69d78fd73c76e\").crellySlider({\nlayout: 'fixed',\nresponsive: 1,\nstartWidth: 1000,\nstartHeight: 800,\nautomaticSlide: 0,\nshowControls: 1,\nshowNavigation: 0,\nenableSwipe: 1,\nshowProgressBar: 0,\npauseOnHover: 1,\nrandomOrder: 0,\nstartFromSlide: 0,\nbeforeStart : function() {},\nbeforeSetResponsive : function() {},\nbeforeSlideStart : function() {},\nbeforePause\t: function() {},\nbeforeResume : function() {},\n});\n});\n})(jQuery);\n<\/script>\n<\/div>\n<\/div>\n<div class=\"ristorantesection ristorantesection2\">\n<div class=\"ristorantesectionsx\">\n<h2>Zeremonien und Veranstaltungen<\/h2>\n<p>Je nach Art der Veranstaltung und Kunde k\u00fcmmern wir uns mit akribischer Sorgfalt um <strong>alle organisatorischen und logistischen Aspekte<\/strong>, von der K\u00fcche bis zur Vorbereitung des Raumes, von der Anordnung der Tische bis zum Aufbau . Einem soliden und aufmerksamen Personal gelingt die wichtige Aufgabe, dass sich die G\u00e4ste wohlf\u00fchlen.<\/p>\n<p><strong>Begr\u00fc\u00dfung und Aufmerksamkeit<\/strong> f\u00fcr die Bed\u00fcrfnisse aller Kunden und ihrer G\u00e4ste sind unsere St\u00e4rke.<\/p>\n<\/div>\n<div class=\"ristorantesectiondx\">\t<div style=\"display: none;\" class=\"crellyslider-slider crellyslider-slider-fixed crellyslider-slider-cerimonie_eventi crellyslider-16\" id=\"crellyslider-16-69d78fd73ccdf\">\n<ul>\n<li\nstyle=\"\nbackground-color: transparent;\nbackground-image: url('https:\/\/gardenrelais.it\/wp-content\/uploads\/2024\/01\/garde-relais-cerimoine-e-eventi-4.jpg');\nbackground-position: center center;\nbackground-repeat: no-repeat;\nbackground-size: contain;\n\n\"\ndata-in=\"fadeLeft\"\ndata-ease-in=\"300\"\ndata-out=\"fadeLeft\"\ndata-ease-out=\"300\"\ndata-time=\"5000\"\n>\n<\/li>\n<li\nstyle=\"\nbackground-color: transparent;\nbackground-image: url('https:\/\/gardenrelais.it\/wp-content\/uploads\/2024\/01\/garde-relais-cerimoine-e-eventi-2.jpg');\nbackground-position: center center;\nbackground-repeat: no-repeat;\nbackground-size: contain;\n\n\"\ndata-in=\"fadeLeft\"\ndata-ease-in=\"300\"\ndata-out=\"fadeLeft\"\ndata-ease-out=\"300\"\ndata-time=\"5000\"\n>\n<\/li>\n<li\nstyle=\"\nbackground-color: transparent;\nbackground-image: url('https:\/\/gardenrelais.it\/wp-content\/uploads\/2024\/01\/garde-relais-cerimoine-e-eventi-6.jpg');\nbackground-position: center center;\nbackground-repeat: no-repeat;\nbackground-size: contain;\n\n\"\ndata-in=\"fadeLeft\"\ndata-ease-in=\"300\"\ndata-out=\"fadeLeft\"\ndata-ease-out=\"300\"\ndata-time=\"5000\"\n>\n<\/li>\n<li\nstyle=\"\nbackground-color: transparent;\nbackground-image: url('https:\/\/gardenrelais.it\/wp-content\/uploads\/2024\/01\/garde-relais-cerimoine-e-eventi-3.jpg');\nbackground-position: center center;\nbackground-repeat: no-repeat;\nbackground-size: contain;\n\n\"\ndata-in=\"fadeLeft\"\ndata-ease-in=\"300\"\ndata-out=\"fadeLeft\"\ndata-ease-out=\"300\"\ndata-time=\"5000\"\n>\n<\/li>\n<li\nstyle=\"\nbackground-color: transparent;\nbackground-image: url('https:\/\/gardenrelais.it\/wp-content\/uploads\/2024\/01\/garde-relais-cerimoine-e-eventi-7.jpg');\nbackground-position: center center;\nbackground-repeat: no-repeat;\nbackground-size: contain;\n\n\"\ndata-in=\"fadeLeft\"\ndata-ease-in=\"300\"\ndata-out=\"fadeLeft\"\ndata-ease-out=\"300\"\ndata-time=\"5000\"\n>\n<\/li>\n<li\nstyle=\"\nbackground-color: transparent;\nbackground-image: url('https:\/\/gardenrelais.it\/wp-content\/uploads\/2024\/01\/garde-relais-cerimoine-e-eventi-8.jpg');\nbackground-position: center center;\nbackground-repeat: no-repeat;\nbackground-size: contain;\n\n\"\ndata-in=\"fadeLeft\"\ndata-ease-in=\"300\"\ndata-out=\"fadeLeft\"\ndata-ease-out=\"300\"\ndata-time=\"5000\"\n>\n<\/li>\n<li\nstyle=\"\nbackground-color: transparent;\nbackground-image: url('https:\/\/gardenrelais.it\/wp-content\/uploads\/2024\/01\/garde-relais-cerimoine-e-eventi-7.jpg');\nbackground-position: center center;\nbackground-repeat: no-repeat;\nbackground-size: contain;\n\n\"\ndata-in=\"fadeLeft\"\ndata-ease-in=\"300\"\ndata-out=\"fadeLeft\"\ndata-ease-out=\"300\"\ndata-time=\"5000\"\n>\n<\/li>\n<li\nstyle=\"\nbackground-color: transparent;\nbackground-image: url('https:\/\/gardenrelais.it\/wp-content\/uploads\/2024\/01\/garde-relais-cerimoine-e-eventi-1.jpg');\nbackground-position: center center;\nbackground-repeat: no-repeat;\nbackground-size: contain;\n\n\"\ndata-in=\"fadeLeft\"\ndata-ease-in=\"300\"\ndata-out=\"fadeLeft\"\ndata-ease-out=\"300\"\ndata-time=\"5000\"\n>\n<\/li>\n<\/ul>\n<\/div>\n<script type=\"text\/javascript\">\n(function($) {\n$(document).ready(function() {\n$(\"#crellyslider-16-69d78fd73ccdf\").crellySlider({\nlayout: 'fixed',\nresponsive: 1,\nstartWidth: 900,\nstartHeight: 750,\nautomaticSlide: 0,\nshowControls: 1,\nshowNavigation: 0,\nenableSwipe: 1,\nshowProgressBar: 0,\npauseOnHover: 1,\nrandomOrder: 0,\nstartFromSlide: 0,\nbeforeStart : function() {},\nbeforeSetResponsive : function() {},\nbeforeSlideStart : function() {},\nbeforePause\t: function() {},\nbeforeResume : function() {},\n});\n});\n})(jQuery);\n<\/script>\n<\/div>\n<\/div>\n<p><\/p>","protected":false},"excerpt":{"rendered":"<p>Das Garden Relais Restaurant setzt die alte Familientradition fort und bietet unvergessliche Aufenthalte und hervorragende kulinarische Erlebnisse. Die Br\u00fcder Alessandro, Francesco und Giovanni bieten Rezepte an, die auf der Erfahrung von vier Generationen basieren und auf moderne Weise neu interpretiert werden und Tradition und Innovation verbinden. Die hausgemachte K\u00fcche folgt der Saisonalit\u00e4t frischer lokaler Produkte,&hellip;&nbsp;<a href=\"https:\/\/gardenrelais.it\/de\/ristorante\/\" class=\"\" rel=\"bookmark\">Weiterlesen &raquo;<span class=\"screen-reader-text\">Restaurant<\/span><\/a><\/p>\n","protected":false},"author":1,"featured_media":0,"parent":0,"menu_order":0,"comment_status":"closed","ping_status":"closed","template":"","meta":{"neve_meta_sidebar":"","neve_meta_container":"","neve_meta_enable_content_width":"off","neve_meta_content_width":100,"neve_meta_title_alignment":"","neve_meta_author_avatar":"","neve_post_elements_order":"","neve_meta_disable_header":"","neve_meta_disable_footer":"","neve_meta_disable_title":"on","footnotes":""},"class_list":["post-361","page","type-page","status-publish","hentry"],"publishpress_future_action":{"enabled":false,"date":"2026-04-16 13:39:03","action":"change-status","newStatus":"draft","terms":[],"taxonomy":"","extraData":[]},"publishpress_future_workflow_manual_trigger":{"enabledWorkflows":[]},"_links":{"self":[{"href":"https:\/\/gardenrelais.it\/de\/wp-json\/wp\/v2\/pages\/361","targetHints":{"allow":["GET"]}}],"collection":[{"href":"https:\/\/gardenrelais.it\/de\/wp-json\/wp\/v2\/pages"}],"about":[{"href":"https:\/\/gardenrelais.it\/de\/wp-json\/wp\/v2\/types\/page"}],"author":[{"embeddable":true,"href":"https:\/\/gardenrelais.it\/de\/wp-json\/wp\/v2\/users\/1"}],"replies":[{"embeddable":true,"href":"https:\/\/gardenrelais.it\/de\/wp-json\/wp\/v2\/comments?post=361"}],"version-history":[{"count":0,"href":"https:\/\/gardenrelais.it\/de\/wp-json\/wp\/v2\/pages\/361\/revisions"}],"wp:attachment":[{"href":"https:\/\/gardenrelais.it\/de\/wp-json\/wp\/v2\/media?parent=361"}],"curies":[{"name":"wp","href":"https:\/\/api.w.org\/{rel}","templated":true}]}}