{"id":347,"date":"2023-10-30T16:46:23","date_gmt":"2023-10-30T15:46:23","guid":{"rendered":"https:\/\/gardenrelais.it\/?page_id=347"},"modified":"2024-03-20T15:11:50","modified_gmt":"2024-03-20T14:11:50","slug":"servizio-colazione","status":"publish","type":"page","link":"https:\/\/gardenrelais.it\/de\/hotel\/servizio-colazione\/","title":{"rendered":"Fr\u00fchst\u00fccksservice"},"content":{"rendered":"<p><\/p>\n<div class=\"toppage toppagecolazione\">\n<\/div>\n<div class=\"colazione\">\n<div class=\"colazionesx\">\n<h2>Jeden Morgen werden wir wiedergeboren.<br \/>\nWas wir heute tun, ist das, was wirklich z\u00e4hlt.<\/h2>\n<p><strong>S\u00fc\u00dfe Vorschl\u00e4ge:<\/strong><br \/>\nKuchen, Brioches und Marmeladen.<br \/>\nLokaler Joghurt und verschiedene S\u00e4fte.<br \/>\nM\u00fcsli und Crunchies.<br \/>\nGetreide.<br \/>\nKaffee, Tee, Milch.<\/p>\n<p><strong>\u00d6ffnungszeiten des Fr\u00fchst\u00fccksservices:<\/strong><br \/>\n07:00 \u2013 10:00<br \/>\n<a href=\"https:\/\/gardenrelais.it\/hotel\/camere\/\">Entdecken<\/a><\/div>\n<div class=\"colazionedx\"> <div style=\"display: none;\" class=\"crellyslider-slider crellyslider-slider-fixed crellyslider-slider-colazione crellyslider-15\" id=\"crellyslider-15-69f26601bd9ee\">\n<ul>\n<li\nstyle=\"\nbackground-color: transparent;\nbackground-image: url('https:\/\/gardenrelais.it\/wp-content\/uploads\/2024\/01\/garde-relais-hotel-servizio-colazione-8.jpg');\nbackground-position: center center;\nbackground-repeat: no-repeat;\nbackground-size: contain;\n\n\"\ndata-in=\"fadeLeft\"\ndata-ease-in=\"300\"\ndata-out=\"fadeLeft\"\ndata-ease-out=\"300\"\ndata-time=\"5000\"\n>\n<\/li>\n<li\nstyle=\"\nbackground-color: transparent;\nbackground-image: url('https:\/\/gardenrelais.it\/wp-content\/uploads\/2024\/01\/garde-relais-hotel-servizio-colazione-6.jpg');\nbackground-position: center center;\nbackground-repeat: no-repeat;\nbackground-size: contain;\n\n\"\ndata-in=\"fadeLeft\"\ndata-ease-in=\"300\"\ndata-out=\"fadeLeft\"\ndata-ease-out=\"300\"\ndata-time=\"5000\"\n>\n<\/li>\n<li\nstyle=\"\nbackground-color: transparent;\nbackground-image: url('https:\/\/gardenrelais.it\/wp-content\/uploads\/2024\/01\/garde-relais-hotel-servizio-colazione-4.jpg');\nbackground-position: center center;\nbackground-repeat: no-repeat;\nbackground-size: contain;\n\n\"\ndata-in=\"fadeLeft\"\ndata-ease-in=\"300\"\ndata-out=\"fadeLeft\"\ndata-ease-out=\"300\"\ndata-time=\"5000\"\n>\n<\/li>\n<li\nstyle=\"\nbackground-color: transparent;\nbackground-image: url('https:\/\/gardenrelais.it\/wp-content\/uploads\/2024\/01\/garde-relais-hotel-servizio-colazione-9.jpg');\nbackground-position: center center;\nbackground-repeat: no-repeat;\nbackground-size: contain;\n\n\"\ndata-in=\"fadeLeft\"\ndata-ease-in=\"300\"\ndata-out=\"fadeLeft\"\ndata-ease-out=\"300\"\ndata-time=\"5000\"\n>\n<\/li>\n<li\nstyle=\"\nbackground-color: transparent;\nbackground-image: url('https:\/\/gardenrelais.it\/wp-content\/uploads\/2024\/01\/garde-relais-hotel-servizio-colazione-2.jpg');\nbackground-position: center center;\nbackground-repeat: no-repeat;\nbackground-size: contain;\n\n\"\ndata-in=\"fadeLeft\"\ndata-ease-in=\"300\"\ndata-out=\"fadeLeft\"\ndata-ease-out=\"300\"\ndata-time=\"5000\"\n>\n<\/li>\n<li\nstyle=\"\nbackground-color: transparent;\nbackground-image: url('https:\/\/gardenrelais.it\/wp-content\/uploads\/2024\/01\/garde-relais-hotel-servizio-colazione-5.jpg');\nbackground-position: center center;\nbackground-repeat: no-repeat;\nbackground-size: contain;\n\n\"\ndata-in=\"fadeLeft\"\ndata-ease-in=\"300\"\ndata-out=\"fadeLeft\"\ndata-ease-out=\"300\"\ndata-time=\"5000\"\n>\n<\/li>\n<li\nstyle=\"\nbackground-color: transparent;\nbackground-image: url('https:\/\/gardenrelais.it\/wp-content\/uploads\/2024\/01\/garden-relais-ristorante-1.jpg');\nbackground-position: center center;\nbackground-repeat: no-repeat;\nbackground-size: contain;\n\n\"\ndata-in=\"fadeLeft\"\ndata-ease-in=\"300\"\ndata-out=\"fadeLeft\"\ndata-ease-out=\"300\"\ndata-time=\"5000\"\n>\n<\/li>\n<li\nstyle=\"\nbackground-color: transparent;\nbackground-image: url('https:\/\/gardenrelais.it\/wp-content\/uploads\/2024\/01\/garde-relais-hotel-servizio-colazione-7.jpg');\nbackground-position: center center;\nbackground-repeat: no-repeat;\nbackground-size: contain;\n\n\"\ndata-in=\"fadeLeft\"\ndata-ease-in=\"300\"\ndata-out=\"fadeLeft\"\ndata-ease-out=\"300\"\ndata-time=\"5000\"\n>\n<\/li>\n<li\nstyle=\"\nbackground-color: transparent;\nbackground-image: url('https:\/\/gardenrelais.it\/wp-content\/uploads\/2024\/01\/garde-relais-hotel-servizio-colazione-12.jpg');\nbackground-position: center center;\nbackground-repeat: no-repeat;\nbackground-size: contain;\n\n\"\ndata-in=\"fadeLeft\"\ndata-ease-in=\"300\"\ndata-out=\"fadeLeft\"\ndata-ease-out=\"300\"\ndata-time=\"5000\"\n>\n<\/li>\n<li\nstyle=\"\nbackground-color: transparent;\nbackground-image: url('https:\/\/gardenrelais.it\/wp-content\/uploads\/2024\/01\/garde-relais-hotel-servizio-colazione-10.jpg');\nbackground-position: center center;\nbackground-repeat: no-repeat;\nbackground-size: contain;\n\n\"\ndata-in=\"fadeLeft\"\ndata-ease-in=\"300\"\ndata-out=\"fadeLeft\"\ndata-ease-out=\"300\"\ndata-time=\"5000\"\n>\n<\/li>\n<li\nstyle=\"\nbackground-color: transparent;\nbackground-image: url('https:\/\/gardenrelais.it\/wp-content\/uploads\/2024\/01\/garde-relais-hotel-servizio-colazione-11.jpg');\nbackground-position: center center;\nbackground-repeat: no-repeat;\nbackground-size: contain;\n\n\"\ndata-in=\"fadeLeft\"\ndata-ease-in=\"300\"\ndata-out=\"fadeLeft\"\ndata-ease-out=\"300\"\ndata-time=\"5000\"\n>\n<\/li>\n<\/ul>\n<\/div>\n<script type=\"text\/javascript\">\n(function($) {\n$(document).ready(function() {\n$(\"#crellyslider-15-69f26601bd9ee\").crellySlider({\nlayout: 'fixed',\nresponsive: 1,\nstartWidth: 900,\nstartHeight: 750,\nautomaticSlide: 0,\nshowControls: 1,\nshowNavigation: 0,\nenableSwipe: 1,\nshowProgressBar: 0,\npauseOnHover: 1,\nrandomOrder: 0,\nstartFromSlide: 0,\nbeforeStart : function() {},\nbeforeSetResponsive : function() {},\nbeforeSlideStart : function() {},\nbeforePause\t: function() {},\nbeforeResume : function() {},\n});\n});\n})(jQuery);\n<\/script>\n<\/div>\n<\/div>\n<p><\/p>","protected":false},"excerpt":{"rendered":"<p>Jeden Morgen werden wir wiedergeboren. Was wir heute tun, ist das, was wirklich z\u00e4hlt. S\u00fc\u00dfe Vorschl\u00e4ge: Kuchen, Brioches und Marmeladen. Lokaler Joghurt und verschiedene S\u00e4fte. M\u00fcsli und Crunchies. Getreide. Kaffee, Tee, Milch. \u00d6ffnungszeiten des Fr\u00fchst\u00fccksservices: 07:00 \u2013 10:00 Entdecken<\/p>\n","protected":false},"author":1,"featured_media":0,"parent":1052,"menu_order":0,"comment_status":"closed","ping_status":"closed","template":"","meta":{"neve_meta_sidebar":"","neve_meta_container":"","neve_meta_enable_content_width":"off","neve_meta_content_width":100,"neve_meta_title_alignment":"","neve_meta_author_avatar":"","neve_post_elements_order":"","neve_meta_disable_header":"","neve_meta_disable_footer":"","neve_meta_disable_title":"on","footnotes":""},"class_list":["post-347","page","type-page","status-publish","hentry"],"_links":{"self":[{"href":"https:\/\/gardenrelais.it\/de\/wp-json\/wp\/v2\/pages\/347","targetHints":{"allow":["GET"]}}],"collection":[{"href":"https:\/\/gardenrelais.it\/de\/wp-json\/wp\/v2\/pages"}],"about":[{"href":"https:\/\/gardenrelais.it\/de\/wp-json\/wp\/v2\/types\/page"}],"author":[{"embeddable":true,"href":"https:\/\/gardenrelais.it\/de\/wp-json\/wp\/v2\/users\/1"}],"replies":[{"embeddable":true,"href":"https:\/\/gardenrelais.it\/de\/wp-json\/wp\/v2\/comments?post=347"}],"version-history":[{"count":0,"href":"https:\/\/gardenrelais.it\/de\/wp-json\/wp\/v2\/pages\/347\/revisions"}],"up":[{"embeddable":true,"href":"https:\/\/gardenrelais.it\/de\/wp-json\/wp\/v2\/pages\/1052"}],"wp:attachment":[{"href":"https:\/\/gardenrelais.it\/de\/wp-json\/wp\/v2\/media?parent=347"}],"curies":[{"name":"wp","href":"https:\/\/api.w.org\/{rel}","templated":true}]}}