{"id":244,"date":"2023-09-26T17:27:17","date_gmt":"2023-09-26T15:27:17","guid":{"rendered":"https:\/\/gardenrelais.it\/?page_id=244"},"modified":"2024-03-20T11:54:28","modified_gmt":"2024-03-20T10:54:28","slug":"home","status":"publish","type":"page","link":"https:\/\/gardenrelais.it\/de\/","title":{"rendered":"Home"},"content":{"rendered":"<p><\/p>\n<div class=\"home-gr\">\n<div class=\"home-grsection home-grsx\">\n<div class=\"homesectiontext\">\n<p style=\"line-height:0px;\"><a class=\"linkimhhome\" href=\"https:\/\/gardenrelais.it\/hotel\"><img decoding=\"async\" src=\"https:\/\/gardenrelais.it\/wp-content\/uploads\/2024\/01\/Garden-Relais_Active_Hotel_Logo.png\"><\/a><\/p>\n<p class=\"homesectiondesc\">Eingebettet in die bezaubernde Landschaft des Monte-Grappa-Massivs und der Asolo-H\u00fcgel ist das Hotel Garden Relais der ideale Ort f\u00fcr Ihren Aufenthalt.<\/p>\n<p><a href=\"https:\/\/gardenrelais.it\/hotel\">Mehr lesen<\/a><a target=\"_blank\" class=\"cameralink\" href=\"https:\/\/booking.passepartout.cloud\/booking?oidPortale=14079&#038;lingua=de\" rel=\"noopener\">Ein Zimmer buchen<\/a><\/p>\n<\/div>\n<\/div>\n<div class=\"home-grsection home-grcx\">\n<div class=\"homesectiontext\">\n<p style=\"line-height:0px;\"><a class=\"linkimhhome\" href=\"https:\/\/gardenrelais.it\/hotel\/ristorante\"><img decoding=\"async\" src=\"https:\/\/gardenrelais.it\/wp-content\/uploads\/2023\/09\/Garden-Relais-Restaurant_Logo.png\"><\/a><\/p>\n<p class=\"homesectiondesc\">Das Garden Relais Restaurant f\u00fchrt die alte Familientradition fort und bietet unvergessliche Aufenthalte und hervorragende kulinarische Erlebnisse.<\/p>\n<p><a href=\"https:\/\/gardenrelais.it\/hotel\/ristorante\">Mehr lesen<\/a><a class=\"menulink\" href=\"https:\/\/gardenrelais.it\/menu-web\/\">Menu<\/a><\/p>\n<\/div>\n<\/div>\n<div class=\"home-grsection home-grdx\">\n<div class=\"homesectiontext\">\n<p style=\"line-height:0px;\"><a class=\"linkimhhome\" href=\"https:\/\/gardenrelais.it\/spa-&#038;-wellness\"><img decoding=\"async\" src=\"https:\/\/gardenrelais.it\/wp-content\/uploads\/2023\/09\/Garden-Relais-WellnessSPA_Logo.png\"><\/a><\/p>\n<p class=\"homesectiondesc\">Auf die Botschaften h\u00f6ren, die der K\u00f6rper uns sendet, um von einer neu entdeckten Energie und Vitalit\u00e4t \u00fcberrascht zu werden.<\/p>\n<p><a href=\"https:\/\/gardenrelais.it\/spa-&#038;-wellness\">Mehr lesen<\/a><a class=\"buonilink\" href=\"https:\/\/gardenrelais.it\/shop\">Geschenkgutschein<\/a><\/p>\n<\/div>\n<\/div>\n<\/div>\n<p><\/p>","protected":false},"excerpt":{"rendered":"<p>Eingebettet in die bezaubernde Landschaft des Monte-Grappa-Massivs und der Asolo-H\u00fcgel ist das Hotel Garden Relais der ideale Ort f\u00fcr Ihren Aufenthalt. Mehr lesenEin Zimmer buchen Das Garden Relais Restaurant f\u00fchrt die alte Familientradition fort und bietet unvergessliche Aufenthalte und hervorragende kulinarische Erlebnisse. Mehr lesenMenu Auf die Botschaften h\u00f6ren, die der K\u00f6rper uns sendet, um von&hellip;&nbsp;<a href=\"https:\/\/gardenrelais.it\/de\/\" class=\"\" rel=\"bookmark\">Weiterlesen &raquo;<span class=\"screen-reader-text\">Home<\/span><\/a><\/p>\n","protected":false},"author":1,"featured_media":0,"parent":0,"menu_order":0,"comment_status":"closed","ping_status":"closed","template":"","meta":{"neve_meta_sidebar":"","neve_meta_container":"full-width","neve_meta_enable_content_width":"off","neve_meta_content_width":100,"neve_meta_title_alignment":"","neve_meta_author_avatar":"","neve_post_elements_order":"","neve_meta_disable_header":"on","neve_meta_disable_footer":"","neve_meta_disable_title":"on","footnotes":""},"class_list":["post-244","page","type-page","status-publish","hentry"],"publishpress_future_action":{"enabled":false,"date":"2026-04-29 11:43:33","action":"change-status","newStatus":"draft","terms":[],"taxonomy":"","extraData":[]},"publishpress_future_workflow_manual_trigger":{"enabledWorkflows":[]},"_links":{"self":[{"href":"https:\/\/gardenrelais.it\/de\/wp-json\/wp\/v2\/pages\/244","targetHints":{"allow":["GET"]}}],"collection":[{"href":"https:\/\/gardenrelais.it\/de\/wp-json\/wp\/v2\/pages"}],"about":[{"href":"https:\/\/gardenrelais.it\/de\/wp-json\/wp\/v2\/types\/page"}],"author":[{"embeddable":true,"href":"https:\/\/gardenrelais.it\/de\/wp-json\/wp\/v2\/users\/1"}],"replies":[{"embeddable":true,"href":"https:\/\/gardenrelais.it\/de\/wp-json\/wp\/v2\/comments?post=244"}],"version-history":[{"count":0,"href":"https:\/\/gardenrelais.it\/de\/wp-json\/wp\/v2\/pages\/244\/revisions"}],"wp:attachment":[{"href":"https:\/\/gardenrelais.it\/de\/wp-json\/wp\/v2\/media?parent=244"}],"curies":[{"name":"wp","href":"https:\/\/api.w.org\/{rel}","templated":true}]}}