{"id":16364,"date":"2024-04-29T11:05:29","date_gmt":"2024-04-29T09:05:29","guid":{"rendered":"https:\/\/gardenrelais.it\/?page_id=16364"},"modified":"2025-02-25T12:14:36","modified_gmt":"2025-02-25T11:14:36","slug":"lavora-con-noi","status":"publish","type":"page","link":"https:\/\/gardenrelais.it\/de\/lavora-con-noi\/","title":{"rendered":"Arbeite mit uns"},"content":{"rendered":"<p><\/p>\n<div class=\"toppage toppageshop\"><\/div>\n<div class=\"chisiamo\">\n<p class=\"subti\">Garden Relais<\/p>\n<h1>Arbeite mit uns<\/h1>\n<p>Das Garden Relais in Borso del Grappa, eine Struktur, die sich durch die Herzlichkeit und Professionalit\u00e4t eines Familienunternehmens auszeichnet, ist stets auf der Suche nach verschiedenen professionellen Pers\u00f6nlichkeiten, die es in einem guten Arbeitsklima in sein Personal aufnehmen kann, um die bis heute geleistete hervorragende Arbeit fortzusetzen. Die von uns gesuchte Person muss dynamisch und kompetent sein und unser Team erg\u00e4nzen. Wichtig ist, dass er \u00fcber Dialogbereitschaft und Kommunikationsf\u00e4higkeit verf\u00fcgt: Die Beziehung zum Gast liegt uns besonders am Herzen, denn er w\u00fcnscht sich einen Service, der auf Kompetenz und Professionalit\u00e4t, aber auch auf Freundlichkeit und K\u00f6nnen basiert. Unsere G\u00e4ste sind unter der Woche Sportler und Gesch\u00e4ftsleute. Letztendlich bieten wir einen anregenden Arbeitsplatz, der die berufliche Entwicklung und das Wachstum unterst\u00fctzt. Wenn Sie neugierig sind, uns kennenzulernen, bewerben Sie sich spontan, wir sind st\u00e4ndig auf der Suche nach Talenten.<\/p>\n<p><strong>Mission:<\/strong> Qualit\u00e4t, Professionalit\u00e4t und Vertrautheit, um unseren G\u00e4sten ein einzigartiges Erlebnis zu bieten.<\/p>\n<p><strong>Gesuchte Positionen:<\/strong> K\u00fcche, Bar, Saal, Hotel, Spa<\/p>\n<p><strong>Vorteile:<\/strong> 5 Arbeitstage, Unterkunft<\/p>\n<\/div>\n<div class=\"formlavora\">\n<h6>Senden Sie Ihre Bewerbung<\/h6>\n\n<div class=\"wpcf7 no-js\" id=\"wpcf7-f16366-o3\" lang=\"it-IT\" dir=\"ltr\" data-wpcf7-id=\"16366\">\n<div class=\"screen-reader-response\"><p role=\"status\" aria-live=\"polite\" aria-atomic=\"true\"><\/p> <ul><\/ul><\/div>\n<form action=\"\/de\/wp-json\/wp\/v2\/pages\/16364#wpcf7-f16366-o3\" method=\"post\" class=\"wpcf7-form init\" aria-label=\"Modulo di contatto\" enctype=\"multipart\/form-data\" novalidate=\"novalidate\" data-status=\"init\">\n<div style=\"display: none;\">\n<input type=\"hidden\" name=\"_wpcf7\" value=\"16366\" \/>\n<input type=\"hidden\" name=\"_wpcf7_version\" value=\"6.0.1\" \/>\n<input type=\"hidden\" name=\"_wpcf7_locale\" value=\"it_IT\" \/>\n<input type=\"hidden\" name=\"_wpcf7_unit_tag\" value=\"wpcf7-f16366-o3\" \/>\n<input type=\"hidden\" name=\"_wpcf7_container_post\" value=\"0\" \/>\n<input type=\"hidden\" name=\"_wpcf7_posted_data_hash\" value=\"\" \/>\n<input type=\"hidden\" name=\"_wpcf7_recaptcha_response\" value=\"\" \/>\n<\/div>\n<p><label><strong>Vorname<\/strong><span class=\"wpcf7-form-control-wrap\" data-name=\"your-name\"><input size=\"40\" maxlength=\"400\" class=\"wpcf7-form-control wpcf7-text wpcf7-validates-as-required\" autocomplete=\"name\" aria-required=\"true\" aria-invalid=\"false\" placeholder=\"Vorname\" value=\"\" type=\"text\" name=\"your-name\" \/><\/span> <\/label><label><strong>Nachname<\/strong><span class=\"wpcf7-form-control-wrap\" data-name=\"your-cognome\"><input size=\"40\" maxlength=\"400\" class=\"wpcf7-form-control wpcf7-text wpcf7-validates-as-required\" autocomplete=\"name\" aria-required=\"true\" aria-invalid=\"false\" placeholder=\"Nachname\" value=\"\" type=\"text\" name=\"your-cognome\" \/><\/span> <\/label><label><strong>Telefon<\/strong><span class=\"wpcf7-form-control-wrap\" data-name=\"your-telefono\"><input size=\"40\" maxlength=\"400\" class=\"wpcf7-form-control wpcf7-tel wpcf7-validates-as-required wpcf7-text wpcf7-validates-as-tel\" autocomplete=\"name\" aria-required=\"true\" aria-invalid=\"false\" placeholder=\"Telefon\" value=\"\" type=\"tel\" name=\"your-telefono\" \/><\/span> <\/label><label><strong>Email<\/strong><span class=\"wpcf7-form-control-wrap\" data-name=\"your-email\"><input size=\"40\" maxlength=\"400\" class=\"wpcf7-form-control wpcf7-email wpcf7-validates-as-required wpcf7-text wpcf7-validates-as-email\" autocomplete=\"email\" aria-required=\"true\" aria-invalid=\"false\" placeholder=\"Email\" value=\"\" type=\"email\" name=\"your-email\" \/><\/span> <\/label>\n<\/p>\n<p><label class=\"lb2\"><strong>Aufgabe<\/strong><span class=\"wpcf7-form-control-wrap\" data-name=\"mansione\"><span class=\"wpcf7-form-control wpcf7-checkbox\"><span class=\"wpcf7-list-item first\"><label><input type=\"checkbox\" name=\"mansione[]\" value=\"K\u00fcche\" \/><span class=\"wpcf7-list-item-label\">K\u00fcche<\/span><\/label><\/span><span class=\"wpcf7-list-item\"><label><input type=\"checkbox\" name=\"mansione[]\" value=\"Bar\" \/><span class=\"wpcf7-list-item-label\">Bar<\/span><\/label><\/span><span class=\"wpcf7-list-item\"><label><input type=\"checkbox\" name=\"mansione[]\" value=\"Saal\" \/><span class=\"wpcf7-list-item-label\">Saal<\/span><\/label><\/span><span class=\"wpcf7-list-item\"><label><input type=\"checkbox\" name=\"mansione[]\" value=\"Hotel\" \/><span class=\"wpcf7-list-item-label\">Hotel<\/span><\/label><\/span><span class=\"wpcf7-list-item last\"><label><input type=\"checkbox\" name=\"mansione[]\" value=\"Spa\" \/><span class=\"wpcf7-list-item-label\">Spa<\/span><\/label><\/span><\/span><\/span><\/label><br \/>\n<label class=\"lb2\"><strong>Curriculum<\/strong><span class=\"wpcf7-form-control-wrap\" data-name=\"curriculum\"><input size=\"40\" class=\"wpcf7-form-control wpcf7-file\" accept=\".doc,.pdf\" aria-invalid=\"false\" type=\"file\" name=\"curriculum\" \/><\/span><\/label>\n<\/p>\n<p><label class=\"lb2\"><strong>Nachricht<\/strong><span class=\"wpcf7-form-control-wrap\" data-name=\"your-message\"><textarea cols=\"40\" rows=\"10\" maxlength=\"2000\" class=\"wpcf7-form-control wpcf7-textarea\" aria-invalid=\"false\" name=\"your-message\"><\/textarea><\/span> <\/label>\n<\/p>\n<p><input class=\"wpcf7-form-control wpcf7-submit has-spinner\" type=\"submit\" value=\"Senden\" \/>\n<\/p>\n<p id=\"privacy-accept\" style=\"justify-content:center;\"><span class=\"wpcf7-form-control-wrap\" data-name=\"acceptance-107\"><span class=\"wpcf7-form-control wpcf7-acceptance\"><span class=\"wpcf7-list-item\"><input type=\"checkbox\" name=\"acceptance-107\" value=\"1\" aria-invalid=\"false\" \/><\/span><\/span><\/span>&nbsp; Ich habe gelesen und akzeptiere <a href=\"https:\/\/gardenrelais.it\/privacy-policy\/\">Datenschutz-Bestimmungen<\/a>\n<\/p><div class=\"wpcf7-response-output\" aria-hidden=\"true\"><\/div>\n<\/form>\n<\/div>\n\n<\/div>\n<p><\/p>","protected":false},"excerpt":{"rendered":"<p>Garden Relais Arbeite mit uns Das Garden Relais in Borso del Grappa, eine Struktur, die sich durch die Herzlichkeit und Professionalit\u00e4t eines Familienunternehmens auszeichnet, ist stets auf der Suche nach verschiedenen professionellen Pers\u00f6nlichkeiten, die es in einem guten Arbeitsklima in sein Personal aufnehmen kann, um die bis heute geleistete hervorragende Arbeit fortzusetzen. Die von uns&hellip;&nbsp;<a href=\"https:\/\/gardenrelais.it\/de\/lavora-con-noi\/\" class=\"\" rel=\"bookmark\">Weiterlesen &raquo;<span class=\"screen-reader-text\">Arbeite mit uns<\/span><\/a><\/p>\n","protected":false},"author":1,"featured_media":0,"parent":0,"menu_order":0,"comment_status":"closed","ping_status":"closed","template":"","meta":{"neve_meta_sidebar":"full-width","neve_meta_container":"full-width","neve_meta_enable_content_width":"off","neve_meta_content_width":100,"neve_meta_title_alignment":"","neve_meta_author_avatar":"","neve_post_elements_order":"","neve_meta_disable_header":"","neve_meta_disable_footer":"","neve_meta_disable_title":"on","footnotes":""},"class_list":["post-16364","page","type-page","status-publish","hentry"],"publishpress_future_action":{"enabled":false,"date":"2026-04-14 01:08:59","action":"change-status","newStatus":"draft","terms":[],"taxonomy":"","extraData":[]},"publishpress_future_workflow_manual_trigger":{"enabledWorkflows":[]},"_links":{"self":[{"href":"https:\/\/gardenrelais.it\/de\/wp-json\/wp\/v2\/pages\/16364","targetHints":{"allow":["GET"]}}],"collection":[{"href":"https:\/\/gardenrelais.it\/de\/wp-json\/wp\/v2\/pages"}],"about":[{"href":"https:\/\/gardenrelais.it\/de\/wp-json\/wp\/v2\/types\/page"}],"author":[{"embeddable":true,"href":"https:\/\/gardenrelais.it\/de\/wp-json\/wp\/v2\/users\/1"}],"replies":[{"embeddable":true,"href":"https:\/\/gardenrelais.it\/de\/wp-json\/wp\/v2\/comments?post=16364"}],"version-history":[{"count":2,"href":"https:\/\/gardenrelais.it\/de\/wp-json\/wp\/v2\/pages\/16364\/revisions"}],"predecessor-version":[{"id":17744,"href":"https:\/\/gardenrelais.it\/de\/wp-json\/wp\/v2\/pages\/16364\/revisions\/17744"}],"wp:attachment":[{"href":"https:\/\/gardenrelais.it\/de\/wp-json\/wp\/v2\/media?parent=16364"}],"curies":[{"name":"wp","href":"https:\/\/api.w.org\/{rel}","templated":true}]}}